{"id":7123,"date":"2026-01-27T19:27:11","date_gmt":"2026-01-27T18:27:11","guid":{"rendered":"https:\/\/herzog-ludwig-rs.de\/web\/?page_id=7123"},"modified":"2026-01-27T19:35:11","modified_gmt":"2026-01-27T18:35:11","slug":"fotostrecke-60-jahre-hlrs","status":"publish","type":"page","link":"https:\/\/herzog-ludwig-rs.de\/web\/fotostrecke-60-jahre-hlrs\/","title":{"rendered":"FOTOSTRECKE-60-Jahre-HLRS"},"content":{"rendered":"<div data-colibri-id=\"7123-c1\" class=\"style-1520 style-local-7123-c1 position-relative\">\n  <!---->\n  <div data-colibri-component=\"section\" data-colibri-id=\"7123-c2\" id=\"photo-gallery\" class=\"h-section h-section-global-spacing d-flex align-items-lg-center align-items-md-center align-items-center style-1521 style-local-7123-c2 position-relative\">\n    <!---->\n    <!---->\n    <div class=\"h-section-grid-container h-section-boxed-container\">\n      <div data-colibri-id=\"7123-c6\" class=\"h-row-container gutters-row-lg-2 gutters-row-md-2 gutters-row-2 gutters-row-v-lg-2 gutters-row-v-md-2 gutters-row-v-2 style-1525 style-local-7123-c6 position-relative\">\n        <!---->\n        <div class=\"h-row justify-content-lg-center justify-content-md-center justify-content-center align-items-lg-stretch align-items-md-stretch align-items-stretch gutters-col-lg-2 gutters-col-md-2 gutters-col-2 gutters-col-v-lg-2 gutters-col-v-md-2 gutters-col-v-2\">\n          <!---->\n          <div class=\"h-column h-column-container d-flex h-col-lg-auto h-col-md-auto h-col-auto style-1526-outer style-local-7123-c7-outer\">\n            <div data-colibri-id=\"7123-c7\" class=\"d-flex h-flex-basis h-column__inner h-px-lg-2 h-px-md-2 h-px-2 v-inner-lg-2 v-inner-md-2 v-inner-2 style-1526 style-local-7123-c7 position-relative\">\n              <!---->\n              <!---->\n              <div class=\"w-100 h-y-container h-column__content h-column__v-align flex-basis-100 align-self-lg-start align-self-md-start align-self-start\">\n                <!---->\n                <div data-colibri-id=\"7123-c8\" class=\"h-global-transition-all h-heading style-1527 style-local-7123-c8 position-relative h-element\">\n                  <!---->\n                  <div class=\"h-heading__outer style-1527 style-local-7123-c8\">\n                    <!---->\n                    <!---->\n                    <h2 class=\"\">Am 18.12.2025 feierte die Herzog-Ludwig-Realschule im Rahmen des Weihnachtskonzerts ein kleines Jubil\u00e4um: 60 Jahre HLRS<\/h2>\n                  <\/div>\n                <\/div>\n                <div data-colibri-id=\"7123-c9\" class=\"h-lead h-text h-text-component style-1528 style-local-7123-c9 position-relative h-element\">\n                  <!---->\n                  <!---->\n                  <div class=\"\">\n                    <p>Neben zahlreichen Ehreng\u00e4sten, darunter die ehemaligen Schulleiter Martin Estermeier und Manfred Brodschelm, Landrat Erwin Schneider und B\u00fcrgermeister Stefan Antwerpen, geh\u00f6rte die B\u00fchne den Sch\u00fclerinnen und Sch\u00fclern von Band, Orchester,\n                      Chor und dem Profilkurs Musik. Unterst\u00fctzt wurden sie von zahlreichen Ehemaligen, dem Lehrerchor und der Lehrerband. Ein gro\u00dfes Kompliment an alle, die auf der B\u00fchne f\u00fcr einen gelungenen Abend gesorgt haben und dieses kleine Jubil\u00e4um\n                      zu einem gro\u00dfartigen Ereignis gemacht haben.<\/p>\n                  <\/div>\n                <\/div>\n              <\/div>\n            <\/div>\n          <\/div>\n        <\/div>\n      <\/div>\n      <div data-colibri-id=\"7123-c3\" class=\"h-row-container gutters-row-lg-1 gutters-row-md-1 gutters-row-2 gutters-row-v-lg-1 gutters-row-v-md-1 gutters-row-v-2 style-1522 style-local-7123-c3 position-relative\">\n        <!---->\n        <div class=\"h-row justify-content-lg-center justify-content-md-center justify-content-center align-items-lg-stretch align-items-md-stretch align-items-stretch gutters-col-lg-1 gutters-col-md-1 gutters-col-2 gutters-col-v-lg-1 gutters-col-v-md-1 gutters-col-v-2\">\n          <!---->\n          <div class=\"h-column h-column-container d-flex h-col-lg-auto h-col-md-auto h-col-auto style-1523-outer style-local-7123-c4-outer\">\n            <div data-colibri-id=\"7123-c4\" class=\"d-flex h-flex-basis h-column__inner h-px-lg-1 h-px-md-1 h-px-2 v-inner-lg-1 v-inner-md-1 v-inner-2 style-1523 style-local-7123-c4 position-relative\">\n              <!---->\n              <!---->\n              <div class=\"w-100 h-y-container h-column__content h-column__v-align flex-basis-100 align-self-lg-start align-self-md-start align-self-start\">\n                <!---->\n                <div data-colibri-component=\"\" data-colibri-id=\"7123-c5\" class=\"h-photo-gallery margin-none caption-none style-1524 style-local-7123-c5 h-overflow-hidden position-relative h-element\">\n                  <!---->\n                  <div class=\"h-global-transition-all\"><div id='colibri-7123-c5' class='gallery-wrapper'>    <style type=\"text\/css\">\n\n        @media (min-width: 1023px) {        #colibri-7123-c5        dl {\n            float: left;\n            width: 25% !important;\n            max-width: 25% !important;\n            min-width: 25% !important;\n        }\n\n        #colibri-7123-c5        dl:nth-of-type(4n +1 ) {\n            clear: both;\n        }\n\n        }@media (min-width: 768px) and (max-width: 1023px) {        #colibri-7123-c5        dl {\n            float: left;\n            width: 25% !important;\n            max-width: 25% !important;\n            min-width: 25% !important;\n        }\n\n        #colibri-7123-c5        dl:nth-of-type(4n +1 ) {\n            clear: both;\n        }\n\n        }@media (max-width: 767px) {        #colibri-7123-c5        dl {\n            float: left;\n            width: 50% !important;\n            max-width: 50% !important;\n            min-width: 50% !important;\n        }\n\n        #colibri-7123-c5        dl:nth-of-type(2n +1 ) {\n            clear: both;\n        }\n\n        }\n        #colibri-7123-c5        .gallery-item {\n            position: relative;\n        }\n\n        \n    <\/style>\n    <div   class='colibri-7123-c5-dls-wrapper gallery-items-wrapper' ><dl class='gallery-item masonry-item'>\n\t\t\t<dt class='gallery-icon landscape'>\n\t\t\t\t<a data-fancybox=\"colibri-7123-c5-group\" href='https:\/\/herzog-ludwig-rs.de\/web\/wp-content\/uploads\/2026\/01\/74A8278-1-scaled.jpg'><img loading=\"lazy\" decoding=\"async\"  width=\"300\" height=\"200\" src=\"https:\/\/herzog-ludwig-rs.de\/web\/wp-content\/uploads\/2026\/01\/74A8278-1-300x200.jpg\"  class='colibri-7123-c5-image' alt=\"\" srcset=\"https:\/\/herzog-ludwig-rs.de\/web\/wp-content\/uploads\/2026\/01\/74A8278-1-300x200.jpg 300w, https:\/\/herzog-ludwig-rs.de\/web\/wp-content\/uploads\/2026\/01\/74A8278-1-1024x683.jpg 1024w, https:\/\/herzog-ludwig-rs.de\/web\/wp-content\/uploads\/2026\/01\/74A8278-1-768x512.jpg 768w, https:\/\/herzog-ludwig-rs.de\/web\/wp-content\/uploads\/2026\/01\/74A8278-1-1536x1024.jpg 1536w, https:\/\/herzog-ludwig-rs.de\/web\/wp-content\/uploads\/2026\/01\/74A8278-1-2048x1365.jpg 2048w\" sizes=\"(max-width: 300px) 100vw, 300px\" \/><\/a>\n\t\t\t<\/dt><\/dl><dl class='gallery-item masonry-item'>\n\t\t\t<dt class='gallery-icon landscape'>\n\t\t\t\t<a data-fancybox=\"colibri-7123-c5-group\" href='https:\/\/herzog-ludwig-rs.de\/web\/wp-content\/uploads\/2026\/01\/Brodschelm-Burger-Landrat-Schneider-Estermaier-und-Antwerpen-volle-Prominenz-beim-Weihacnhtskonzert-der-Realschule-am-18.12.2025-Foto-koex-scaled.jpg'><img loading=\"lazy\" decoding=\"async\"  width=\"300\" height=\"200\" src=\"https:\/\/herzog-ludwig-rs.de\/web\/wp-content\/uploads\/2026\/01\/Brodschelm-Burger-Landrat-Schneider-Estermaier-und-Antwerpen-volle-Prominenz-beim-Weihacnhtskonzert-der-Realschule-am-18.12.2025-Foto-koex-300x200.jpg\"  class='colibri-7123-c5-image' alt=\"\" srcset=\"https:\/\/herzog-ludwig-rs.de\/web\/wp-content\/uploads\/2026\/01\/Brodschelm-Burger-Landrat-Schneider-Estermaier-und-Antwerpen-volle-Prominenz-beim-Weihacnhtskonzert-der-Realschule-am-18.12.2025-Foto-koex-300x200.jpg 300w, https:\/\/herzog-ludwig-rs.de\/web\/wp-content\/uploads\/2026\/01\/Brodschelm-Burger-Landrat-Schneider-Estermaier-und-Antwerpen-volle-Prominenz-beim-Weihacnhtskonzert-der-Realschule-am-18.12.2025-Foto-koex-1024x683.jpg 1024w, https:\/\/herzog-ludwig-rs.de\/web\/wp-content\/uploads\/2026\/01\/Brodschelm-Burger-Landrat-Schneider-Estermaier-und-Antwerpen-volle-Prominenz-beim-Weihacnhtskonzert-der-Realschule-am-18.12.2025-Foto-koex-768x512.jpg 768w, https:\/\/herzog-ludwig-rs.de\/web\/wp-content\/uploads\/2026\/01\/Brodschelm-Burger-Landrat-Schneider-Estermaier-und-Antwerpen-volle-Prominenz-beim-Weihacnhtskonzert-der-Realschule-am-18.12.2025-Foto-koex-1536x1024.jpg 1536w, https:\/\/herzog-ludwig-rs.de\/web\/wp-content\/uploads\/2026\/01\/Brodschelm-Burger-Landrat-Schneider-Estermaier-und-Antwerpen-volle-Prominenz-beim-Weihacnhtskonzert-der-Realschule-am-18.12.2025-Foto-koex-2048x1365.jpg 2048w\" sizes=\"(max-width: 300px) 100vw, 300px\" \/><\/a>\n\t\t\t<\/dt><\/dl><dl class='gallery-item masonry-item'>\n\t\t\t<dt class='gallery-icon landscape'>\n\t\t\t\t<a data-fancybox=\"colibri-7123-c5-group\" href='https:\/\/herzog-ludwig-rs.de\/web\/wp-content\/uploads\/2026\/01\/der-chor-der-realschule-unter-der-leitung-von-Elisabeth-Schulz-Foto-koex-scaled.jpg'><img loading=\"lazy\" decoding=\"async\"  width=\"300\" height=\"200\" src=\"https:\/\/herzog-ludwig-rs.de\/web\/wp-content\/uploads\/2026\/01\/der-chor-der-realschule-unter-der-leitung-von-Elisabeth-Schulz-Foto-koex-300x200.jpg\"  class='colibri-7123-c5-image' alt=\"\" srcset=\"https:\/\/herzog-ludwig-rs.de\/web\/wp-content\/uploads\/2026\/01\/der-chor-der-realschule-unter-der-leitung-von-Elisabeth-Schulz-Foto-koex-300x200.jpg 300w, https:\/\/herzog-ludwig-rs.de\/web\/wp-content\/uploads\/2026\/01\/der-chor-der-realschule-unter-der-leitung-von-Elisabeth-Schulz-Foto-koex-1024x683.jpg 1024w, https:\/\/herzog-ludwig-rs.de\/web\/wp-content\/uploads\/2026\/01\/der-chor-der-realschule-unter-der-leitung-von-Elisabeth-Schulz-Foto-koex-768x512.jpg 768w, https:\/\/herzog-ludwig-rs.de\/web\/wp-content\/uploads\/2026\/01\/der-chor-der-realschule-unter-der-leitung-von-Elisabeth-Schulz-Foto-koex-1536x1024.jpg 1536w, https:\/\/herzog-ludwig-rs.de\/web\/wp-content\/uploads\/2026\/01\/der-chor-der-realschule-unter-der-leitung-von-Elisabeth-Schulz-Foto-koex-2048x1365.jpg 2048w\" sizes=\"(max-width: 300px) 100vw, 300px\" \/><\/a>\n\t\t\t<\/dt><\/dl><dl class='gallery-item masonry-item'>\n\t\t\t<dt class='gallery-icon landscape'>\n\t\t\t\t<a data-fancybox=\"colibri-7123-c5-group\" href='https:\/\/herzog-ludwig-rs.de\/web\/wp-content\/uploads\/2026\/01\/Die-Lehrerband-mit-Saenger-Josef-Thalmeier-und-im-Hintergrund-Musiklehrerin-Katharina-Kaiser-re.-und-Schulleiter-Burger-am-Bass-li-scaled.jpg'><img loading=\"lazy\" decoding=\"async\"  width=\"300\" height=\"200\" src=\"https:\/\/herzog-ludwig-rs.de\/web\/wp-content\/uploads\/2026\/01\/Die-Lehrerband-mit-Saenger-Josef-Thalmeier-und-im-Hintergrund-Musiklehrerin-Katharina-Kaiser-re.-und-Schulleiter-Burger-am-Bass-li-300x200.jpg\"  class='colibri-7123-c5-image' alt=\"\" srcset=\"https:\/\/herzog-ludwig-rs.de\/web\/wp-content\/uploads\/2026\/01\/Die-Lehrerband-mit-Saenger-Josef-Thalmeier-und-im-Hintergrund-Musiklehrerin-Katharina-Kaiser-re.-und-Schulleiter-Burger-am-Bass-li-300x200.jpg 300w, https:\/\/herzog-ludwig-rs.de\/web\/wp-content\/uploads\/2026\/01\/Die-Lehrerband-mit-Saenger-Josef-Thalmeier-und-im-Hintergrund-Musiklehrerin-Katharina-Kaiser-re.-und-Schulleiter-Burger-am-Bass-li-1024x683.jpg 1024w, https:\/\/herzog-ludwig-rs.de\/web\/wp-content\/uploads\/2026\/01\/Die-Lehrerband-mit-Saenger-Josef-Thalmeier-und-im-Hintergrund-Musiklehrerin-Katharina-Kaiser-re.-und-Schulleiter-Burger-am-Bass-li-768x512.jpg 768w, https:\/\/herzog-ludwig-rs.de\/web\/wp-content\/uploads\/2026\/01\/Die-Lehrerband-mit-Saenger-Josef-Thalmeier-und-im-Hintergrund-Musiklehrerin-Katharina-Kaiser-re.-und-Schulleiter-Burger-am-Bass-li-1536x1024.jpg 1536w, https:\/\/herzog-ludwig-rs.de\/web\/wp-content\/uploads\/2026\/01\/Die-Lehrerband-mit-Saenger-Josef-Thalmeier-und-im-Hintergrund-Musiklehrerin-Katharina-Kaiser-re.-und-Schulleiter-Burger-am-Bass-li-2048x1365.jpg 2048w\" sizes=\"(max-width: 300px) 100vw, 300px\" \/><\/a>\n\t\t\t<\/dt><\/dl><dl class='gallery-item masonry-item'>\n\t\t\t<dt class='gallery-icon landscape'>\n\t\t\t\t<a data-fancybox=\"colibri-7123-c5-group\" href='https:\/\/herzog-ludwig-rs.de\/web\/wp-content\/uploads\/2026\/01\/Lisa-Marie-Vorderhuber-Felix-Mueller-Jonas-Rieder-und-Simon-Deser-ueberzeugten-durch-ihre-Buehnenpraesenz-und-ihren-Gesang.-Foto-koex-scaled.jpg'><img loading=\"lazy\" decoding=\"async\"  width=\"300\" height=\"267\" src=\"https:\/\/herzog-ludwig-rs.de\/web\/wp-content\/uploads\/2026\/01\/Lisa-Marie-Vorderhuber-Felix-Mueller-Jonas-Rieder-und-Simon-Deser-ueberzeugten-durch-ihre-Buehnenpraesenz-und-ihren-Gesang.-Foto-koex-300x267.jpg\"  class='colibri-7123-c5-image' alt=\"\" srcset=\"https:\/\/herzog-ludwig-rs.de\/web\/wp-content\/uploads\/2026\/01\/Lisa-Marie-Vorderhuber-Felix-Mueller-Jonas-Rieder-und-Simon-Deser-ueberzeugten-durch-ihre-Buehnenpraesenz-und-ihren-Gesang.-Foto-koex-300x267.jpg 300w, https:\/\/herzog-ludwig-rs.de\/web\/wp-content\/uploads\/2026\/01\/Lisa-Marie-Vorderhuber-Felix-Mueller-Jonas-Rieder-und-Simon-Deser-ueberzeugten-durch-ihre-Buehnenpraesenz-und-ihren-Gesang.-Foto-koex-1024x913.jpg 1024w, https:\/\/herzog-ludwig-rs.de\/web\/wp-content\/uploads\/2026\/01\/Lisa-Marie-Vorderhuber-Felix-Mueller-Jonas-Rieder-und-Simon-Deser-ueberzeugten-durch-ihre-Buehnenpraesenz-und-ihren-Gesang.-Foto-koex-768x684.jpg 768w, https:\/\/herzog-ludwig-rs.de\/web\/wp-content\/uploads\/2026\/01\/Lisa-Marie-Vorderhuber-Felix-Mueller-Jonas-Rieder-und-Simon-Deser-ueberzeugten-durch-ihre-Buehnenpraesenz-und-ihren-Gesang.-Foto-koex-1536x1369.jpg 1536w, https:\/\/herzog-ludwig-rs.de\/web\/wp-content\/uploads\/2026\/01\/Lisa-Marie-Vorderhuber-Felix-Mueller-Jonas-Rieder-und-Simon-Deser-ueberzeugten-durch-ihre-Buehnenpraesenz-und-ihren-Gesang.-Foto-koex-2048x1825.jpg 2048w\" sizes=\"(max-width: 300px) 100vw, 300px\" \/><\/a>\n\t\t\t<\/dt><\/dl><dl class='gallery-item masonry-item'>\n\t\t\t<dt class='gallery-icon landscape'>\n\t\t\t\t<a data-fancybox=\"colibri-7123-c5-group\" href='https:\/\/herzog-ludwig-rs.de\/web\/wp-content\/uploads\/2026\/01\/OEF_0476-scaled.jpg'><img loading=\"lazy\" decoding=\"async\"  width=\"300\" height=\"200\" src=\"https:\/\/herzog-ludwig-rs.de\/web\/wp-content\/uploads\/2026\/01\/OEF_0476-300x200.jpg\"  class='colibri-7123-c5-image' alt=\"\" srcset=\"https:\/\/herzog-ludwig-rs.de\/web\/wp-content\/uploads\/2026\/01\/OEF_0476-300x200.jpg 300w, https:\/\/herzog-ludwig-rs.de\/web\/wp-content\/uploads\/2026\/01\/OEF_0476-1024x683.jpg 1024w, https:\/\/herzog-ludwig-rs.de\/web\/wp-content\/uploads\/2026\/01\/OEF_0476-768x512.jpg 768w, https:\/\/herzog-ludwig-rs.de\/web\/wp-content\/uploads\/2026\/01\/OEF_0476-1536x1024.jpg 1536w, https:\/\/herzog-ludwig-rs.de\/web\/wp-content\/uploads\/2026\/01\/OEF_0476-2048x1365.jpg 2048w\" sizes=\"(max-width: 300px) 100vw, 300px\" \/><\/a>\n\t\t\t<\/dt><\/dl><dl class='gallery-item masonry-item'>\n\t\t\t<dt class='gallery-icon landscape'>\n\t\t\t\t<a data-fancybox=\"colibri-7123-c5-group\" href='https:\/\/herzog-ludwig-rs.de\/web\/wp-content\/uploads\/2026\/01\/74A8299-1-scaled.jpg'><img loading=\"lazy\" decoding=\"async\"  width=\"300\" height=\"200\" src=\"https:\/\/herzog-ludwig-rs.de\/web\/wp-content\/uploads\/2026\/01\/74A8299-1-300x200.jpg\"  class='colibri-7123-c5-image' alt=\"\" srcset=\"https:\/\/herzog-ludwig-rs.de\/web\/wp-content\/uploads\/2026\/01\/74A8299-1-300x200.jpg 300w, https:\/\/herzog-ludwig-rs.de\/web\/wp-content\/uploads\/2026\/01\/74A8299-1-1024x683.jpg 1024w, https:\/\/herzog-ludwig-rs.de\/web\/wp-content\/uploads\/2026\/01\/74A8299-1-768x512.jpg 768w, https:\/\/herzog-ludwig-rs.de\/web\/wp-content\/uploads\/2026\/01\/74A8299-1-1536x1024.jpg 1536w, https:\/\/herzog-ludwig-rs.de\/web\/wp-content\/uploads\/2026\/01\/74A8299-1-2048x1366.jpg 2048w\" sizes=\"(max-width: 300px) 100vw, 300px\" \/><\/a>\n\t\t\t<\/dt><\/dl><dl class='gallery-item masonry-item'>\n\t\t\t<dt class='gallery-icon landscape'>\n\t\t\t\t<a data-fancybox=\"colibri-7123-c5-group\" href='https:\/\/herzog-ludwig-rs.de\/web\/wp-content\/uploads\/2026\/01\/OEF_0476-1-scaled.jpg'><img loading=\"lazy\" decoding=\"async\"  width=\"300\" height=\"200\" src=\"https:\/\/herzog-ludwig-rs.de\/web\/wp-content\/uploads\/2026\/01\/OEF_0476-1-300x200.jpg\"  class='colibri-7123-c5-image' alt=\"\" srcset=\"https:\/\/herzog-ludwig-rs.de\/web\/wp-content\/uploads\/2026\/01\/OEF_0476-1-300x200.jpg 300w, https:\/\/herzog-ludwig-rs.de\/web\/wp-content\/uploads\/2026\/01\/OEF_0476-1-1024x683.jpg 1024w, https:\/\/herzog-ludwig-rs.de\/web\/wp-content\/uploads\/2026\/01\/OEF_0476-1-768x512.jpg 768w, https:\/\/herzog-ludwig-rs.de\/web\/wp-content\/uploads\/2026\/01\/OEF_0476-1-1536x1024.jpg 1536w, https:\/\/herzog-ludwig-rs.de\/web\/wp-content\/uploads\/2026\/01\/OEF_0476-1-2048x1365.jpg 2048w\" sizes=\"(max-width: 300px) 100vw, 300px\" \/><\/a>\n\t\t\t<\/dt><\/dl><dl class='gallery-item masonry-item'>\n\t\t\t<dt class='gallery-icon landscape'>\n\t\t\t\t<a data-fancybox=\"colibri-7123-c5-group\" href='https:\/\/herzog-ludwig-rs.de\/web\/wp-content\/uploads\/2026\/01\/74A8265-1-scaled.jpg'><img loading=\"lazy\" decoding=\"async\"  width=\"300\" height=\"169\" src=\"https:\/\/herzog-ludwig-rs.de\/web\/wp-content\/uploads\/2026\/01\/74A8265-1-300x169.jpg\"  class='colibri-7123-c5-image' alt=\"\" srcset=\"https:\/\/herzog-ludwig-rs.de\/web\/wp-content\/uploads\/2026\/01\/74A8265-1-300x169.jpg 300w, https:\/\/herzog-ludwig-rs.de\/web\/wp-content\/uploads\/2026\/01\/74A8265-1-1024x576.jpg 1024w, https:\/\/herzog-ludwig-rs.de\/web\/wp-content\/uploads\/2026\/01\/74A8265-1-768x432.jpg 768w, https:\/\/herzog-ludwig-rs.de\/web\/wp-content\/uploads\/2026\/01\/74A8265-1-1536x864.jpg 1536w, https:\/\/herzog-ludwig-rs.de\/web\/wp-content\/uploads\/2026\/01\/74A8265-1-2048x1152.jpg 2048w\" sizes=\"(max-width: 300px) 100vw, 300px\" \/><\/a>\n\t\t\t<\/dt><\/dl><dl class='gallery-item masonry-item'>\n\t\t\t<dt class='gallery-icon landscape'>\n\t\t\t\t<a data-fancybox=\"colibri-7123-c5-group\" href='https:\/\/herzog-ludwig-rs.de\/web\/wp-content\/uploads\/2026\/01\/74A8274-1-scaled.jpg'><img loading=\"lazy\" decoding=\"async\"  width=\"300\" height=\"200\" src=\"https:\/\/herzog-ludwig-rs.de\/web\/wp-content\/uploads\/2026\/01\/74A8274-1-300x200.jpg\"  class='colibri-7123-c5-image' alt=\"\" srcset=\"https:\/\/herzog-ludwig-rs.de\/web\/wp-content\/uploads\/2026\/01\/74A8274-1-300x200.jpg 300w, https:\/\/herzog-ludwig-rs.de\/web\/wp-content\/uploads\/2026\/01\/74A8274-1-1024x683.jpg 1024w, https:\/\/herzog-ludwig-rs.de\/web\/wp-content\/uploads\/2026\/01\/74A8274-1-768x512.jpg 768w, https:\/\/herzog-ludwig-rs.de\/web\/wp-content\/uploads\/2026\/01\/74A8274-1-1536x1024.jpg 1536w, https:\/\/herzog-ludwig-rs.de\/web\/wp-content\/uploads\/2026\/01\/74A8274-1-2048x1365.jpg 2048w\" sizes=\"(max-width: 300px) 100vw, 300px\" \/><\/a>\n\t\t\t<\/dt><\/dl><dl class='gallery-item masonry-item'>\n\t\t\t<dt class='gallery-icon landscape'>\n\t\t\t\t<a data-fancybox=\"colibri-7123-c5-group\" href='https:\/\/herzog-ludwig-rs.de\/web\/wp-content\/uploads\/2026\/01\/OEF_0520-1-scaled.jpg'><img loading=\"lazy\" decoding=\"async\"  width=\"300\" height=\"200\" src=\"https:\/\/herzog-ludwig-rs.de\/web\/wp-content\/uploads\/2026\/01\/OEF_0520-1-300x200.jpg\"  class='colibri-7123-c5-image' alt=\"\" srcset=\"https:\/\/herzog-ludwig-rs.de\/web\/wp-content\/uploads\/2026\/01\/OEF_0520-1-300x200.jpg 300w, https:\/\/herzog-ludwig-rs.de\/web\/wp-content\/uploads\/2026\/01\/OEF_0520-1-1024x683.jpg 1024w, https:\/\/herzog-ludwig-rs.de\/web\/wp-content\/uploads\/2026\/01\/OEF_0520-1-768x512.jpg 768w, https:\/\/herzog-ludwig-rs.de\/web\/wp-content\/uploads\/2026\/01\/OEF_0520-1-1536x1024.jpg 1536w, https:\/\/herzog-ludwig-rs.de\/web\/wp-content\/uploads\/2026\/01\/OEF_0520-1-2048x1365.jpg 2048w\" sizes=\"(max-width: 300px) 100vw, 300px\" \/><\/a>\n\t\t\t<\/dt><\/dl><dl class='gallery-item masonry-item'>\n\t\t\t<dt class='gallery-icon landscape'>\n\t\t\t\t<a data-fancybox=\"colibri-7123-c5-group\" href='https:\/\/herzog-ludwig-rs.de\/web\/wp-content\/uploads\/2026\/01\/OEF_0495-1-scaled.jpg'><img loading=\"lazy\" decoding=\"async\"  width=\"300\" height=\"200\" src=\"https:\/\/herzog-ludwig-rs.de\/web\/wp-content\/uploads\/2026\/01\/OEF_0495-1-300x200.jpg\"  class='colibri-7123-c5-image' alt=\"\" srcset=\"https:\/\/herzog-ludwig-rs.de\/web\/wp-content\/uploads\/2026\/01\/OEF_0495-1-300x200.jpg 300w, https:\/\/herzog-ludwig-rs.de\/web\/wp-content\/uploads\/2026\/01\/OEF_0495-1-1024x683.jpg 1024w, https:\/\/herzog-ludwig-rs.de\/web\/wp-content\/uploads\/2026\/01\/OEF_0495-1-768x512.jpg 768w, https:\/\/herzog-ludwig-rs.de\/web\/wp-content\/uploads\/2026\/01\/OEF_0495-1-1536x1024.jpg 1536w, https:\/\/herzog-ludwig-rs.de\/web\/wp-content\/uploads\/2026\/01\/OEF_0495-1-2048x1365.jpg 2048w\" sizes=\"(max-width: 300px) 100vw, 300px\" \/><\/a>\n\t\t\t<\/dt><\/dl>\n\t\t<\/div>\n<style>#colibri-7123-c5 .wp-caption-text.gallery-caption{display:none;}<\/style><\/div><\/div>\n                <\/div>\n              <\/div>\n            <\/div>\n          <\/div>\n        <\/div>\n      <\/div>\n    <\/div>\n  <\/div>\n<\/div>","protected":false},"excerpt":{"rendered":"<p>Am 18.12.2025 feierte die Herzog-Ludwig-Realschule im Rahmen des Weihnachtskonzerts ein kleines Jubil\u00e4um: 60 Jahre HLRS Neben zahlreichen Ehreng\u00e4sten, darunter die ehemaligen Schulleiter Martin Estermeier und Manfred Brodschelm, Landrat Erwin Schneider und B\u00fcrgermeister Stefan Antwerpen, geh\u00f6rte die B\u00fchne den Sch\u00fclerinnen und Sch\u00fclern von Band, Orchester, Chor und dem Profilkurs Musik. Unterst\u00fctzt wurden sie von zahlreichen Ehemaligen, [&hellip;]<\/p>\n","protected":false},"author":1,"featured_media":0,"parent":0,"menu_order":0,"comment_status":"closed","ping_status":"closed","template":"page-templates\/full-width-page.php","meta":{"inline_featured_image":false,"footnotes":""},"_links":{"self":[{"href":"https:\/\/herzog-ludwig-rs.de\/web\/wp-json\/wp\/v2\/pages\/7123"}],"collection":[{"href":"https:\/\/herzog-ludwig-rs.de\/web\/wp-json\/wp\/v2\/pages"}],"about":[{"href":"https:\/\/herzog-ludwig-rs.de\/web\/wp-json\/wp\/v2\/types\/page"}],"author":[{"embeddable":true,"href":"https:\/\/herzog-ludwig-rs.de\/web\/wp-json\/wp\/v2\/users\/1"}],"replies":[{"embeddable":true,"href":"https:\/\/herzog-ludwig-rs.de\/web\/wp-json\/wp\/v2\/comments?post=7123"}],"version-history":[{"count":3,"href":"https:\/\/herzog-ludwig-rs.de\/web\/wp-json\/wp\/v2\/pages\/7123\/revisions"}],"predecessor-version":[{"id":7135,"href":"https:\/\/herzog-ludwig-rs.de\/web\/wp-json\/wp\/v2\/pages\/7123\/revisions\/7135"}],"wp:attachment":[{"href":"https:\/\/herzog-ludwig-rs.de\/web\/wp-json\/wp\/v2\/media?parent=7123"}],"curies":[{"name":"wp","href":"https:\/\/api.w.org\/{rel}","templated":true}]}}