{"id":6211,"date":"2024-12-04T17:29:05","date_gmt":"2024-12-04T16:29:05","guid":{"rendered":"https:\/\/herzog-ludwig-rs.de\/web\/?page_id=6211"},"modified":"2025-09-10T14:01:42","modified_gmt":"2025-09-10T12:01:42","slug":"hausordnung","status":"publish","type":"page","link":"https:\/\/herzog-ludwig-rs.de\/web\/schulfamilie\/hausordnung\/","title":{"rendered":"HAUSORDNUNG"},"content":{"rendered":"<div data-colibri-id=\"6211-c1\" class=\"style-1421 style-local-6211-c1 position-relative\">\n  <!---->\n  <div data-colibri-component=\"section\" data-colibri-id=\"6211-c2\" id=\"content\" class=\"h-section h-section-global-spacing d-flex align-items-lg-center align-items-md-center align-items-center style-1422 style-local-6211-c2 position-relative\">\n    <!---->\n    <!---->\n    <div class=\"h-section-grid-container h-section-boxed-container\">\n      <!---->\n      <div data-colibri-id=\"6211-c3\" class=\"h-row-container gutters-row-lg-2 gutters-row-md-2 gutters-row-2 gutters-row-v-lg-2 gutters-row-v-md-2 gutters-row-v-2 style-1423 style-local-6211-c3 position-relative\">\n        <!---->\n        <div class=\"h-row justify-content-lg-center justify-content-md-center justify-content-center align-items-lg-stretch align-items-md-stretch align-items-stretch gutters-col-lg-2 gutters-col-md-2 gutters-col-2 gutters-col-v-lg-2 gutters-col-v-md-2 gutters-col-v-2\">\n          <!---->\n          <div class=\"h-column h-column-container d-flex h-col-lg-auto h-col-md-auto h-col-auto style-1424-outer style-local-6211-c4-outer\">\n            <div data-colibri-id=\"6211-c4\" class=\"d-flex h-flex-basis h-column__inner h-px-lg-0 h-px-md-0 h-px-2 v-inner-lg-0 v-inner-md-0 v-inner-2 style-1424 style-local-6211-c4 position-relative\">\n              <!---->\n              <!---->\n              <div class=\"w-100 h-y-container h-column__content h-column__v-align flex-basis-100 align-self-lg-center align-self-md-center align-self-center\">\n                <!---->\n                <div data-colibri-id=\"6211-c5\" class=\"h-global-transition-all h-heading style-1425 style-local-6211-c5 position-relative h-element\">\n                  <!---->\n                  <div class=\"h-heading__outer style-1425 style-local-6211-c5\">\n                    <!---->\n                    <!---->\n                    <h3 class=\"\">Hausordnung der Herzog-Ludwig-Realschule<\/h3>\n                  <\/div>\n                <\/div>\n                <div data-colibri-id=\"6211-c6\" class=\"h-row-container gutters-row-lg-0 gutters-row-md-0 gutters-row-2 gutters-row-v-lg-0 gutters-row-v-md-0 gutters-row-v-0 style-1426 style-local-6211-c6 position-relative\">\n                  <!---->\n                  <div class=\"h-row justify-content-lg-center justify-content-md-center justify-content-center align-items-lg-stretch align-items-md-stretch align-items-stretch gutters-col-lg-0 gutters-col-md-0 gutters-col-2 gutters-col-v-lg-0 gutters-col-v-md-0 gutters-col-v-0\">\n                    <!---->\n                    <div class=\"h-column h-column-container d-flex h-col-lg h-col-md h-col-auto style-1427-outer style-local-6211-c7-outer\">\n                      <div data-colibri-id=\"6211-c7\" class=\"d-flex h-flex-basis h-column__inner h-px-lg-1 h-px-md-1 h-px-1 v-inner-lg-1 v-inner-md-1 v-inner-1 style-1427 style-local-6211-c7 position-relative\">\n                        <!---->\n                        <!---->\n                        <div class=\"w-100 h-y-container h-column__content h-column__v-align flex-basis-100 align-self-lg-start align-self-md-start align-self-start\">\n                          <!---->\n                          <div data-colibri-id=\"6211-c8\" class=\"h-text h-text-component style-1429 style-local-6211-c8 position-relative h-element\">\n                            <!---->\n                            <!---->\n                            <div class=\"\">\n                              <p>Wo t\u00e4glich viele Sch\u00fcler zusammenkommen, ist es unerl\u00e4sslich, dass bestimmte Regeln beachtet und eingehalten werden.<\/p>\n                              <p>Diese Hausordnung will dazu beitragen, dass erfolgreiches Arbeiten und<\/p>\n                              <p>gutes Zusammenleben gelingen und so der Erziehungs- und Bildungsauftrag der Schule erf\u00fcllt werden kann. <\/p>\n                            <\/div>\n                          <\/div>\n                        <\/div>\n                      <\/div>\n                    <\/div>\n                  <\/div>\n                <\/div>\n                <div data-colibri-id=\"6211-c9\" class=\"h-row-container gutters-row-lg-0 gutters-row-md-0 gutters-row-2 gutters-row-v-lg-0 gutters-row-v-md-0 gutters-row-v-0 style-1426 style-local-6211-c9 position-relative\">\n                  <!---->\n                  <div class=\"h-row justify-content-lg-center justify-content-md-center justify-content-center align-items-lg-stretch align-items-md-stretch align-items-stretch gutters-col-lg-0 gutters-col-md-0 gutters-col-2 gutters-col-v-lg-0 gutters-col-v-md-0 gutters-col-v-0\">\n                    <!---->\n                    <div class=\"h-column h-column-container d-flex h-col-lg h-col-md h-col-auto style-1427-outer style-local-6211-c10-outer\">\n                      <div data-colibri-id=\"6211-c10\" class=\"d-flex h-flex-basis h-column__inner h-px-lg-1 h-px-md-1 h-px-1 v-inner-lg-1 v-inner-md-1 v-inner-1 style-1427 style-local-6211-c10 position-relative\">\n                        <!---->\n                        <!---->\n                        <div class=\"w-100 h-y-container h-column__content h-column__v-align flex-basis-100 align-self-lg-start align-self-md-start align-self-start\">\n                          <!---->\n                          <div data-colibri-id=\"6211-c11\" class=\"h-global-transition-all h-heading style-1428 style-local-6211-c11 position-relative h-element\">\n                            <!---->\n                            <div class=\"h-heading__outer style-1428 style-local-6211-c11\">\n                              <!---->\n                              <!---->\n                              <h4 class=\"\">1. Umgangsformen<\/h4>\n                            <\/div>\n                          <\/div>\n                          <div data-colibri-id=\"6211-c12\" class=\"h-text h-text-component style-1429 style-local-6211-c12 position-relative h-element\">\n                            <!---->\n                            <!---->\n                            <div class=\"\">\n                              <p>IWir begegnen uns h\u00f6flich und respektvoll, pflegen einen freundlichen Umgangston und stehen zu Beginn und am Ende einer Unterrichtsstunde zum Gr\u00fc\u00dfen auf. Wir nehmen aufeinander R\u00fccksicht, akzeptieren die Bed\u00fcrfnisse anderer\n                                und arbeiten fair zusammen. Wir l\u00f6sen Konflikte im Gespr\u00e4ch und verzichten auf k\u00f6rperliche und psychische Gewalt. Wir verwenden im Schulgeb\u00e4ude und bei schulischen Veranstaltungen ausschlie\u00dflich Deutsch als Umgangssprache.<\/p>\n                            <\/div>\n                          <\/div>\n                          <div data-colibri-id=\"6211-c13\" class=\"h-global-transition-all h-heading style-1432 style-local-6211-c13 position-relative h-element\">\n                            <!---->\n                            <div class=\"h-heading__outer style-1432 style-local-6211-c13\">\n                              <!---->\n                              <!---->\n                              <h4 class=\"\">2. Unterrichtszeiten<\/h4>\n                            <\/div>\n                          <\/div>\n                          <div data-colibri-id=\"6211-c14\" class=\"h-text h-text-component style-1433 style-local-6211-c14 position-relative h-element\">\n                            <!---->\n                            <!---->\n                            <div class=\"\">\n                              <p>Wir halten uns w\u00e4hrend der Hauptunterrichtszeit von 8:05 bis 13:00 Uhr ausschlie\u00dflich im Schulgeb\u00e4ude auf. Wir halten uns an die Unterrichtszeiten, sind p\u00fcnktlich im Klassenzimmer oder Fachraum und haben die erforderlichen\n                                Unterrichtsmaterialien rechtzeitig auf dem Tisch bereitgestellt. Wir halten uns bis 7:45 Uhr nur in folgenden Bereichen des Schulgeb\u00e4udes auf:<\/p>\n                              <ol>\n                                <li>Aula<\/li>\n                                <li>Pausenbereich-S\u00fcd<\/li>\n                                <li>Eingangsbereich im Haupttrakt<\/li>\n                              <\/ol>\n                              <p>Wir betreten die G\u00e4nge zu den Klassenzimmern ab 7:45 Uhr und halten uns unter Beaufsichtigung durch eine Lehrkraft im eigenen Klassenzimmer auf. Wir sind p\u00fcnktlich zum Vorgong um 8:00 Uhr in unserem Klassenzimmer oder warten\n                                vor dem entsprechenden Fachraum. Wenn in der 6. Stunde Unterricht entf\u00e4llt, nutzen wir die Zeit, um in dem auf dem Vertretungsplan genannten Bereich die Hausaufgaben zu erledigen. Wir verlassen das Schulgel\u00e4nde nur nach\n                                Genehmigung \u00fcber den Vertretungsplan. Ist eine Lehrkraft 10 Minuten nach Unterrichtsbeginn noch nicht in der Klasse, bem\u00fchen sich die Klassensprecher um eine Kl\u00e4rung der Situation<\/p>\n                              <p>(Lehrerzimmer \u2013 Konrektorat \u2013 Sekretariat).<\/p>\n                            <\/div>\n                          <\/div>\n                          <div data-colibri-id=\"6211-c15\" class=\"h-global-transition-all h-heading style-1434 style-local-6211-c15 position-relative h-element\">\n                            <!---->\n                            <div class=\"h-heading__outer style-1434 style-local-6211-c15\">\n                              <!---->\n                              <!---->\n                              <h4 class=\"\">3. Pausenordnung<\/h4>\n                            <\/div>\n                          <\/div>\n                          <div data-colibri-id=\"6211-c16\" class=\"h-text h-text-component style-1435 style-local-6211-c16 position-relative h-element\">\n                            <!---->\n                            <!---->\n                            <div class=\"\">\n                              <p>Wir verlassen zu Beginn der gro\u00dfen Pause z\u00fcgig das Klassenzimmer, das von der Lehrkraft abgeschlossen wird. Wir verlassen gegebenenfalls z\u00fcgig den Fachraum, bringen Unterrichtsmaterialien ins eigene Klassenzimmer zur\u00fcck und\n                                begeben uns anschlie\u00dfend in die Pausenbereiche. Das Betreten des Neubaus \u00fcber den S\u00fcdtrakt (EG) ist verboten. Wir halten uns in der gro\u00dfen Pause nur am Kiosk, im Freien (Pausenhof und Pausenbereich-S\u00fcd) oder, je nach \u00d6ffnungszeit,\n                                in der Schulbibliothek auf. Wir halten uns w\u00e4hrend der kleinen Pause im Klassenzimmer, auf dem Pausenhof oder am Kiosk auf. Wir halten uns nur im Schulgeb\u00e4ude (G\u00e4nge vor den Klassenzimmern, Aula, Caf\u00e9teria) auf, wenn wegen\n                                der Wetterlage eine entsprechende Nachricht auf dem digitalen Schwarzen Brett erscheint oder durch eine Durchsage der Aufenthalt im Schulgeb\u00e4ude erlaubt wird. Wir stellen uns ohne zu dr\u00e4ngeln am Kiosk an und gehen nach\n                                dem Einkauf z\u00fcgig in den Pausenbereich. Wir verbringen die Mittagspause in der Aula, der Caf\u00e9teria, dem Atrium oder auf dem Pausenbereich-S\u00fcd. Wir verlassen den Durchgang zum Lehrerparkplatz z\u00fcgig. <\/p>\n                            <\/div>\n                          <\/div>\n                          <div data-colibri-id=\"6211-c17\" class=\"h-global-transition-all h-heading style-1436 style-local-6211-c17 position-relative h-element\">\n                            <!---->\n                            <div class=\"h-heading__outer style-1436 style-local-6211-c17\">\n                              <!---->\n                              <!---->\n                              <h4 class=\"\">4. Unterricht <\/h4>\n                            <\/div>\n                          <\/div>\n                          <div data-colibri-id=\"6211-c18\" class=\"h-text h-text-component style-1437 style-local-6211-c18 position-relative h-element\">\n                            <!---->\n                            <!---->\n                            <div class=\"\">\n                              <p>Wir arbeiten im Unterricht mit und halten uns an die Gespr\u00e4chsregeln (h\u00f6flicher Ton, andere ausreden lassen usw.) Wir erscheinen p\u00fcnktlich zum Unterricht. Wir kommen zuverl\u00e4ssig und gewissenhaft unseren Pflichten nach. Ein\n                                pfleglicher Umgang mit unseren Lernmaterialien ist f\u00fcr uns selbstverst\u00e4ndlich. Wir verzichten auf das Essen und Trinken w\u00e4hrend des Unterrichts. Wir nutzen die Pausen, um auf die Toiletten zu gehen.<\/p>\n                            <\/div>\n                          <\/div>\n                          <div data-colibri-id=\"6211-c19\" class=\"h-global-transition-all h-heading style-1438 style-local-6211-c19 position-relative h-element\">\n                            <!---->\n                            <div class=\"h-heading__outer style-1438 style-local-6211-c19\">\n                              <!---->\n                              <!---->\n                              <h4 class=\"\">5. Ordnung<\/h4>\n                            <\/div>\n                          <\/div>\n                          <div data-colibri-id=\"6211-c20\" class=\"h-text h-text-component style-1439 style-local-6211-c20 position-relative h-element\">\n                            <!---->\n                            <!---->\n                            <div class=\"\">\n                              <p>Wir achten auf Ordnung und Sauberkeit im Schulgeb\u00e4ude, in den Toiletten und auf dem gesamten Schulgel\u00e4nde. Wir gehen sorgsam mit den Einrichtungen in den Klassenzimmern und mit Schulb\u00fcchern um und wissen, dass wir bei absichtlich\n                                verursachten Sch\u00e4den zu Schadenersatz verpflichtet sind. Wir melden alle Sch\u00e4den unverz\u00fcglich dem Klassenleiter und dem Hausmeister. Wir h\u00e4ngen unsere Jacken ausschlie\u00dflich an die Garderobenhaken au\u00dferhalb der Klassenzimmer\n                                bzw. Fachr\u00e4ume. Wir beachten die Ordnungshinweise in den Klassenzimmern bzw. Fachr\u00e4umen. Wir sprechen Plakataush\u00e4nge vorher mit dem Klassenleiter ab. <\/p>\n                            <\/div>\n                          <\/div>\n                          <div data-colibri-id=\"6211-c21\" class=\"h-global-transition-all h-heading style-1440 style-local-6211-c21 position-relative h-element\">\n                            <!---->\n                            <div class=\"h-heading__outer style-1440 style-local-6211-c21\">\n                              <!---->\n                              <!---->\n                              <h4 class=\"\">6. Umwelt- und Energiebewusstsein<\/h4>\n                            <\/div>\n                          <\/div>\n                          <div data-colibri-id=\"6211-c22\" class=\"h-text h-text-component style-1441 style-local-6211-c22 position-relative h-element\">\n                            <!---->\n                            <!---->\n                            <div class=\"\">\n                              <p>Wir streben einen m\u00f6glichst umweltschonenden Ablauf des Schulbetriebs an. Wir schlie\u00dfen die T\u00fcren immer beim Verlassen des Raumes. Ebenso schalten wir das Licht aus. Wir l\u00fcften das Klassenzimmer regelm\u00e4\u00dfig, aber immer nur\n                                kurz. Wir gehen sparsam mit den Papierhandt\u00fcchern um. Wir verzichten weitgehend auf das Mitbringen von Dosen und Einwegverpackungen. Wir trennen den M\u00fcll in Papier und Restm\u00fcll und verwenden die daf\u00fcr vorgesehenen Beh\u00e4lter.<\/p>\n                            <\/div>\n                          <\/div>\n                          <div data-colibri-id=\"6211-c23\" class=\"h-global-transition-all h-heading style-1442 style-local-6211-c23 position-relative h-element\">\n                            <!---->\n                            <div class=\"h-heading__outer style-1442 style-local-6211-c23\">\n                              <!---->\n                              <!---->\n                              <h4 class=\"\">7. Allgemeine Regeln<\/h4>\n                            <\/div>\n                          <\/div>\n                          <div data-colibri-id=\"6211-c24\" class=\"h-text h-text-component style-1443 style-local-6211-c24 position-relative h-element\">\n                            <!---->\n                            <!---->\n                            <div class=\"\">\n                              <p>Wir tragen im Schulgeb\u00e4ude keine Kopfbedeckung. \u00dcber begr\u00fcndete Ausnahmen entscheidet die Schulleitung. Wir verzichten auf Symbole und Aufdrucke mit gewaltverherrlichendem oder beleidigendem Charakter. Wir orientieren uns\n                                bei der Bekleidung am Leitfaden unserer Kunst-AG, der in den Klassenzimmern aush\u00e4ngt, und verzichten auf zu freiz\u00fcgige Kleidung. Wir tragen keine auff\u00e4lligen Piercings. Wir halten uns an das Verbot von Rauschmitteln, alkoholischen\n                                Getr\u00e4nken und des Rauchens, auch von E-Zigaretten, im gesamten Schulbereich einschlie\u00dflich des An- und Abfahrtsbereichs der Schulbusse an der Justus-von-Liebig-Stra\u00dfe sowie in der unmittelbaren Umgebung der Schule. Wir\n                                nutzen Fensterplatten, Heizk\u00f6rper, Gel\u00e4nder oder Fu\u00dfb\u00f6den nicht als Sitzgelegenheiten. Wir schalten Mobiltelefone und Smartwaches von 7:45 Uhr bis 13:00 Uhr ab. Wir verzichten auf Kaugummikauen im Schulhaus und auf dem\n                                Schulgel\u00e4nde. Wir dr\u00e4ngen und sto\u00dfen weder beim Ein- noch beim Aussteigen an der Bushaltestelle und respektieren die Busordner. Wir werfen keine Schneeb\u00e4lle im gesamten Schulbereich. Wir verwenden keine Skateboards, Rollerblades\n                                und andere sportliche Fortbewegungsmittel auf dem Schulgel\u00e4nde. Wir parken unsere Fahrr\u00e4der und Mopeds ausschlie\u00dflich in den daf\u00fcr vorgesehenen Bereichen und achten auf das Eigentum der anderen.<\/p>\n                            <\/div>\n                          <\/div>\n                        <\/div>\n                      <\/div>\n                    <\/div>\n                  <\/div>\n                <\/div>\n              <\/div>\n            <\/div>\n          <\/div>\n          <div class=\"h-column h-column-container d-flex h-col-lg-auto h-col-md-auto h-col-auto style-1430-outer style-local-6211-c25-outer\">\n            <div data-colibri-id=\"6211-c25\" class=\"d-flex h-flex-basis h-column__inner h-px-lg-0 h-px-md-2 h-px-0 v-inner-lg-0 v-inner-md-2 v-inner-0 style-1430 style-local-6211-c25 position-relative\">\n              <!---->\n              <!---->\n              <div class=\"w-100 h-y-container h-column__content h-column__v-align flex-basis-100 align-self-lg-start align-self-md-start align-self-start\">\n                <!---->\n                <div data-colibri-id=\"6211-c26\" class=\"d-block style-1431 style-local-6211-c26 position-relative h-element\">\n                  <!---->\n                  <div class=\"h-image__frame-container-outer\">\n                    <div class=\"h-image__frame-container\">\n                      <!---->\n                      <!---->\n                      <img loading=\"lazy\" decoding=\"async\" width=\"362\" height=\"226\" src=\"https:\/\/herzog-ludwig-rs.de\/web\/wp-content\/uploads\/2024\/12\/ho.png\" class=\"wp-image-6238 style-1431-image style-local-6211-c26-image\" alt=\"\" srcset=\"https:\/\/herzog-ludwig-rs.de\/web\/wp-content\/uploads\/2024\/12\/ho.png 362w, https:\/\/herzog-ludwig-rs.de\/web\/wp-content\/uploads\/2024\/12\/ho-300x187.png 300w\" sizes=\"(max-width: 362px) 100vw, 362px\" \/>\n                      <div class=\"h-image__frame h-hide-sm style-1431-frameImage style-local-6211-c26-frameImage\"><\/div>\n                    <\/div>\n                  <\/div>\n                <\/div>\n              <\/div>\n            <\/div>\n          <\/div>\n        <\/div>\n      <\/div>\n    <\/div>\n  <\/div>\n<\/div>","protected":false},"excerpt":{"rendered":"<p>Hausordnung der Herzog-Ludwig-Realschule Wo t\u00e4glich viele Sch\u00fcler zusammenkommen, ist es unerl\u00e4sslich, dass bestimmte Regeln beachtet und eingehalten werden. Diese Hausordnung will dazu beitragen, dass erfolgreiches Arbeiten und gutes Zusammenleben gelingen und so der Erziehungs- und Bildungsauftrag der Schule erf\u00fcllt werden kann. 1. Umgangsformen IWir begegnen uns h\u00f6flich und respektvoll, pflegen einen freundlichen Umgangston und stehen [&hellip;]<\/p>\n","protected":false},"author":1,"featured_media":0,"parent":1628,"menu_order":0,"comment_status":"closed","ping_status":"closed","template":"page-templates\/full-width-page.php","meta":{"inline_featured_image":false,"footnotes":""},"_links":{"self":[{"href":"https:\/\/herzog-ludwig-rs.de\/web\/wp-json\/wp\/v2\/pages\/6211"}],"collection":[{"href":"https:\/\/herzog-ludwig-rs.de\/web\/wp-json\/wp\/v2\/pages"}],"about":[{"href":"https:\/\/herzog-ludwig-rs.de\/web\/wp-json\/wp\/v2\/types\/page"}],"author":[{"embeddable":true,"href":"https:\/\/herzog-ludwig-rs.de\/web\/wp-json\/wp\/v2\/users\/1"}],"replies":[{"embeddable":true,"href":"https:\/\/herzog-ludwig-rs.de\/web\/wp-json\/wp\/v2\/comments?post=6211"}],"version-history":[{"count":6,"href":"https:\/\/herzog-ludwig-rs.de\/web\/wp-json\/wp\/v2\/pages\/6211\/revisions"}],"predecessor-version":[{"id":6790,"href":"https:\/\/herzog-ludwig-rs.de\/web\/wp-json\/wp\/v2\/pages\/6211\/revisions\/6790"}],"up":[{"embeddable":true,"href":"https:\/\/herzog-ludwig-rs.de\/web\/wp-json\/wp\/v2\/pages\/1628"}],"wp:attachment":[{"href":"https:\/\/herzog-ludwig-rs.de\/web\/wp-json\/wp\/v2\/media?parent=6211"}],"curies":[{"name":"wp","href":"https:\/\/api.w.org\/{rel}","templated":true}]}}