{"id":6071,"date":"2024-11-12T17:39:00","date_gmt":"2024-11-12T16:39:00","guid":{"rendered":"https:\/\/herzog-ludwig-rs.de\/web\/?page_id=6071"},"modified":"2026-04-17T08:46:28","modified_gmt":"2026-04-17T06:46:28","slug":"schulanmeldung-online","status":"publish","type":"page","link":"https:\/\/herzog-ludwig-rs.de\/web\/schulfamilie\/schulanmeldung-online\/","title":{"rendered":"SCHULANMELDUNG ONLINE"},"content":{"rendered":"<div data-colibri-id=\"6071-c1\" class=\"style-1406 style-local-6071-c1 position-relative\">\n  <!---->\n  <div data-colibri-component=\"section\" data-colibri-id=\"6071-c2\" id=\"content\" class=\"h-section h-section-global-spacing d-flex align-items-lg-center align-items-md-center align-items-center style-1407 style-local-6071-c2 position-relative\">\n    <!---->\n    <!---->\n    <div class=\"h-section-grid-container h-section-boxed-container\">\n      <!---->\n      <div data-colibri-id=\"6071-c3\" class=\"h-row-container gutters-row-lg-2 gutters-row-md-2 gutters-row-2 gutters-row-v-lg-2 gutters-row-v-md-2 gutters-row-v-2 style-1408 style-local-6071-c3 position-relative\">\n        <!---->\n        <div class=\"h-row justify-content-lg-center justify-content-md-center justify-content-center align-items-lg-stretch align-items-md-stretch align-items-stretch gutters-col-lg-2 gutters-col-md-2 gutters-col-2 gutters-col-v-lg-2 gutters-col-v-md-2 gutters-col-v-2\">\n          <!---->\n          <div class=\"h-column h-column-container d-flex h-col-lg-auto h-col-md-auto h-col-auto style-1409-outer style-local-6071-c4-outer\">\n            <div data-colibri-id=\"6071-c4\" class=\"d-flex h-flex-basis h-column__inner h-px-lg-0 h-px-md-0 h-px-2 v-inner-lg-0 v-inner-md-0 v-inner-2 style-1409 style-local-6071-c4 position-relative\">\n              <!---->\n              <!---->\n              <div class=\"w-100 h-y-container h-column__content h-column__v-align flex-basis-100 align-self-lg-center align-self-md-center align-self-center\">\n                <!---->\n                <div data-colibri-id=\"6071-c5\" class=\"h-global-transition-all h-heading style-1410 style-local-6071-c5 position-relative h-element\">\n                  <!---->\n                  <div class=\"h-heading__outer style-1410 style-local-6071-c5\">\n                    <!---->\n                    <!---->\n                    <h3 class=\"\">Online Anmeldung an der HLRS<\/h3>\n                  <\/div>\n                <\/div>\n                <div data-colibri-id=\"6071-c6\" class=\"h-row-container gutters-row-lg-0 gutters-row-md-0 gutters-row-2 gutters-row-v-lg-0 gutters-row-v-md-0 gutters-row-v-0 style-1411 style-local-6071-c6 position-relative\">\n                  <!---->\n                  <div class=\"h-row justify-content-lg-center justify-content-md-center justify-content-center align-items-lg-stretch align-items-md-stretch align-items-stretch gutters-col-lg-0 gutters-col-md-0 gutters-col-2 gutters-col-v-lg-0 gutters-col-v-md-0 gutters-col-v-0\">\n                    <!---->\n                    <div class=\"h-column h-column-container d-flex h-col-lg h-col-md h-col-auto style-1412-outer style-local-6071-c7-outer\">\n                      <div data-colibri-id=\"6071-c7\" class=\"d-flex h-flex-basis h-column__inner h-px-lg-1 h-px-md-1 h-px-1 v-inner-lg-1 v-inner-md-1 v-inner-1 style-1412 style-local-6071-c7 position-relative\">\n                        <!---->\n                        <!---->\n                        <div class=\"w-100 h-y-container h-column__content h-column__v-align flex-basis-100 align-self-lg-start align-self-md-start align-self-start\">\n                          <!---->\n                          <div data-colibri-id=\"6071-c8\" class=\"h-global-transition-all h-heading style-1413 style-local-6071-c8 position-relative h-element\">\n                            <!---->\n                            <div class=\"h-heading__outer style-1413 style-local-6071-c8\">\n                              <!---->\n                              <!---->\n                              <h4 class=\"\">Sehr geehrte Eltern und Erziehungsberechtigte,<\/h4>\n                            <\/div>\n                          <\/div>\n                          <div data-colibri-id=\"6071-c9\" class=\"h-text h-text-component style-1414 style-local-6071-c9 position-relative h-element\">\n                            <!---->\n                            <!---->\n                            <div class=\"\">\n                              <p>m\u00f6chten Sie Ihr Kind an der Herzog-Ludwig-Realschule Alt\u00f6tting anmelden, dann f\u00fcllen Sie bitte die dazu notwendigen Formulare online aus.\n                                <br>Dieser Online-Antrag ist \u00fcber einen Link auf unserer Website zug\u00e4nglich. Sie werden selbstverst\u00e4ndlich auch vom Programm bei Ihren Eingaben unterst\u00fctzt und durch die Formulare geleitet. Bitte best\u00e4tigen Sie am Ende des\n                                Anmeldeprozesses Ihre Emailadresse. Dadurch haben Sie u.a. die M\u00f6glichkeit, den Bearbeitungsstand der Anmeldung abzurufen.<\/p>\n                              <p>\u00dcber die Online-Anmeldng erhalten Sie zur Vorlage bei der Anmeldung an unserer Schule folgende Unterlagen:<\/p>\n                              <ol>\n                                <li>Anmeldeformular<\/li>\n                                <li>Einwilligungserkl\u00e4rung Schulmanager<\/li>\n                                <li>Einwilligung in die Ver\u00f6ffentlichung personenbezogener Daten<\/li>\n                                <li>Einwilligungserkl\u00e4rung Office365<\/li>\n                                <li>Erfassungsbogen zur Kostenfreiheit des Schulweges<\/li>\n                                <li>Gegebenenfalls: Antrag auf Aufnahme in die Ganztagsbetreuung<\/li>\n                                <li>Beitrittserkl\u00e4rung F\u00f6rderverein [\n                                  <a href=\"https:\/\/herzog-ludwig-rs.de\/web\/wp-content\/uploads\/2024\/10\/Unbenannte-Anlage-00005.pdf\" target=\"_blank\" class=\"customize-unpreviewable\" rel=\"noopener\">Link<\/a>]<\/li>\n                              <\/ol>\n                              <p>Durch Anklicken des folgenden Links gelangen Sie zur Online-Anmeldung, die durch den externen IT-Dienstleister MB-EDUSOFT erfolgt.<\/p>\n                            <\/div>\n                          <\/div>\n                          <div data-colibri-id=\"6071-c14\" class=\"h-x-container style-1546 style-local-6071-c14 position-relative h-element\">\n                            <!---->\n                            <div class=\"h-x-container-inner style-dynamic-6071-c14-group style-1546-spacing style-local-6071-c14-spacing\"><span class=\"h-link__outer style-1547-outer style-local-6071-c15-outer d-inline-flex h-element\"><a h-use-smooth-scroll=\"true\" href=\"https:\/\/anmeldung-hlrs.schulanmeldungen.de\/\"  data-colibri-id=\"6071-c15\" class=\"d-flex w-100 align-items-center h-link style-1547 style-local-6071-c15 position-relative\"><!----><span  class=\"h-svg-icon h-link__icon style-1547-icon style-local-6071-c15-icon\"><!--Icon by Font Awesome (https:\/\/fontawesome.com)-->\n    <svg version=\"1.1\" xmlns=\"http:\/\/www.w3.org\/2000\/svg\" xmlns:xlink=\"http:\/\/www.w3.org\/1999\/xlink\" id=\"star\" viewBox=\"0 0 1664 1896.0833\">\n      <path d=\"M1664 647q0 22-26 48l-363 354 86 500q1 7 1 20 0 21-10.5 35.5T1321 1619q-19 0-40-12l-449-236-449 236q-22 12-40 12-21 0-31.5-14.5T301 1569q0-6 2-20l86-500L25 695Q0 668 0 647q0-37 56-46l502-73L783 73q19-41 49-41t49 41l225 455 502 73q56 9 56 46z\"><\/path>\n    <\/svg><\/span> <span>ONLINE-ANMELDUNG<\/span><\/a>\n                              <\/span>\n                            <\/div>\n                          <\/div>\n                        <\/div>\n                      <\/div>\n                    <\/div>\n                  <\/div>\n                <\/div>\n              <\/div>\n            <\/div>\n          <\/div>\n          <div class=\"h-column h-column-container d-flex h-col-lg-auto h-col-md-auto h-col-auto style-1415-outer style-local-6071-c10-outer\">\n            <div data-colibri-id=\"6071-c10\" class=\"d-flex h-flex-basis h-column__inner h-px-lg-0 h-px-md-2 h-px-0 v-inner-lg-0 v-inner-md-2 v-inner-0 style-1415 style-local-6071-c10 position-relative\">\n              <!---->\n              <!---->\n              <div class=\"w-100 h-y-container h-column__content h-column__v-align flex-basis-100 align-self-lg-start align-self-md-start align-self-start\">\n                <!---->\n                <div data-colibri-id=\"6071-c11\" class=\"d-block style-1416 style-local-6071-c11 position-relative h-element\">\n                  <!---->\n                  <div class=\"h-image__frame-container-outer\">\n                    <div class=\"h-image__frame-container\">\n                      <!---->\n                      <!---->\n                      <img loading=\"lazy\" decoding=\"async\" width=\"1928\" height=\"1702\" src=\"https:\/\/herzog-ludwig-rs.de\/web\/wp-content\/uploads\/2026\/04\/statusseite-teil1-2048x-q90.jpg\" class=\"wp-image-7350 style-1416-image style-local-6071-c11-image\" alt=\"\" srcset=\"https:\/\/herzog-ludwig-rs.de\/web\/wp-content\/uploads\/2026\/04\/statusseite-teil1-2048x-q90.jpg 1928w, https:\/\/herzog-ludwig-rs.de\/web\/wp-content\/uploads\/2026\/04\/statusseite-teil1-2048x-q90-300x265.jpg 300w, https:\/\/herzog-ludwig-rs.de\/web\/wp-content\/uploads\/2026\/04\/statusseite-teil1-2048x-q90-1024x904.jpg 1024w, https:\/\/herzog-ludwig-rs.de\/web\/wp-content\/uploads\/2026\/04\/statusseite-teil1-2048x-q90-768x678.jpg 768w, https:\/\/herzog-ludwig-rs.de\/web\/wp-content\/uploads\/2026\/04\/statusseite-teil1-2048x-q90-1536x1356.jpg 1536w\" sizes=\"(max-width: 1928px) 100vw, 1928px\" \/>\n                      <div class=\"h-image__frame h-hide-sm style-1416-frameImage style-local-6071-c11-frameImage\"><\/div>\n                    <\/div>\n                  <\/div>\n                <\/div>\n              <\/div>\n            <\/div>\n          <\/div>\n        <\/div>\n      <\/div>\n    <\/div>\n  <\/div>\n<\/div>","protected":false},"excerpt":{"rendered":"<p>Online Anmeldung an der HLRS Sehr geehrte Eltern und Erziehungsberechtigte, m\u00f6chten Sie Ihr Kind an der Herzog-Ludwig-Realschule Alt\u00f6tting anmelden, dann f\u00fcllen Sie bitte die dazu notwendigen Formulare online aus. Dieser Online-Antrag ist \u00fcber einen Link auf unserer Website zug\u00e4nglich. Sie werden selbstverst\u00e4ndlich auch vom Programm bei Ihren Eingaben unterst\u00fctzt und durch die Formulare geleitet. Bitte [&hellip;]<\/p>\n","protected":false},"author":1,"featured_media":0,"parent":1628,"menu_order":0,"comment_status":"closed","ping_status":"closed","template":"page-templates\/full-width-page.php","meta":{"inline_featured_image":false,"footnotes":""},"_links":{"self":[{"href":"https:\/\/herzog-ludwig-rs.de\/web\/wp-json\/wp\/v2\/pages\/6071"}],"collection":[{"href":"https:\/\/herzog-ludwig-rs.de\/web\/wp-json\/wp\/v2\/pages"}],"about":[{"href":"https:\/\/herzog-ludwig-rs.de\/web\/wp-json\/wp\/v2\/types\/page"}],"author":[{"embeddable":true,"href":"https:\/\/herzog-ludwig-rs.de\/web\/wp-json\/wp\/v2\/users\/1"}],"replies":[{"embeddable":true,"href":"https:\/\/herzog-ludwig-rs.de\/web\/wp-json\/wp\/v2\/comments?post=6071"}],"version-history":[{"count":10,"href":"https:\/\/herzog-ludwig-rs.de\/web\/wp-json\/wp\/v2\/pages\/6071\/revisions"}],"predecessor-version":[{"id":7353,"href":"https:\/\/herzog-ludwig-rs.de\/web\/wp-json\/wp\/v2\/pages\/6071\/revisions\/7353"}],"up":[{"embeddable":true,"href":"https:\/\/herzog-ludwig-rs.de\/web\/wp-json\/wp\/v2\/pages\/1628"}],"wp:attachment":[{"href":"https:\/\/herzog-ludwig-rs.de\/web\/wp-json\/wp\/v2\/media?parent=6071"}],"curies":[{"name":"wp","href":"https:\/\/api.w.org\/{rel}","templated":true}]}}