{"id":5572,"date":"2024-09-16T18:15:21","date_gmt":"2024-09-16T16:15:21","guid":{"rendered":"https:\/\/herzog-ludwig-rs.de\/web\/?page_id=5572"},"modified":"2024-09-18T16:42:07","modified_gmt":"2024-09-18T14:42:07","slug":"schuelerbefoerderung","status":"publish","type":"page","link":"https:\/\/herzog-ludwig-rs.de\/web\/schulfamilie\/schuelerbefoerderung\/","title":{"rendered":"BERUFSINFORMATION"},"content":{"rendered":"<div data-colibri-id=\"5572-c1\" class=\"style-1362 style-local-5572-c1 position-relative\">\n  <!---->\n  <div data-colibri-component=\"section\" data-colibri-id=\"5572-c2\" id=\"about\" class=\"h-section h-section-global-spacing d-flex align-items-lg-center align-items-md-center align-items-center style-1363 style-local-5572-c2 position-relative\">\n    <!---->\n    <!---->\n    <div class=\"h-section-grid-container h-section-boxed-container\">\n      <!---->\n      <div data-colibri-id=\"5572-c3\" class=\"h-row-container gutters-row-lg-2 gutters-row-md-2 gutters-row-2 gutters-row-v-lg-2 gutters-row-v-md-2 gutters-row-v-2 style-1364 style-local-5572-c3 position-relative\">\n        <!---->\n        <div class=\"h-row justify-content-lg-center justify-content-md-center justify-content-center align-items-lg-stretch align-items-md-stretch align-items-stretch gutters-col-lg-2 gutters-col-md-2 gutters-col-2 gutters-col-v-lg-2 gutters-col-v-md-2 gutters-col-v-2\">\n          <!---->\n          <div class=\"h-column h-column-container d-flex h-col-lg-auto h-col-md-auto h-col-auto style-1365-outer style-local-5572-c4-outer\">\n            <div data-colibri-id=\"5572-c4\" class=\"d-flex h-flex-basis h-column__inner h-px-lg-2 h-px-md-2 h-px-2 v-inner-lg-2 v-inner-md-2 v-inner-2 style-1365 style-local-5572-c4 position-relative\">\n              <!---->\n              <!---->\n              <div class=\"w-100 h-y-container h-column__content h-column__v-align flex-basis-100 align-self-lg-start align-self-md-start align-self-start\">\n                <!---->\n                <div data-colibri-id=\"5572-c5\" class=\"h-global-transition-all h-heading style-1366 style-local-5572-c5 position-relative h-element\">\n                  <!---->\n                  <div class=\"h-heading__outer style-1366 style-local-5572-c5\">\n                    <!---->\n                    <!---->\n                    <h3 class=\"\">Stellenangebote f\u00fcr Sch\u00fclerInnen der Herzog-Ludwig Realschule<\/h3>\n                  <\/div>\n                <\/div>\n                <div data-colibri-id=\"5572-c6\" class=\"h-text h-text-component style-1367 style-local-5572-c6 position-relative h-element\">\n                  <!---->\n                  <!---->\n                  <div class=\"\">\n                    <p>Unternehmen und mittelst\u00e4ndische Betriebe der n\u00e4heren Umgebung wenden sich regelm\u00e4\u00dfig mit Stellenangeboten\/Ausbildungspl\u00e4tzen an die HLRS. Hr. Alois Aigner, Beratungsrektor und Koordinator f\u00fcr die Berufliche Orientierung, bietet die\n                      entsprechenden Anschreiben im folgenden zum Download an.<\/p>\n                  <\/div>\n                <\/div>\n                <div data-colibri-id=\"5572-c9\" class=\"style-1374 style-local-5572-c9 position-relative h-element\">\n                  <!---->\n                  <div class=\"\"><iframe loading=\"lazy\" src=\"https:\/\/hier-lebt-realschule.de\/stellenangebote\/list4.php\" width=\"100%\" height=\"300px\"><\/iframe><\/div>\n                <\/div>\n              <\/div>\n            <\/div>\n          <\/div>\n          <div class=\"h-column h-column-container d-flex h-col-lg-auto h-col-md-auto h-col-auto style-1370-outer style-local-5572-c7-outer\">\n            <div data-colibri-id=\"5572-c7\" class=\"d-flex h-flex-basis h-column__inner h-px-lg-2 h-px-md-2 h-px-2 v-inner-lg-2 v-inner-md-2 v-inner-2 style-1370 style-local-5572-c7 position-relative\">\n              <!---->\n              <!---->\n              <div class=\"w-100 h-y-container h-column__content h-column__v-align flex-basis-100 align-self-lg-center align-self-md-center align-self-center\">\n                <!---->\n                <div data-colibri-id=\"5572-c8\" class=\"d-block style-1371 style-local-5572-c8 position-relative h-element\">\n                  <!---->\n                  <div class=\"h-image__frame-container-outer\">\n                    <div class=\"h-image__frame-container\">\n                      <!---->\n                      <!---->\n                      <img loading=\"lazy\" decoding=\"async\" width=\"458\" height=\"458\" src=\"https:\/\/herzog-ludwig-rs.de\/web\/wp-content\/uploads\/2024\/02\/cropped-cropped-turt1-3-1.png\" class=\"wp-image-3506 style-1371-image style-local-5572-c8-image\" alt=\"\" srcset=\"https:\/\/herzog-ludwig-rs.de\/web\/wp-content\/uploads\/2024\/02\/cropped-cropped-turt1-3-1.png 458w, https:\/\/herzog-ludwig-rs.de\/web\/wp-content\/uploads\/2024\/02\/cropped-cropped-turt1-3-1-300x300.png 300w, https:\/\/herzog-ludwig-rs.de\/web\/wp-content\/uploads\/2024\/02\/cropped-cropped-turt1-3-1-150x150.png 150w\" sizes=\"(max-width: 458px) 100vw, 458px\" \/>\n                      <div class=\"h-image__frame h-hide-sm style-1371-frameImage style-local-5572-c8-frameImage\"><\/div>\n                    <\/div>\n                  <\/div>\n                <\/div>\n              <\/div>\n            <\/div>\n          <\/div>\n        <\/div>\n      <\/div>\n    <\/div>\n  <\/div>\n<\/div>","protected":false},"excerpt":{"rendered":"<p>Stellenangebote f\u00fcr Sch\u00fclerInnen der Herzog-Ludwig Realschule Unternehmen und mittelst\u00e4ndische Betriebe der n\u00e4heren Umgebung wenden sich regelm\u00e4\u00dfig mit Stellenangeboten\/Ausbildungspl\u00e4tzen an die HLRS. Hr. Alois Aigner, Beratungsrektor und Koordinator f\u00fcr die Berufliche Orientierung, bietet die entsprechenden Anschreiben im folgenden zum Download an.<\/p>\n","protected":false},"author":1,"featured_media":0,"parent":1628,"menu_order":0,"comment_status":"closed","ping_status":"closed","template":"page-templates\/full-width-page.php","meta":{"inline_featured_image":false,"footnotes":""},"_links":{"self":[{"href":"https:\/\/herzog-ludwig-rs.de\/web\/wp-json\/wp\/v2\/pages\/5572"}],"collection":[{"href":"https:\/\/herzog-ludwig-rs.de\/web\/wp-json\/wp\/v2\/pages"}],"about":[{"href":"https:\/\/herzog-ludwig-rs.de\/web\/wp-json\/wp\/v2\/types\/page"}],"author":[{"embeddable":true,"href":"https:\/\/herzog-ludwig-rs.de\/web\/wp-json\/wp\/v2\/users\/1"}],"replies":[{"embeddable":true,"href":"https:\/\/herzog-ludwig-rs.de\/web\/wp-json\/wp\/v2\/comments?post=5572"}],"version-history":[{"count":16,"href":"https:\/\/herzog-ludwig-rs.de\/web\/wp-json\/wp\/v2\/pages\/5572\/revisions"}],"predecessor-version":[{"id":5687,"href":"https:\/\/herzog-ludwig-rs.de\/web\/wp-json\/wp\/v2\/pages\/5572\/revisions\/5687"}],"up":[{"embeddable":true,"href":"https:\/\/herzog-ludwig-rs.de\/web\/wp-json\/wp\/v2\/pages\/1628"}],"wp:attachment":[{"href":"https:\/\/herzog-ludwig-rs.de\/web\/wp-json\/wp\/v2\/media?parent=5572"}],"curies":[{"name":"wp","href":"https:\/\/api.w.org\/{rel}","templated":true}]}}