{"id":5101,"date":"2024-07-24T13:33:23","date_gmt":"2024-07-24T11:33:23","guid":{"rendered":"https:\/\/herzog-ludwig-rs.de\/web\/?page_id=5101"},"modified":"2024-07-24T14:11:26","modified_gmt":"2024-07-24T12:11:26","slug":"herzog-ludwig","status":"publish","type":"page","link":"https:\/\/herzog-ludwig-rs.de\/web\/schulfamilie\/herzog-ludwig\/","title":{"rendered":"HERZOG-LUDWIG"},"content":{"rendered":"<div data-colibri-id=\"5101-c1\" class=\"style-1343 style-local-5101-c1 position-relative\">\n  <!---->\n  <div data-colibri-component=\"section\" data-colibri-id=\"5101-c2\" id=\"content\" class=\"h-section h-section-global-spacing d-flex align-items-lg-center align-items-md-center align-items-center style-1344 style-local-5101-c2 position-relative\">\n    <!---->\n    <!---->\n    <div class=\"h-section-grid-container h-section-boxed-container\">\n      <!---->\n      <div data-colibri-id=\"5101-c3\" class=\"h-row-container gutters-row-lg-2 gutters-row-md-2 gutters-row-2 gutters-row-v-lg-2 gutters-row-v-md-2 gutters-row-v-2 style-1345 style-local-5101-c3 position-relative\">\n        <!---->\n        <div class=\"h-row justify-content-lg-center justify-content-md-center justify-content-center align-items-lg-stretch align-items-md-stretch align-items-stretch gutters-col-lg-2 gutters-col-md-2 gutters-col-2 gutters-col-v-lg-2 gutters-col-v-md-2 gutters-col-v-2\">\n          <!---->\n          <div class=\"h-column h-column-container d-flex h-col-lg-auto h-col-md-auto h-col-auto style-1346-outer style-local-5101-c4-outer\">\n            <div data-colibri-id=\"5101-c4\" class=\"d-flex h-flex-basis h-column__inner h-px-lg-0 h-px-md-0 h-px-2 v-inner-lg-0 v-inner-md-0 v-inner-2 style-1346 style-local-5101-c4 position-relative\">\n              <!---->\n              <!---->\n              <div class=\"w-100 h-y-container h-column__content h-column__v-align flex-basis-100 align-self-lg-center align-self-md-center align-self-center\">\n                <!---->\n                <div data-colibri-id=\"5101-c5\" class=\"h-global-transition-all h-heading style-1347 style-local-5101-c5 position-relative h-element\">\n                  <!---->\n                  <div class=\"h-heading__outer style-1347 style-local-5101-c5\">\n                    <!---->\n                    <!---->\n                    <h3 class=\"\">Herzog-Ludwig (&#8222;Der Kehlheimer&#8220;)<\/h3>\n                  <\/div>\n                <\/div>\n                <div data-colibri-id=\"5101-c6\" class=\"h-text h-text-component style-1348 style-local-5101-c6 position-relative h-element\">\n                  <!---->\n                  <!---->\n                  <div class=\"\">\n                    <p><em style=\"font-weight: 600;\">Wer war Herzog Ludwig?<\/em><\/p>\n                    <p>Er geh\u00f6rte dem bayerischen Adelsgeschlecht der Wittelsbacher an und war von 1173-1231 Herzog von Bayern und Pfalzgraf bei Rhein. 1204 heiratete er die Gr\u00e4fin Ludmilla von Bogen, die in erster Ehe mit Albrecht III. verheiratet war und\n                      drei S\u00f6hne in die Ehe mitbrachte. Der gemeinsame Sohn Otto II. wurde der sp\u00e4tere Herzog von Bayern (1206-1253). Herzog Ludwig erhielt den Beinamen \u201eder Kelheimer\u201c, weil er 1231 in seinem Geburtsort Kelheim auf der Donaubr\u00fccke ermordet\n                      wurde. Dieser Mordfall ist bis heute nicht aufgekl\u00e4rt.<\/p>\n                    <p><em style=\"font-weight: 600;\">Was hat Herzog Ludwig mit Alt\u00f6tting und mit unserer Schule zu tun?<\/em><\/p>\n                    <p>Da Alt\u00f6tting bereits im fr\u00fchen Mittelalter K\u00f6nigspfalz der Karolinger war, entstanden unter dem Karolingerk\u00f6nig Karlmann das Chorherrenstift und die romanische Stiftskirche in Alt\u00f6tting. Dieses Stift wurde in den Ungarnst\u00fcrmen vernichtet\n                      und von Herzog Ludwig wieder erneuert. Damit wurde er zum ma\u00dfgeblichen Wegbereiter einer Stiftsschule, die um 1400 dem Stift angeschlossen wurde. Diese war die erste Schule, die es in Alt\u00f6tting gab. Sie leitete die lange Schultradition\n                      der Stadt ein.<\/p>\n                    <p>2001 wurde der Schule vom Kultusministerium der Name \u201eHerzog-Ludwig-Realschule\u201c verliehen.<\/p>\n                    <p><em style=\"font-weight: 600;\">Was leistete Herzog Ludwig f\u00fcr die Geschichte dar\u00fcber hinaus?<\/em><\/p>\n                    <p>Er gr\u00fcndete die St\u00e4dte Cham, Landau an der Isar, Landshut und Straubing. Ihm ist es auch zu verdanken, dass wir heute noch die wei\u00df-blaue Raute, das alte Wappen der Grafen von Bogen, im Bayernwappen haben.<\/p>\n                    <p><em style=\"font-weight: 600;\">Wo steht heute eine Skulptur des Namensgebers der Schule?<\/em><\/p>\n                    <p>Seine Witwe stiftete 1232 das Kloster Seligenthal in Landshut. Dort findet man die farbige Holzplastik des Herrscherpaares (siehe Foto).<\/p>\n                    <p><em style=\"font-weight: 600;\">Wie sieht es mit Nachkommen des Herzogs aus?<\/em><\/p>\n                    <p>Diese sind der M\u00e4rchenk\u00f6nig Ludwig II. und alle lebenden Vertreter des Hauses Wittelsbach.<\/p>\n                  <\/div>\n                <\/div>\n                <div data-colibri-id=\"5101-c12\" class=\"h-global-transition-all h-heading style-1359 style-local-5101-c12 position-relative h-element\">\n                  <!---->\n                  <div class=\"h-heading__outer style-1359 style-local-5101-c12\">\n                    <!---->\n                    <!---->\n                    <h4 class=\"\">Herzog-Ludwig erh\u00e4lt den Beinamen Kelheimer- eine Audio Dokumentation des Bayerischen Rundfunks (BR-Kalenderblatt)<\/h4>\n                  <\/div>\n                <\/div>\n                <div data-colibri-id=\"5101-c7\" class=\"h-row-container gutters-row-lg-0 gutters-row-md-0 gutters-row-2 gutters-row-v-lg-0 gutters-row-v-md-0 gutters-row-v-0 style-1349 style-local-5101-c7 position-relative\">\n                  <!---->\n                  <div class=\"h-row justify-content-lg-center justify-content-md-center justify-content-center align-items-lg-stretch align-items-md-stretch align-items-stretch gutters-col-lg-0 gutters-col-md-0 gutters-col-2 gutters-col-v-lg-0 gutters-col-v-md-0 gutters-col-v-0\">\n                    <!---->\n                    <div class=\"h-column h-column-container d-flex h-col-lg h-col-md h-col-auto style-1350-outer style-local-5101-c8-outer\">\n                      <div data-colibri-id=\"5101-c8\" class=\"d-flex h-flex-basis h-column__inner h-px-lg-1 h-px-md-1 h-px-1 v-inner-lg-1 v-inner-md-1 v-inner-1 style-1350 style-local-5101-c8 position-relative\">\n                        <!---->\n                        <!---->\n                        <div class=\"w-100 h-y-container h-column__content h-column__v-align flex-basis-100 align-self-lg-center align-self-md-center align-self-center\">\n                          <!---->\n                          <div data-colibri-id=\"5101-c11\" class=\"style-1358 style-local-5101-c11 position-relative h-element\">\n                            <!---->\n                            <div class=\"\"><audio controls>\r\n  <source src=\"https:\/\/www.herzog-ludwig-rs.de\/cms\/wp-content\/uploads\/2017\/09\/ludwig.mp3\" type=\"audio\/mpeg\">\r\n  Your browser does not support the audio tag.\r\n<\/audio><\/div>\n                          <\/div>\n                          <div data-colibri-id=\"5101-c13\" class=\"h-global-transition-all h-heading style-1360 style-local-5101-c13 position-relative h-element\">\n                            <!---->\n                            <div class=\"h-heading__outer style-1360 style-local-5101-c13\">\n                              <!---->\n                              <!---->\n                              <h4 class=\"\">BR-Kalenderblatt<\/h4>\n                            <\/div>\n                          <\/div>\n                        <\/div>\n                      <\/div>\n                    <\/div>\n                  <\/div>\n                <\/div>\n              <\/div>\n            <\/div>\n          <\/div>\n          <div class=\"h-column h-column-container d-flex h-col-lg-auto h-col-md-auto h-col-auto style-1353-outer style-local-5101-c9-outer\">\n            <div data-colibri-id=\"5101-c9\" class=\"d-flex h-flex-basis h-column__inner h-px-lg-0 h-px-md-2 h-px-0 v-inner-lg-0 v-inner-md-2 v-inner-0 style-1353 style-local-5101-c9 position-relative\">\n              <!---->\n              <!---->\n              <div class=\"w-100 h-y-container h-column__content h-column__v-align flex-basis-100 align-self-lg-start align-self-md-start align-self-start\">\n                <!---->\n                <div data-colibri-id=\"5101-c10\" class=\"d-block style-1354 style-local-5101-c10 position-relative h-element\">\n                  <!---->\n                  <div class=\"h-image__frame-container-outer\">\n                    <div class=\"h-image__frame-container\">\n                      <!---->\n                      <!---->\n                      <img loading=\"lazy\" decoding=\"async\" width=\"375\" height=\"375\" src=\"https:\/\/herzog-ludwig-rs.de\/web\/wp-content\/uploads\/2024\/07\/cropped-ludwig.jpg\" class=\"wp-image-5112 style-1354-image style-local-5101-c10-image\" alt=\"\" srcset=\"https:\/\/herzog-ludwig-rs.de\/web\/wp-content\/uploads\/2024\/07\/cropped-ludwig.jpg 375w, https:\/\/herzog-ludwig-rs.de\/web\/wp-content\/uploads\/2024\/07\/cropped-ludwig-300x300.jpg 300w, https:\/\/herzog-ludwig-rs.de\/web\/wp-content\/uploads\/2024\/07\/cropped-ludwig-150x150.jpg 150w\" sizes=\"(max-width: 375px) 100vw, 375px\" \/>\n                      <div class=\"h-image__frame h-hide-sm style-1354-frameImage style-local-5101-c10-frameImage\"><\/div>\n                    <\/div>\n                  <\/div>\n                <\/div>\n              <\/div>\n            <\/div>\n          <\/div>\n        <\/div>\n      <\/div>\n    <\/div>\n  <\/div>\n<\/div>","protected":false},"excerpt":{"rendered":"<p>Herzog-Ludwig (&#8222;Der Kehlheimer&#8220;) Wer war Herzog Ludwig? Er geh\u00f6rte dem bayerischen Adelsgeschlecht der Wittelsbacher an und war von 1173-1231 Herzog von Bayern und Pfalzgraf bei Rhein. 1204 heiratete er die Gr\u00e4fin Ludmilla von Bogen, die in erster Ehe mit Albrecht III. verheiratet war und drei S\u00f6hne in die Ehe mitbrachte. Der gemeinsame Sohn Otto II. [&hellip;]<\/p>\n","protected":false},"author":1,"featured_media":0,"parent":1628,"menu_order":0,"comment_status":"closed","ping_status":"closed","template":"page-templates\/full-width-page.php","meta":{"inline_featured_image":false,"footnotes":""},"_links":{"self":[{"href":"https:\/\/herzog-ludwig-rs.de\/web\/wp-json\/wp\/v2\/pages\/5101"}],"collection":[{"href":"https:\/\/herzog-ludwig-rs.de\/web\/wp-json\/wp\/v2\/pages"}],"about":[{"href":"https:\/\/herzog-ludwig-rs.de\/web\/wp-json\/wp\/v2\/types\/page"}],"author":[{"embeddable":true,"href":"https:\/\/herzog-ludwig-rs.de\/web\/wp-json\/wp\/v2\/users\/1"}],"replies":[{"embeddable":true,"href":"https:\/\/herzog-ludwig-rs.de\/web\/wp-json\/wp\/v2\/comments?post=5101"}],"version-history":[{"count":16,"href":"https:\/\/herzog-ludwig-rs.de\/web\/wp-json\/wp\/v2\/pages\/5101\/revisions"}],"predecessor-version":[{"id":5209,"href":"https:\/\/herzog-ludwig-rs.de\/web\/wp-json\/wp\/v2\/pages\/5101\/revisions\/5209"}],"up":[{"embeddable":true,"href":"https:\/\/herzog-ludwig-rs.de\/web\/wp-json\/wp\/v2\/pages\/1628"}],"wp:attachment":[{"href":"https:\/\/herzog-ludwig-rs.de\/web\/wp-json\/wp\/v2\/media?parent=5101"}],"curies":[{"name":"wp","href":"https:\/\/api.w.org\/{rel}","templated":true}]}}