{"id":5052,"date":"2024-07-24T13:11:56","date_gmt":"2024-07-24T11:11:56","guid":{"rendered":"https:\/\/herzog-ludwig-rs.de\/web\/?page_id=5052"},"modified":"2026-03-03T11:40:36","modified_gmt":"2026-03-03T10:40:36","slug":"jugendsozialarbeit","status":"publish","type":"page","link":"https:\/\/herzog-ludwig-rs.de\/web\/schulfamilie\/jugendsozialarbeit\/","title":{"rendered":"JUGENDSOZIALARBEIT"},"content":{"rendered":"<div data-colibri-id=\"5052-c1\" class=\"style-1324 style-local-5052-c1 position-relative\">\n  <!---->\n  <div data-colibri-component=\"section\" data-colibri-id=\"5052-c2\" id=\"content\" class=\"h-section h-section-global-spacing d-flex align-items-lg-center align-items-md-center align-items-center style-1325 style-local-5052-c2 position-relative\">\n    <!---->\n    <!---->\n    <div class=\"h-section-grid-container h-section-boxed-container\">\n      <!---->\n      <div data-colibri-id=\"5052-c3\" class=\"h-row-container gutters-row-lg-2 gutters-row-md-2 gutters-row-2 gutters-row-v-lg-2 gutters-row-v-md-2 gutters-row-v-2 style-1326 style-local-5052-c3 position-relative\">\n        <!---->\n        <div class=\"h-row justify-content-lg-center justify-content-md-center justify-content-center align-items-lg-stretch align-items-md-stretch align-items-stretch gutters-col-lg-2 gutters-col-md-2 gutters-col-2 gutters-col-v-lg-2 gutters-col-v-md-2 gutters-col-v-2\">\n          <!---->\n          <div class=\"h-column h-column-container d-flex h-col-lg-auto h-col-md-auto h-col-auto style-1327-outer style-local-5052-c4-outer\">\n            <div data-colibri-id=\"5052-c4\" class=\"d-flex h-flex-basis h-column__inner h-px-lg-0 h-px-md-0 h-px-2 v-inner-lg-0 v-inner-md-0 v-inner-2 style-1327 style-local-5052-c4 position-relative\">\n              <!---->\n              <!---->\n              <div class=\"w-100 h-y-container h-column__content h-column__v-align flex-basis-100 align-self-lg-center align-self-md-center align-self-center\">\n                <!---->\n                <div data-colibri-id=\"5052-c5\" class=\"h-global-transition-all h-heading style-1328 style-local-5052-c5 position-relative h-element\">\n                  <!---->\n                  <div class=\"h-heading__outer style-1328 style-local-5052-c5\">\n                    <!---->\n                    <!---->\n                    <h3 class=\"\">Frau&nbsp;Daniela F\u00fcrst-Holzner, Frau&nbsp;Sandra Dachgruber,\n                      <br>Frau Monika Rabl<\/h3>\n                  <\/div>\n                <\/div>\n                <div data-colibri-id=\"5052-c6\" class=\"h-text h-text-component style-1329 style-local-5052-c6 position-relative h-element\">\n                  <!---->\n                  <!---->\n                  <div class=\"\">\n                    <p><span style=\"font-weight: 600;\">Jugendsozialarbeit an Schulen (JaS)<\/span><\/p>\n                    <p><em>Was ist JaS?<\/em><\/p>\n                    <p>JaS ist ein Angebot der Jugendhilfe direkt an der Herzog-Ludwig-Realschule. Die Jugendsozialarbeit an Schulen (JaS) ist ein freiwilliges und kostenloses Beratungs- und Unterst\u00fctzungsangebot der Jugendhilfe direkt an der Herzog-Ludwig-Realschule.\n                      Das Angebot richtet sich in erster Linie an Sch\u00fclerinnen und Sch\u00fcler, die aufgrund von pers\u00f6nlichen, famili\u00e4ren oder schulischen Problemen besondere Unterst\u00fctzung ben\u00f6tigen, aber auch an Eltern, Lehrer und Lehrerinnen sowie andere\n                      Institutionen an der Schule.<\/p>\n                    <p><span style=\"font-weight: 600;\">Liebe Sch\u00fclerinnen und Sch\u00fcler:<\/span><\/p>\n                    <p>\u2022 Hast du Probleme in der Schule, im Freundeskreis oder in der Familie?<\/p>\n                    <p>\u2022 Gehst du ungern zur Schule?<\/p>\n                    <p>\u2022 Hast Du immer wieder \u00c4rger zu Hause?<\/p>\n                    <p>\u2022 Gibt es sonst Herausforderungen, bei denen Du Unterst\u00fctzung brauchst?<\/p>\n                    <p>\u2026dann vereinbare einen Termin f\u00fcr ein pers\u00f6nliches Gespr\u00e4ch. Gemeinsam suchen wir nach einer L\u00f6sung.<\/p>\n                    <p><span style=\"font-weight: 600;\">Liebe Eltern und Erziehungsberechtigte:<\/span><\/p>\n                    <p>\u2022 Machen Sie sich Sorgen \u00fcber das Verhalten Ihres Kindes?<\/p>\n                    <p>\u2022 Haben sich die schulischen Leistungen ohne ersichtlichen Grund verschlechtert?<\/p>\n                    <p>\u2022 Hat Ihr Kind keine Freunde oder zieht sich immer st\u00e4rker zur\u00fcck?<\/p>\n                    <p>\u2022 Haben Sie sonstige Sorgen oder wissen nicht weiter?<\/p>\n                    <p>\u2026 dann melden Sie sich zu einem unverbindlichen Gespr\u00e4chstermin an.<\/p>\n                    <p><span style=\"font-weight: 600;\">Unser Angebot<\/span><\/p>\n                    <p>\u2022 Beratung von Sch\u00fclerinnen und Sch\u00fclern bei pers\u00f6nlichen, famili\u00e4ren und schulischen Problemen<\/p>\n                    <p>\u2022 Unterst\u00fctzung der Eltern bei Erziehungsfragen<\/p>\n                    <p>\u2022 Organisation von Projekten\/Angeboten des sozialen Lernens<\/p>\n                    <p>\u2022 Zusammenarbeit mit verschiedenen Fachstellen<\/p>\n                    <p>\u2022 Einsatz f\u00fcr einen wirksamen Kinder- und Jugendschutz<\/p>\n                    <p>Die Beratung ist <span style=\"font-weight: 600;\">kostenlos <\/span>und <span style=\"font-weight: 600;\">unverbindlich<\/span>, die Inhalte der Gespr\u00e4che unterliegen der gesetzlichen <span style=\"font-weight: 600;\">Schweigepflicht<\/span>.<\/p>\n                  <\/div>\n                <\/div>\n                <div data-colibri-id=\"5052-c7\" class=\"h-global-transition-all h-heading style-1340 style-local-5052-c7 position-relative h-element\">\n                  <!---->\n                  <div class=\"h-heading__outer style-1340 style-local-5052-c7\">\n                    <!---->\n                    <!---->\n                    <h4 class=\"\">Erreichbarkeit<\/h4>\n                  <\/div>\n                <\/div>\n                <div data-colibri-id=\"5052-c8\" class=\"h-text h-text-component style-1342 style-local-5052-c8 position-relative h-element\">\n                  <!---->\n                  <!---->\n                  <div class=\"\">\n                    <p><span style=\"font-weight: 600;\">Fr. Daniela F\u00fcrst-Holzner<\/span>\n                      <br>Zimmer E 06\n                      <br>Tel: +49(0)152 05415885\n                      <br>E-Mail: daniela.fuerst-holzner@awo-obb.de\n                      <br><em>Jahrgangsstufen 7 und 9<\/em>\n                      <br>\n                    <\/p>\n                    <p><span style=\"font-weight: 600;\">Di, Mi, Fr 07:00 Uhr \u2013 14:00 Uhr und nach Vereinbarung<\/span><\/p>\n                    <p><span style=\"font-weight: 600;\">Fr. Sandra Dachgruber<\/span>\n                      <br>Zimmer E 06\n                      <br>Tel: 01628000641\n                      <br>E-Mail: sandra.dachgruber@awo-obb.de\n                      <br>J<em>ahrgangsstufen 8 und 10<\/em><\/p>\n                    <p><span style=\"font-weight: 600;\">Montag bis Donnerstag 08:00 \u2013 13:00 Uhr und nach Vereinbarung<\/span><\/p>\n                    <p><span style=\"font-weight: 600;\">Fr. Monika Rabl<\/span>\n                      <br>Tel:&nbsp;08671-963963\n                      <br>E-Mail:&nbsp;monika.rabl@awo-obb.de\n                      <br><em>Jahrgangsstufen 5 und 6<\/em><\/p>\n                    <p><span style=\"font-weight: 600;\">Montag, Dienstag, Donnerstag, Freitag 08:00 Uhr &#8211; 13.00 Uhr und nach Vereinbarung<\/span><\/p>\n                  <\/div>\n                <\/div>\n                <div data-colibri-id=\"5052-c9\" class=\"h-global-transition-all h-heading style-1341 style-local-5052-c9 position-relative h-element\">\n                  <!---->\n                  <div class=\"h-heading__outer style-1341 style-local-5052-c9\">\n                    <!---->\n                    <!---->\n                    <h4 class=\"\">Kontaktformular<\/h4>\n                  <\/div>\n                <\/div>\n                <div data-colibri-id=\"5052-c10\" class=\"h-row-container gutters-row-lg-0 gutters-row-md-0 gutters-row-2 gutters-row-v-lg-0 gutters-row-v-md-0 gutters-row-v-0 style-1330 style-local-5052-c10 position-relative\">\n                  <!---->\n                  <div class=\"h-row justify-content-lg-center justify-content-md-center justify-content-center align-items-lg-stretch align-items-md-stretch align-items-stretch gutters-col-lg-0 gutters-col-md-0 gutters-col-2 gutters-col-v-lg-0 gutters-col-v-md-0 gutters-col-v-0\">\n                    <!---->\n                    <div class=\"h-column h-column-container d-flex h-col-lg h-col-md h-col-auto style-1331-outer style-local-5052-c11-outer\">\n                      <div data-colibri-id=\"5052-c11\" class=\"d-flex h-flex-basis h-column__inner h-px-lg-1 h-px-md-1 h-px-1 v-inner-lg-1 v-inner-md-1 v-inner-1 style-1331 style-local-5052-c11 position-relative\">\n                        <!---->\n                        <!---->\n                        <div class=\"w-100 h-y-container h-column__content h-column__v-align flex-basis-100 align-self-lg-start align-self-md-start align-self-start\">\n                          <!---->\n                          <div data-colibri-id=\"5052-c12\" class=\"h-contact-form__outer--forminator style-1337 style-local-5052-c12 position-relative h-element\">\n                            <!---->\n                            <div class=\"h-global-transition-all h-global-transition h-global-transition-all h-contact-form-shortcode\"><div class=\"forminator-ui forminator-custom-form forminator-custom-form-5069 forminator-design--default  forminator_ajax\" data-forminator-render=\"0\" data-form=\"forminator-module-5069\" data-uid=\"69da41be3089e\"><br\/><\/div><form\n\t\t\t\tid=\"forminator-module-5069\"\n\t\t\t\tclass=\"forminator-ui forminator-custom-form forminator-custom-form-5069 forminator-design--default  forminator_ajax\"\n\t\t\t\tmethod=\"post\"\n\t\t\t\tdata-forminator-render=\"0\"\n\t\t\t\tdata-form-id=\"5069\"\n\t\t\t\t\n\t\t\t\tdata-design=\"default\"\n\t\t\t\t\n\t\t\t\t\n\t\t\t\t\n\t\t\t\tdata-grid=\"open\"\n\t\t\t\t\n\t\t\t\t\n\t\t\t\tstyle=\"display: none;\"\n\t\t\t\t\n\t\t\t\tdata-uid=\"69da41be3089e\"\n\t\t\t><div role=\"alert\" aria-live=\"polite\" class=\"forminator-response-message forminator-error\" aria-hidden=\"true\"><\/div><div class=\"forminator-row\"><div id=\"name-1\" class=\"forminator-field-name forminator-col forminator-col-12 \"><div class=\"forminator-field\"><label for=\"forminator-field-name-1_69da41be3089e\" id=\"forminator-field-name-1_69da41be3089e-label\" class=\"forminator-label\">Name <span class=\"forminator-required\">*<\/span><\/label><input type=\"text\" name=\"name-1\" value=\"\" placeholder=\"Max Mustermann\" id=\"forminator-field-name-1_69da41be3089e\" class=\"forminator-input forminator-name--field\" aria-required=\"true\" \/><\/div><\/div><\/div><div class=\"forminator-row\"><div id=\"email-1\" class=\"forminator-field-email forminator-col forminator-col-12 \"><div class=\"forminator-field\"><label for=\"forminator-field-email-1_69da41be3089e\" id=\"forminator-field-email-1_69da41be3089e-label\" class=\"forminator-label\">Email Addresse <span class=\"forminator-required\">*<\/span><\/label><input type=\"email\" name=\"email-1\" value=\"\" placeholder=\"max@mustermann.de\" id=\"forminator-field-email-1_69da41be3089e\" class=\"forminator-input forminator-email--field\" data-required=\"true\" aria-required=\"true\" \/><\/div><\/div><\/div><div class=\"forminator-row\"><div id=\"phone-1\" class=\"forminator-field-phone forminator-col forminator-col-12 \"><div class=\"forminator-field\"><label for=\"forminator-field-phone-1_69da41be3089e\" id=\"forminator-field-phone-1_69da41be3089e-label\" class=\"forminator-label\">Telefon<\/label><input type=\"text\" name=\"phone-1\" value=\"\" placeholder=\"optional\" id=\"forminator-field-phone-1_69da41be3089e\" class=\"forminator-input forminator-field--phone\" data-required=\"\" aria-required=\"false\" autocomplete=\"off\" \/><\/div><\/div><\/div><div class=\"forminator-row\"><div id=\"textarea-1\" class=\"forminator-field-textarea forminator-col forminator-col-12 \"><div class=\"forminator-field\"><label for=\"forminator-field-textarea-1_69da41be3089e\" id=\"forminator-field-textarea-1_69da41be3089e-label\" class=\"forminator-label\">Nachricht <span class=\"forminator-required\">*<\/span><\/label><textarea name=\"textarea-1\" placeholder=\"Geben Sie Ihren Text ein ...\" id=\"forminator-field-textarea-1_69da41be3089e\" class=\"forminator-textarea\" rows=\"6\" style=\"min-height:140px;\" maxlength=\"250\" ><\/textarea><span id=\"forminator-field-textarea-1_69da41be3089e-description\" class=\"forminator-description\"><span data-limit=\"250\" data-type=\"characters\">0 \/ 250<\/span><\/span><\/div><\/div><\/div><input type=\"hidden\" name=\"referer_url\" value=\"\" \/><div class=\"forminator-row forminator-row-last\"><div class=\"forminator-col\"><div class=\"forminator-field\"><button class=\"forminator-button forminator-button-submit\">Nachricht senden<\/button><\/div><\/div><\/div><input type=\"hidden\" id=\"forminator_nonce\" name=\"forminator_nonce\" value=\"5dc01f95f8\" \/><input type=\"hidden\" name=\"_wp_http_referer\" value=\"\/web\/wp-json\/wp\/v2\/pages\/5052\" \/><input type=\"hidden\" name=\"form_id\" value=\"5069\"><input type=\"hidden\" name=\"page_id\" value=\"5052\"><input type=\"hidden\" name=\"form_type\" value=\"default\"><input type=\"hidden\" name=\"current_url\" value=\"https:\/\/herzog-ludwig-rs.de\/web\/schulfamilie\/jugendsozialarbeit\/\"><input type=\"hidden\" name=\"render_id\" value=\"0\"><input type=\"hidden\" name=\"action\" value=\"forminator_submit_form_custom-forms\"><label for=\"input_5\" class=\"forminator-hidden\" aria-hidden=\"true\">Please do not fill in this field. <input id=\"input_5\" type=\"text\" name=\"input_5\" value=\"\" autocomplete=\"off\"><\/label><\/form><\/div>\n                          <\/div>\n                        <\/div>\n                      <\/div>\n                    <\/div>\n                  <\/div>\n                <\/div>\n              <\/div>\n            <\/div>\n          <\/div>\n          <div class=\"h-column h-column-container d-flex h-col-lg-auto h-col-md-auto h-col-auto style-1334-outer style-local-5052-c13-outer\">\n            <div data-colibri-id=\"5052-c13\" class=\"d-flex h-flex-basis h-column__inner h-px-lg-0 h-px-md-2 h-px-0 v-inner-lg-0 v-inner-md-2 v-inner-0 style-1334 style-local-5052-c13 position-relative\">\n              <!---->\n              <!---->\n              <div class=\"w-100 h-y-container h-column__content h-column__v-align flex-basis-100 align-self-lg-start align-self-md-start align-self-start\">\n                <!---->\n                <div data-colibri-id=\"5052-c14\" class=\"d-block style-1335 style-local-5052-c14 position-relative h-element\">\n                  <!---->\n                  <div class=\"h-image__frame-container-outer\">\n                    <div class=\"h-image__frame-container\">\n                      <!---->\n                      <!---->\n                      <img loading=\"lazy\" decoding=\"async\" width=\"501\" height=\"232\" src=\"https:\/\/herzog-ludwig-rs.de\/web\/wp-content\/uploads\/2024\/10\/awo.jpg\" class=\"wp-image-5961 style-1335-image style-local-5052-c14-image\" alt=\"\" srcset=\"https:\/\/herzog-ludwig-rs.de\/web\/wp-content\/uploads\/2024\/10\/awo.jpg 501w, https:\/\/herzog-ludwig-rs.de\/web\/wp-content\/uploads\/2024\/10\/awo-300x139.jpg 300w\" sizes=\"(max-width: 501px) 100vw, 501px\" \/>\n                      <div class=\"h-image__frame h-hide-sm style-1335-frameImage style-local-5052-c14-frameImage\"><\/div>\n                    <\/div>\n                  <\/div>\n                <\/div>\n              <\/div>\n            <\/div>\n          <\/div>\n        <\/div>\n      <\/div>\n    <\/div>\n  <\/div>\n<\/div>","protected":false},"excerpt":{"rendered":"<p>Frau&nbsp;Daniela F\u00fcrst-Holzner, Frau&nbsp;Sandra Dachgruber, Frau Monika Rabl Jugendsozialarbeit an Schulen (JaS) Was ist JaS? JaS ist ein Angebot der Jugendhilfe direkt an der Herzog-Ludwig-Realschule. Die Jugendsozialarbeit an Schulen (JaS) ist ein freiwilliges und kostenloses Beratungs- und Unterst\u00fctzungsangebot der Jugendhilfe direkt an der Herzog-Ludwig-Realschule. Das Angebot richtet sich in erster Linie an Sch\u00fclerinnen und Sch\u00fcler, die [&hellip;]<\/p>\n","protected":false},"author":1,"featured_media":0,"parent":1628,"menu_order":0,"comment_status":"closed","ping_status":"closed","template":"page-templates\/full-width-page.php","meta":{"inline_featured_image":false,"footnotes":""},"_links":{"self":[{"href":"https:\/\/herzog-ludwig-rs.de\/web\/wp-json\/wp\/v2\/pages\/5052"}],"collection":[{"href":"https:\/\/herzog-ludwig-rs.de\/web\/wp-json\/wp\/v2\/pages"}],"about":[{"href":"https:\/\/herzog-ludwig-rs.de\/web\/wp-json\/wp\/v2\/types\/page"}],"author":[{"embeddable":true,"href":"https:\/\/herzog-ludwig-rs.de\/web\/wp-json\/wp\/v2\/users\/1"}],"replies":[{"embeddable":true,"href":"https:\/\/herzog-ludwig-rs.de\/web\/wp-json\/wp\/v2\/comments?post=5052"}],"version-history":[{"count":11,"href":"https:\/\/herzog-ludwig-rs.de\/web\/wp-json\/wp\/v2\/pages\/5052\/revisions"}],"predecessor-version":[{"id":7318,"href":"https:\/\/herzog-ludwig-rs.de\/web\/wp-json\/wp\/v2\/pages\/5052\/revisions\/7318"}],"up":[{"embeddable":true,"href":"https:\/\/herzog-ludwig-rs.de\/web\/wp-json\/wp\/v2\/pages\/1628"}],"wp:attachment":[{"href":"https:\/\/herzog-ludwig-rs.de\/web\/wp-json\/wp\/v2\/media?parent=5052"}],"curies":[{"name":"wp","href":"https:\/\/api.w.org\/{rel}","templated":true}]}}