{"id":4990,"date":"2024-07-22T16:24:22","date_gmt":"2024-07-22T14:24:22","guid":{"rendered":"https:\/\/herzog-ludwig-rs.de\/web\/?page_id=4990"},"modified":"2024-07-22T16:35:13","modified_gmt":"2024-07-22T14:35:13","slug":"schulpsychologie","status":"publish","type":"page","link":"https:\/\/herzog-ludwig-rs.de\/web\/schulfamilie\/schulpsychologie\/","title":{"rendered":"SCHULPSYCHOLOGIE"},"content":{"rendered":"<div data-colibri-id=\"4990-c1\" class=\"style-1308 style-local-4990-c1 position-relative\">\n  <!---->\n  <div data-colibri-component=\"section\" data-colibri-id=\"4990-c2\" id=\"content\" class=\"h-section h-section-global-spacing d-flex align-items-lg-center align-items-md-center align-items-center style-1309 style-local-4990-c2 position-relative\">\n    <!---->\n    <!---->\n    <div class=\"h-section-grid-container h-section-boxed-container\">\n      <!---->\n      <div data-colibri-id=\"4990-c3\" class=\"h-row-container gutters-row-lg-2 gutters-row-md-2 gutters-row-2 gutters-row-v-lg-2 gutters-row-v-md-2 gutters-row-v-2 style-1310 style-local-4990-c3 position-relative\">\n        <!---->\n        <div class=\"h-row justify-content-lg-center justify-content-md-center justify-content-center align-items-lg-stretch align-items-md-stretch align-items-stretch gutters-col-lg-2 gutters-col-md-2 gutters-col-2 gutters-col-v-lg-2 gutters-col-v-md-2 gutters-col-v-2\">\n          <!---->\n          <div class=\"h-column h-column-container d-flex h-col-lg-auto h-col-md-auto h-col-auto style-1311-outer style-local-4990-c4-outer\">\n            <div data-colibri-id=\"4990-c4\" class=\"d-flex h-flex-basis h-column__inner h-px-lg-0 h-px-md-0 h-px-2 v-inner-lg-0 v-inner-md-0 v-inner-2 style-1311 style-local-4990-c4 position-relative\">\n              <!---->\n              <!---->\n              <div class=\"w-100 h-y-container h-column__content h-column__v-align flex-basis-100 align-self-lg-center align-self-md-center align-self-center\">\n                <!---->\n                <div data-colibri-id=\"4990-c5\" class=\"h-global-transition-all h-heading style-1312 style-local-4990-c5 position-relative h-element\">\n                  <!---->\n                  <div class=\"h-heading__outer style-1312 style-local-4990-c5\">\n                    <!---->\n                    <!---->\n                    <h3 class=\"\">Schulpsychologin Fr. Daniela Irl&nbsp;<\/h3>\n                  <\/div>\n                <\/div>\n                <div data-colibri-id=\"4990-c6\" class=\"h-text h-text-component style-1313 style-local-4990-c6 position-relative h-element\">\n                  <!---->\n                  <!---->\n                  <div class=\"\">\n                    <p>Liebe Sch\u00fclerinnen und Sch\u00fcler, sehr geehrte Eltern und Erziehungsberechtigte,<\/p>\n                    <p>n diesem Schuljahr stehe ich euch\/Ihnen wieder als Ansprechpartnerin in Fragen der Schulpsychologie zur Verf\u00fcgung. Die Beratung umfasst alle Anliegen, die die Schule oder das schulische Umfeld betreffen. Dazu geh\u00f6ren beispielsweise:<\/p>\n                    <p>\u2022 <span style=\"font-weight: 600;\">Lern- und Leistungsschwierigkeiten<\/span><\/p>\n                    <p><span style=\"font-weight: 600;\">\u2022 Lese-Rechtschreib-St\u00f6rung<\/span><\/p>\n                    <p><span style=\"font-weight: 600;\">\u2022 pers\u00f6nliche Krisen<\/span><\/p>\n                    <p><span style=\"font-weight: 600;\">\u2022 famili\u00e4re Konflikte und Probleme<\/span><\/p>\n                    <p><span style=\"font-weight: 600;\">\u2022 Schwierigkeiten in der Klasse<\/span><\/p>\n                    <p><span style=\"font-weight: 600;\">\u2022 Fragen zur Inklusion<\/span><\/p>\n                    <p><span style=\"font-weight: 600;\">\u2022 \u00c4ngste wie Pr\u00fcfungs-oder Schulangst<\/span><\/p>\n                    <p><span style=\"font-weight: 600;\">\u2022 Beratung bei Verdacht auf AD(H)S, Depressionen, Essst\u00f6rungen, \u2026<\/span><\/p>\n                    <p><span style=\"font-weight: 600;\">\u2022 Unterst\u00fctzung bei der Suche nach weiteren Anlaufstellen oder Therapeuten<\/span><\/p>\n                    <p>\u2022 \u2026<\/p>\n                    <p>Die Beratung ist freiwillig, kostenlos und streng vertraulich. Scheut euch\/scheuen Sie sich bitte nicht, vor einer fr\u00fchzeitigen Kontaktaufnahme! Ich bin Montag (Vormittag und Nachmittag), Mittwoch und Donnerstag (jeweils Vormittag)\n                      an der Schule.<\/p>\n                    <p><span style=\"font-weight: 600;\">Kontaktaufnahme und Terminvereinbarung:<\/span><\/p>\n                    <p><span style=\"font-weight: 600;\">Eltern<\/span>: Vereinbaren Sie bitte einen Termin in den Telefonsprechstunden \u2013 Montag 1. Stunde (8.05-8.50 Uhr) oder Donnerstag 6. Stunde (12.20-13.00 Uhr) \u2013 oder teilen Sie mir Ihr Anliegen per E-Mail\n                      (daniela.irl@hlrs-office365.de) oder \u00fcber den Schulmanager mit. In diesem Fall bitte unbedingt eine Telefonnummer f\u00fcr einen R\u00fcckruf angeben.<\/p>\n                    <p><span style=\"font-weight: 600;\">Sch\u00fcler<\/span>: Ihr k\u00f6nnt mich zus\u00e4tzlich auch jederzeit in der Schule ansprechen (Mo, Mi oder Do \u2013 Raum 130 oder Lehrerzimmer).<\/p>\n                  <\/div>\n                <\/div>\n                <div data-colibri-id=\"4990-c7\" class=\"h-global-transition-all h-heading style-1320 style-local-4990-c7 position-relative h-element\">\n                  <!---->\n                  <div class=\"h-heading__outer style-1320 style-local-4990-c7\">\n                    <!---->\n                    <!---->\n                    <h4 class=\"\">Kontaktformular<\/h4>\n                  <\/div>\n                <\/div>\n                <div data-colibri-id=\"4990-c8\" class=\"h-row-container gutters-row-lg-0 gutters-row-md-0 gutters-row-2 gutters-row-v-lg-0 gutters-row-v-md-0 gutters-row-v-0 style-1314 style-local-4990-c8 position-relative\">\n                  <!---->\n                  <div class=\"h-row justify-content-lg-center justify-content-md-center justify-content-center align-items-lg-stretch align-items-md-stretch align-items-stretch gutters-col-lg-0 gutters-col-md-0 gutters-col-2 gutters-col-v-lg-0 gutters-col-v-md-0 gutters-col-v-0\">\n                    <!---->\n                    <div class=\"h-column h-column-container d-flex h-col-lg h-col-md h-col-auto style-1315-outer style-local-4990-c9-outer\">\n                      <div data-colibri-id=\"4990-c9\" class=\"d-flex h-flex-basis h-column__inner h-px-lg-1 h-px-md-1 h-px-1 v-inner-lg-1 v-inner-md-1 v-inner-1 style-1315 style-local-4990-c9 position-relative\">\n                        <!---->\n                        <!---->\n                        <div class=\"w-100 h-y-container h-column__content h-column__v-align flex-basis-100 align-self-lg-start align-self-md-start align-self-start\">\n                          <!---->\n                          <div data-colibri-id=\"4990-c12\" class=\"h-contact-form__outer--forminator style-1323 style-local-4990-c12 position-relative h-element\">\n                            <!---->\n                            <div class=\"h-global-transition-all h-global-transition h-global-transition-all h-contact-form-shortcode\"><div class=\"forminator-ui forminator-custom-form forminator-custom-form-5015 forminator-design--default  forminator_ajax\" data-forminator-render=\"0\" data-form=\"forminator-module-5015\" data-uid=\"69da416896000\"><br\/><\/div><form\n\t\t\t\tid=\"forminator-module-5015\"\n\t\t\t\tclass=\"forminator-ui forminator-custom-form forminator-custom-form-5015 forminator-design--default  forminator_ajax\"\n\t\t\t\tmethod=\"post\"\n\t\t\t\tdata-forminator-render=\"0\"\n\t\t\t\tdata-form-id=\"5015\"\n\t\t\t\t\n\t\t\t\tdata-design=\"default\"\n\t\t\t\t\n\t\t\t\t\n\t\t\t\t\n\t\t\t\tdata-grid=\"open\"\n\t\t\t\t\n\t\t\t\t\n\t\t\t\tstyle=\"display: none;\"\n\t\t\t\t\n\t\t\t\tdata-uid=\"69da416896000\"\n\t\t\t><div role=\"alert\" aria-live=\"polite\" class=\"forminator-response-message forminator-error\" aria-hidden=\"true\"><\/div><div class=\"forminator-row\"><div id=\"name-1\" class=\"forminator-field-name forminator-col forminator-col-12 \"><div class=\"forminator-field\"><label for=\"forminator-field-name-1_69da416896000\" id=\"forminator-field-name-1_69da416896000-label\" class=\"forminator-label\">Name <span class=\"forminator-required\">*<\/span><\/label><input type=\"text\" name=\"name-1\" value=\"\" placeholder=\"Max Mustermann\" id=\"forminator-field-name-1_69da416896000\" class=\"forminator-input forminator-name--field\" aria-required=\"true\" \/><\/div><\/div><\/div><div class=\"forminator-row\"><div id=\"email-1\" class=\"forminator-field-email forminator-col forminator-col-12 \"><div class=\"forminator-field\"><label for=\"forminator-field-email-1_69da416896000\" id=\"forminator-field-email-1_69da416896000-label\" class=\"forminator-label\">Email Addresse <span class=\"forminator-required\">*<\/span><\/label><input type=\"email\" name=\"email-1\" value=\"\" placeholder=\"max@mustermann.de\" id=\"forminator-field-email-1_69da416896000\" class=\"forminator-input forminator-email--field\" data-required=\"true\" aria-required=\"true\" \/><\/div><\/div><\/div><div class=\"forminator-row\"><div id=\"phone-1\" class=\"forminator-field-phone forminator-col forminator-col-12 \"><div class=\"forminator-field\"><label for=\"forminator-field-phone-1_69da416896000\" id=\"forminator-field-phone-1_69da416896000-label\" class=\"forminator-label\">Telefon<\/label><input type=\"text\" name=\"phone-1\" value=\"\" placeholder=\"optional\" id=\"forminator-field-phone-1_69da416896000\" class=\"forminator-input forminator-field--phone\" data-required=\"\" aria-required=\"false\" autocomplete=\"off\" \/><\/div><\/div><\/div><div class=\"forminator-row\"><div id=\"textarea-1\" class=\"forminator-field-textarea forminator-col forminator-col-12 \"><div class=\"forminator-field\"><label for=\"forminator-field-textarea-1_69da416896000\" id=\"forminator-field-textarea-1_69da416896000-label\" class=\"forminator-label\">Nachricht <span class=\"forminator-required\">*<\/span><\/label><textarea name=\"textarea-1\" placeholder=\"Geben Sie Ihren Text ein ...\" id=\"forminator-field-textarea-1_69da416896000\" class=\"forminator-textarea\" rows=\"6\" style=\"min-height:140px;\" maxlength=\"250\" ><\/textarea><span id=\"forminator-field-textarea-1_69da416896000-description\" class=\"forminator-description\"><span data-limit=\"250\" data-type=\"characters\">0 \/ 250<\/span><\/span><\/div><\/div><\/div><input type=\"hidden\" name=\"referer_url\" value=\"\" \/><div class=\"forminator-row forminator-row-last\"><div class=\"forminator-col\"><div class=\"forminator-field\"><button class=\"forminator-button forminator-button-submit\">Nachricht senden<\/button><\/div><\/div><\/div><input type=\"hidden\" id=\"forminator_nonce\" name=\"forminator_nonce\" value=\"5dc01f95f8\" \/><input type=\"hidden\" name=\"_wp_http_referer\" value=\"\/web\/wp-json\/wp\/v2\/pages\/4990\" \/><input type=\"hidden\" name=\"form_id\" value=\"5015\"><input type=\"hidden\" name=\"page_id\" value=\"4990\"><input type=\"hidden\" name=\"form_type\" value=\"default\"><input type=\"hidden\" name=\"current_url\" value=\"https:\/\/herzog-ludwig-rs.de\/web\/schulfamilie\/schulpsychologie\/\"><input type=\"hidden\" name=\"render_id\" value=\"0\"><input type=\"hidden\" name=\"action\" value=\"forminator_submit_form_custom-forms\"><label for=\"input_5\" class=\"forminator-hidden\" aria-hidden=\"true\">Please do not fill in this field. <input id=\"input_5\" type=\"text\" name=\"input_5\" value=\"\" autocomplete=\"off\"><\/label><\/form><\/div>\n                          <\/div>\n                        <\/div>\n                      <\/div>\n                    <\/div>\n                  <\/div>\n                <\/div>\n              <\/div>\n            <\/div>\n          <\/div>\n          <div class=\"h-column h-column-container d-flex h-col-lg-auto h-col-md-auto h-col-auto style-1318-outer style-local-4990-c10-outer\">\n            <div data-colibri-id=\"4990-c10\" class=\"d-flex h-flex-basis h-column__inner h-px-lg-0 h-px-md-2 h-px-0 v-inner-lg-0 v-inner-md-2 v-inner-0 style-1318 style-local-4990-c10 position-relative\">\n              <!---->\n              <!---->\n              <div class=\"w-100 h-y-container h-column__content h-column__v-align flex-basis-100 align-self-lg-start align-self-md-start align-self-start\">\n                <!---->\n                <div data-colibri-id=\"4990-c11\" class=\"d-block style-1319 style-local-4990-c11 position-relative h-element\">\n                  <!---->\n                  <div class=\"h-image__frame-container-outer\">\n                    <div class=\"h-image__frame-container\">\n                      <!---->\n                      <!---->\n                      <img loading=\"lazy\" decoding=\"async\" width=\"548\" height=\"305\" src=\"https:\/\/herzog-ludwig-rs.de\/web\/wp-content\/uploads\/2024\/02\/sl.png\" class=\"wp-image-2710 style-1319-image style-local-4990-c11-image\" alt=\"\" srcset=\"https:\/\/herzog-ludwig-rs.de\/web\/wp-content\/uploads\/2024\/02\/sl.png 548w, https:\/\/herzog-ludwig-rs.de\/web\/wp-content\/uploads\/2024\/02\/sl-300x167.png 300w\" sizes=\"(max-width: 548px) 100vw, 548px\" \/>\n                      <div class=\"h-image__frame h-hide-sm style-1319-frameImage style-local-4990-c11-frameImage\"><\/div>\n                    <\/div>\n                  <\/div>\n                <\/div>\n              <\/div>\n            <\/div>\n          <\/div>\n        <\/div>\n      <\/div>\n    <\/div>\n  <\/div>\n<\/div>","protected":false},"excerpt":{"rendered":"<p>Schulpsychologin Fr. Daniela Irl&nbsp; Liebe Sch\u00fclerinnen und Sch\u00fcler, sehr geehrte Eltern und Erziehungsberechtigte, n diesem Schuljahr stehe ich euch\/Ihnen wieder als Ansprechpartnerin in Fragen der Schulpsychologie zur Verf\u00fcgung. Die Beratung umfasst alle Anliegen, die die Schule oder das schulische Umfeld betreffen. Dazu geh\u00f6ren beispielsweise: \u2022 Lern- und Leistungsschwierigkeiten \u2022 Lese-Rechtschreib-St\u00f6rung \u2022 pers\u00f6nliche Krisen \u2022 famili\u00e4re [&hellip;]<\/p>\n","protected":false},"author":1,"featured_media":0,"parent":1628,"menu_order":0,"comment_status":"closed","ping_status":"closed","template":"page-templates\/full-width-page.php","meta":{"inline_featured_image":false,"footnotes":""},"_links":{"self":[{"href":"https:\/\/herzog-ludwig-rs.de\/web\/wp-json\/wp\/v2\/pages\/4990"}],"collection":[{"href":"https:\/\/herzog-ludwig-rs.de\/web\/wp-json\/wp\/v2\/pages"}],"about":[{"href":"https:\/\/herzog-ludwig-rs.de\/web\/wp-json\/wp\/v2\/types\/page"}],"author":[{"embeddable":true,"href":"https:\/\/herzog-ludwig-rs.de\/web\/wp-json\/wp\/v2\/users\/1"}],"replies":[{"embeddable":true,"href":"https:\/\/herzog-ludwig-rs.de\/web\/wp-json\/wp\/v2\/comments?post=4990"}],"version-history":[{"count":5,"href":"https:\/\/herzog-ludwig-rs.de\/web\/wp-json\/wp\/v2\/pages\/4990\/revisions"}],"predecessor-version":[{"id":5025,"href":"https:\/\/herzog-ludwig-rs.de\/web\/wp-json\/wp\/v2\/pages\/4990\/revisions\/5025"}],"up":[{"embeddable":true,"href":"https:\/\/herzog-ludwig-rs.de\/web\/wp-json\/wp\/v2\/pages\/1628"}],"wp:attachment":[{"href":"https:\/\/herzog-ludwig-rs.de\/web\/wp-json\/wp\/v2\/media?parent=4990"}],"curies":[{"name":"wp","href":"https:\/\/api.w.org\/{rel}","templated":true}]}}