{"id":4880,"date":"2024-07-22T15:48:51","date_gmt":"2024-07-22T13:48:51","guid":{"rendered":"https:\/\/herzog-ludwig-rs.de\/web\/?page_id=4880"},"modified":"2024-07-22T16:34:34","modified_gmt":"2024-07-22T14:34:34","slug":"beratung","status":"publish","type":"page","link":"https:\/\/herzog-ludwig-rs.de\/web\/schulfamilie\/beratung\/","title":{"rendered":"BERATUNG"},"content":{"rendered":"<div data-colibri-id=\"4880-c1\" class=\"style-1280 style-local-4880-c1 position-relative\">\n  <!---->\n  <div data-colibri-component=\"section\" data-colibri-id=\"4880-c2\" id=\"content\" class=\"h-section h-section-global-spacing d-flex align-items-lg-center align-items-md-center align-items-center style-1281 style-local-4880-c2 position-relative\">\n    <!---->\n    <!---->\n    <div class=\"h-section-grid-container h-section-boxed-container\">\n      <!---->\n      <div data-colibri-id=\"4880-c3\" class=\"h-row-container gutters-row-lg-2 gutters-row-md-2 gutters-row-2 gutters-row-v-lg-2 gutters-row-v-md-2 gutters-row-v-2 style-1282 style-local-4880-c3 position-relative\">\n        <!---->\n        <div class=\"h-row justify-content-lg-center justify-content-md-center justify-content-center align-items-lg-stretch align-items-md-stretch align-items-stretch gutters-col-lg-2 gutters-col-md-2 gutters-col-2 gutters-col-v-lg-2 gutters-col-v-md-2 gutters-col-v-2\">\n          <!---->\n          <div class=\"h-column h-column-container d-flex h-col-lg-auto h-col-md-auto h-col-auto style-1283-outer style-local-4880-c4-outer\">\n            <div data-colibri-id=\"4880-c4\" class=\"d-flex h-flex-basis h-column__inner h-px-lg-0 h-px-md-0 h-px-2 v-inner-lg-0 v-inner-md-0 v-inner-2 style-1283 style-local-4880-c4 position-relative\">\n              <!---->\n              <!---->\n              <div class=\"w-100 h-y-container h-column__content h-column__v-align flex-basis-100 align-self-lg-center align-self-md-center align-self-center\">\n                <!---->\n                <div data-colibri-id=\"4880-c5\" class=\"h-global-transition-all h-heading style-1284 style-local-4880-c5 position-relative h-element\">\n                  <!---->\n                  <div class=\"h-heading__outer style-1284 style-local-4880-c5\">\n                    <!---->\n                    <!---->\n                    <h3 class=\"\">Schulberatung<\/h3>\n                  <\/div>\n                <\/div>\n                <div data-colibri-id=\"4880-c6\" class=\"h-text h-text-component style-1285 style-local-4880-c6 position-relative h-element\">\n                  <!---->\n                  <!---->\n                  <div class=\"\">\n                    <p>Die Schulberatung an der Herzog-Ludwig-Realschule liegt in den H\u00e4nden von Herrn <span style=\"font-weight: 600;\">Stefan K\u00f6brich<\/span>. Dabei wird Hilfe in folgenden Bereichen angeboten:<\/p>\n                    <ul>\n                      <li><span style=\"font-weight: 600;\">\u00dcbertritt an die Realschule<\/span><\/li>\n                      <li><span style=\"font-weight: 600;\">Schullaufbahnberatung<\/span><\/li>\n                      <li><span style=\"font-weight: 600;\">Wahlpflichtf\u00e4chergruppen<\/span><\/li>\n                      <li><span style=\"font-weight: 600;\">Schulprobleme<\/span><\/li>\n                      <li><span style=\"font-weight: 600;\">Leistungsprobleme<\/span><\/li>\n                      <li><span style=\"font-weight: 600;\">Lerntipps, Lernstrategien<\/span><\/li>\n                      <li><span style=\"font-weight: 600;\">Entspannungstechniken<\/span><\/li>\n                    <\/ul>\n                    <p>F\u00fcr ein Beratungsgespr\u00e4ch stehe ich in meiner Sprechstunde oder nach telefonischer Vereinbarung bzw. per Kontaktformular zur Verf\u00fcgung.<\/p>\n                  <\/div>\n                <\/div>\n                <div data-colibri-id=\"4880-c12\" class=\"h-global-transition-all h-heading style-1321 style-local-4880-c12 position-relative h-element\">\n                  <!---->\n                  <div class=\"h-heading__outer style-1321 style-local-4880-c12\">\n                    <!---->\n                    <!---->\n                    <h4 class=\"\">Kontaktformular<\/h4>\n                  <\/div>\n                <\/div>\n              <\/div>\n            <\/div>\n          <\/div>\n          <div class=\"h-column h-column-container d-flex h-col-lg-auto h-col-md-auto h-col-auto style-1290-outer style-local-4880-c7-outer\">\n            <div data-colibri-id=\"4880-c7\" class=\"d-flex h-flex-basis h-column__inner h-px-lg-0 h-px-md-2 h-px-0 v-inner-lg-0 v-inner-md-2 v-inner-0 style-1290 style-local-4880-c7 position-relative\">\n              <!---->\n              <!---->\n              <div class=\"w-100 h-y-container h-column__content h-column__v-align flex-basis-100 align-self-lg-start align-self-md-start align-self-start\">\n                <!---->\n                <div data-colibri-id=\"4880-c8\" class=\"d-block style-1291 style-local-4880-c8 position-relative h-element\">\n                  <!---->\n                  <div class=\"h-image__frame-container-outer\">\n                    <div class=\"h-image__frame-container\">\n                      <!---->\n                      <!---->\n                      <img loading=\"lazy\" decoding=\"async\" width=\"548\" height=\"305\" src=\"https:\/\/herzog-ludwig-rs.de\/web\/wp-content\/uploads\/2024\/02\/sl.png\" class=\"wp-image-2710 style-1291-image style-local-4880-c8-image\" alt=\"\" srcset=\"https:\/\/herzog-ludwig-rs.de\/web\/wp-content\/uploads\/2024\/02\/sl.png 548w, https:\/\/herzog-ludwig-rs.de\/web\/wp-content\/uploads\/2024\/02\/sl-300x167.png 300w\" sizes=\"(max-width: 548px) 100vw, 548px\" \/>\n                      <div class=\"h-image__frame h-hide-sm style-1291-frameImage style-local-4880-c8-frameImage\"><\/div>\n                    <\/div>\n                  <\/div>\n                <\/div>\n              <\/div>\n            <\/div>\n          <\/div>\n        <\/div>\n      <\/div>\n      <div data-colibri-id=\"4880-c9\" class=\"h-row-container gutters-row-lg-2 gutters-row-md-2 gutters-row-0 gutters-row-v-lg-2 gutters-row-v-md-2 gutters-row-v-2 style-1303 style-local-4880-c9 position-relative\">\n        <!---->\n        <div class=\"h-row justify-content-lg-start justify-content-md-start justify-content-start align-items-lg-stretch align-items-md-stretch align-items-stretch gutters-col-lg-2 gutters-col-md-2 gutters-col-0 gutters-col-v-lg-2 gutters-col-v-md-2 gutters-col-v-2\">\n          <!---->\n          <div class=\"h-column h-column-container d-flex h-col-lg-6 h-col-md-6 h-col-12 style-1304-outer style-local-4880-c10-outer\">\n            <div data-colibri-id=\"4880-c10\" class=\"d-flex h-flex-basis h-column__inner h-px-lg-2 h-px-md-2 h-px-2 v-inner-lg-2 v-inner-md-2 v-inner-2 style-1304 style-local-4880-c10 position-relative\">\n              <!---->\n              <!---->\n              <div class=\"w-100 h-y-container h-column__content h-column__v-align flex-basis-100 align-self-lg-start align-self-md-start align-self-start\">\n                <!---->\n                <div data-colibri-id=\"4880-c11\" class=\"h-contact-form__outer--forminator style-1307 style-local-4880-c11 position-relative h-element\">\n                  <!---->\n                  <div class=\"h-global-transition-all h-global-transition h-global-transition-all h-contact-form-shortcode\"><div class=\"forminator-ui forminator-custom-form forminator-custom-form-4907 forminator-design--default  forminator_ajax\" data-forminator-render=\"0\" data-form=\"forminator-module-4907\" data-uid=\"69e59e8b91bce\"><br\/><\/div><form\n\t\t\t\tid=\"forminator-module-4907\"\n\t\t\t\tclass=\"forminator-ui forminator-custom-form forminator-custom-form-4907 forminator-design--default  forminator_ajax\"\n\t\t\t\tmethod=\"post\"\n\t\t\t\tdata-forminator-render=\"0\"\n\t\t\t\tdata-form-id=\"4907\"\n\t\t\t\t\n\t\t\t\tdata-design=\"default\"\n\t\t\t\t\n\t\t\t\t\n\t\t\t\t\n\t\t\t\tdata-grid=\"open\"\n\t\t\t\t\n\t\t\t\t\n\t\t\t\tstyle=\"display: none;\"\n\t\t\t\t\n\t\t\t\tdata-uid=\"69e59e8b91bce\"\n\t\t\t><div role=\"alert\" aria-live=\"polite\" class=\"forminator-response-message forminator-error\" aria-hidden=\"true\"><\/div><div class=\"forminator-row\"><div id=\"name-1\" class=\"forminator-field-name forminator-col forminator-col-12 \"><div class=\"forminator-field\"><label for=\"forminator-field-name-1_69e59e8b91bce\" id=\"forminator-field-name-1_69e59e8b91bce-label\" class=\"forminator-label\">Name <span class=\"forminator-required\">*<\/span><\/label><input type=\"text\" name=\"name-1\" value=\"\" placeholder=\"Max Mustermann\" id=\"forminator-field-name-1_69e59e8b91bce\" class=\"forminator-input forminator-name--field\" aria-required=\"true\" \/><\/div><\/div><\/div><div class=\"forminator-row\"><div id=\"email-1\" class=\"forminator-field-email forminator-col forminator-col-12 \"><div class=\"forminator-field\"><label for=\"forminator-field-email-1_69e59e8b91bce\" id=\"forminator-field-email-1_69e59e8b91bce-label\" class=\"forminator-label\">Email Addresse <span class=\"forminator-required\">*<\/span><\/label><input type=\"email\" name=\"email-1\" value=\"\" placeholder=\"max@mustermann.de\" id=\"forminator-field-email-1_69e59e8b91bce\" class=\"forminator-input forminator-email--field\" data-required=\"true\" aria-required=\"true\" \/><\/div><\/div><\/div><div class=\"forminator-row\"><div id=\"phone-1\" class=\"forminator-field-phone forminator-col forminator-col-12 \"><div class=\"forminator-field\"><label for=\"forminator-field-phone-1_69e59e8b91bce\" id=\"forminator-field-phone-1_69e59e8b91bce-label\" class=\"forminator-label\">Telefon<\/label><input type=\"text\" name=\"phone-1\" value=\"\" placeholder=\"optional\" id=\"forminator-field-phone-1_69e59e8b91bce\" class=\"forminator-input forminator-field--phone\" data-required=\"\" aria-required=\"false\" autocomplete=\"off\" \/><\/div><\/div><\/div><div class=\"forminator-row\"><div id=\"textarea-1\" class=\"forminator-field-textarea forminator-col forminator-col-12 \"><div class=\"forminator-field\"><label for=\"forminator-field-textarea-1_69e59e8b91bce\" id=\"forminator-field-textarea-1_69e59e8b91bce-label\" class=\"forminator-label\">Nachricht <span class=\"forminator-required\">*<\/span><\/label><textarea name=\"textarea-1\" placeholder=\"Geben Sie Ihren Text ein ...\" id=\"forminator-field-textarea-1_69e59e8b91bce\" class=\"forminator-textarea\" rows=\"6\" style=\"min-height:140px;\" maxlength=\"250\" ><\/textarea><span id=\"forminator-field-textarea-1_69e59e8b91bce-description\" class=\"forminator-description\"><span data-limit=\"250\" data-type=\"characters\">0 \/ 250<\/span><\/span><\/div><\/div><\/div><input type=\"hidden\" name=\"referer_url\" value=\"\" \/><div class=\"forminator-row forminator-row-last\"><div class=\"forminator-col\"><div class=\"forminator-field\"><button class=\"forminator-button forminator-button-submit\">Nachricht senden<\/button><\/div><\/div><\/div><input type=\"hidden\" id=\"forminator_nonce\" name=\"forminator_nonce\" value=\"902e7b9f00\" \/><input type=\"hidden\" name=\"_wp_http_referer\" value=\"\/web\/wp-json\/wp\/v2\/pages\/4880\" \/><input type=\"hidden\" name=\"form_id\" value=\"4907\"><input type=\"hidden\" name=\"page_id\" value=\"4880\"><input type=\"hidden\" name=\"form_type\" value=\"default\"><input type=\"hidden\" name=\"current_url\" value=\"https:\/\/herzog-ludwig-rs.de\/web\/schulfamilie\/beratung\/\"><input type=\"hidden\" name=\"render_id\" value=\"0\"><input type=\"hidden\" name=\"action\" value=\"forminator_submit_form_custom-forms\"><label for=\"input_5\" class=\"forminator-hidden\" aria-hidden=\"true\">Please do not fill in this field. <input id=\"input_5\" type=\"text\" name=\"input_5\" value=\"\" autocomplete=\"off\"><\/label><\/form><\/div>\n                <\/div>\n              <\/div>\n            <\/div>\n          <\/div>\n        <\/div>\n      <\/div>\n    <\/div>\n  <\/div>\n<\/div>","protected":false},"excerpt":{"rendered":"<p>Schulberatung Die Schulberatung an der Herzog-Ludwig-Realschule liegt in den H\u00e4nden von Herrn Stefan K\u00f6brich. Dabei wird Hilfe in folgenden Bereichen angeboten: \u00dcbertritt an die Realschule Schullaufbahnberatung Wahlpflichtf\u00e4chergruppen Schulprobleme Leistungsprobleme Lerntipps, Lernstrategien Entspannungstechniken F\u00fcr ein Beratungsgespr\u00e4ch stehe ich in meiner Sprechstunde oder nach telefonischer Vereinbarung bzw. per Kontaktformular zur Verf\u00fcgung. Kontaktformular<\/p>\n","protected":false},"author":1,"featured_media":0,"parent":1628,"menu_order":0,"comment_status":"closed","ping_status":"closed","template":"page-templates\/full-width-page.php","meta":{"inline_featured_image":false,"footnotes":""},"_links":{"self":[{"href":"https:\/\/herzog-ludwig-rs.de\/web\/wp-json\/wp\/v2\/pages\/4880"}],"collection":[{"href":"https:\/\/herzog-ludwig-rs.de\/web\/wp-json\/wp\/v2\/pages"}],"about":[{"href":"https:\/\/herzog-ludwig-rs.de\/web\/wp-json\/wp\/v2\/types\/page"}],"author":[{"embeddable":true,"href":"https:\/\/herzog-ludwig-rs.de\/web\/wp-json\/wp\/v2\/users\/1"}],"replies":[{"embeddable":true,"href":"https:\/\/herzog-ludwig-rs.de\/web\/wp-json\/wp\/v2\/comments?post=4880"}],"version-history":[{"count":15,"href":"https:\/\/herzog-ludwig-rs.de\/web\/wp-json\/wp\/v2\/pages\/4880\/revisions"}],"predecessor-version":[{"id":5018,"href":"https:\/\/herzog-ludwig-rs.de\/web\/wp-json\/wp\/v2\/pages\/4880\/revisions\/5018"}],"up":[{"embeddable":true,"href":"https:\/\/herzog-ludwig-rs.de\/web\/wp-json\/wp\/v2\/pages\/1628"}],"wp:attachment":[{"href":"https:\/\/herzog-ludwig-rs.de\/web\/wp-json\/wp\/v2\/media?parent=4880"}],"curies":[{"name":"wp","href":"https:\/\/api.w.org\/{rel}","templated":true}]}}