{"id":3967,"date":"2024-07-07T11:28:57","date_gmt":"2024-07-07T09:28:57","guid":{"rendered":"https:\/\/herzog-ludwig-rs.de\/web\/?page_id=3967"},"modified":"2024-07-12T20:15:14","modified_gmt":"2024-07-12T18:15:14","slug":"wahlpflichtfaecherguppen","status":"publish","type":"page","link":"https:\/\/herzog-ludwig-rs.de\/web\/schulfamilie\/wahlpflichtfaecherguppen\/","title":{"rendered":"WAHLPFLICHTF\u00c4CHERGRUPPEN"},"content":{"rendered":"<div data-colibri-id=\"3967-c1\" class=\"style-1151 style-local-3967-c1 position-relative\">\r\n  <!---->\r\n  <div data-colibri-component=\"section\" data-colibri-id=\"3967-c2\" id=\"content\" class=\"h-section h-section-global-spacing d-flex align-items-lg-center align-items-md-center align-items-center style-1152 style-local-3967-c2 position-relative\">\r\n    <!---->\r\n    <!---->\r\n    <div class=\"h-section-grid-container h-section-boxed-container\">\r\n      <!---->\r\n      <div data-colibri-id=\"3967-c3\" class=\"h-row-container gutters-row-lg-2 gutters-row-md-2 gutters-row-2 gutters-row-v-lg-2 gutters-row-v-md-2 gutters-row-v-2 style-1153 style-local-3967-c3 position-relative\">\r\n        <!---->\r\n        <div class=\"h-row justify-content-lg-center justify-content-md-center justify-content-center align-items-lg-stretch align-items-md-stretch align-items-stretch gutters-col-lg-2 gutters-col-md-2 gutters-col-2 gutters-col-v-lg-2 gutters-col-v-md-2 gutters-col-v-2\">\r\n          <!---->\r\n          <div class=\"h-column h-column-container d-flex h-col-lg-auto h-col-md-auto h-col-auto style-1154-outer style-local-3967-c4-outer\">\r\n            <div data-colibri-id=\"3967-c4\" class=\"d-flex h-flex-basis h-column__inner h-px-lg-0 h-px-md-0 h-px-2 v-inner-lg-0 v-inner-md-0 v-inner-2 style-1154 style-local-3967-c4 position-relative\">\r\n              <!---->\r\n              <!---->\r\n              <div class=\"w-100 h-y-container h-column__content h-column__v-align flex-basis-100 align-self-lg-center align-self-md-center align-self-center\">\r\n                <!---->\r\n                <div data-colibri-id=\"3967-c5\" class=\"h-global-transition-all h-heading style-1155 style-local-3967-c5 position-relative h-element\">\r\n                  <!---->\r\n                  <div class=\"h-heading__outer style-1155 style-local-3967-c5\">\r\n                    <!---->\r\n                    <!---->\r\n                    <h3 class=\"\">Wahlpflichtf\u00e4chergruppen an der Herzog-Ludwig Realschule<\/h3>\r\n                  <\/div>\r\n                <\/div>\r\n                <div data-colibri-id=\"3967-c6\" class=\"h-text h-text-component style-1160 style-local-3967-c6 position-relative h-element\">\r\n                  <!---->\r\n                  <!---->\r\n                  <div class=\"\">\r\n                    <p><span style=\"font-weight: 400; font-size: 98%; font-family: &quot;Open Sans&quot;; color: rgb(85, 85, 85);\">Die Herzog-Ludwig Realschule Alt\u00f6tting bietet drei Ausbildungsrichtungen, die sog. Wahlpflichtf\u00e4chergruppen, an. Diese setzen ab der 7. Jahrgangsstufe verschiedene Bildungsschwerpunkte.<\/span><\/p>\r\n                  <\/div>\r\n                <\/div>\r\n                <div data-colibri-id=\"3967-c7\" class=\"h-row-container gutters-row-lg-0 gutters-row-md-0 gutters-row-2 gutters-row-v-lg-0 gutters-row-v-md-0 gutters-row-v-0 style-1157 style-local-3967-c7 position-relative\">\r\n                  <!---->\r\n                  <div class=\"h-row justify-content-lg-center justify-content-md-center justify-content-center align-items-lg-stretch align-items-md-stretch align-items-stretch gutters-col-lg-0 gutters-col-md-0 gutters-col-2 gutters-col-v-lg-0 gutters-col-v-md-0 gutters-col-v-0\">\r\n                    <!---->\r\n                    <div class=\"h-column h-column-container d-flex h-col-lg h-col-md h-col-auto style-1158-outer style-local-3967-c8-outer\">\r\n                      <div data-colibri-id=\"3967-c8\" class=\"d-flex h-flex-basis h-column__inner h-px-lg-1 h-px-md-1 h-px-1 v-inner-lg-1 v-inner-md-1 v-inner-1 style-1158 style-local-3967-c8 position-relative\">\r\n                        <!---->\r\n                        <!---->\r\n                        <div class=\"w-100 h-y-container h-column__content h-column__v-align flex-basis-100 align-self-lg-start align-self-md-start align-self-start\">\r\n                          <!---->\r\n                          <div data-colibri-id=\"3967-c9\" class=\"h-global-transition-all h-heading style-1159 style-local-3967-c9 position-relative h-element\">\r\n                            <!---->\r\n                            <div class=\"h-heading__outer style-1159 style-local-3967-c9\">\r\n                              <!---->\r\n                              <!---->\r\n                              <h4 class=\"\">Wahlpflichtf\u00e4chergruppe I<\/h4>\r\n                            <\/div>\r\n                          <\/div>\r\n                          <div data-colibri-id=\"3967-c10\" class=\"h-text h-text-component style-1160 style-local-3967-c10 position-relative h-element\">\r\n                            <!---->\r\n                            <!---->\r\n                            <div class=\"\">\r\n                              <p><span style=\"font-weight: 400; font-size: 101%; font-family: &quot;Open Sans&quot;; color: rgb(85, 85, 85);\">Sie hat ihren Schwerpunkt im&nbsp;<\/span><strong style=\"font-weight: 700; font-size: 101%; font-family: &quot;Open Sans&quot;; color: rgb(85, 85, 85);\">mathematisch-naturwissenschaftlich<\/strong>\r\n                                <span\r\n                                  style=\"font-weight: 400; font-size: 101%; font-family: &quot;Open Sans&quot;; color: rgb(85, 85, 85);\">-technischen Bereich. Die F\u00e4cher Mathematik, Physik und Chemie werden in verst\u00e4rktem Umfang unterrichtet. Hinzu kommt entweder das Fach Technisches Zeichnen (CAD) oder das Fach Informatik. Diese Wahlpflichtf\u00e4chergruppe\r\n                                  richtet sich vor allem an Sch\u00fclerinnen und Sch\u00fcler, die in einem technischen Beruf t\u00e4tig werden wollen.<\/span>\r\n                              <\/p>\r\n                            <\/div>\r\n                          <\/div>\r\n                          <div data-colibri-component=\"video\" data-colibri-id=\"3967-c17\" class=\"d-block h-video d-block h-video style-1163 style-local-3967-c17 position-relative h-element\">\r\n                            <!---->\r\n                            <!---->\r\n                            <div class=\"video-container position-relative\">\r\n                              <div class=\"h-global-transition-all ratio-inner\"><video class='h-video-main' controls  ><source src=https:\/\/herzog-ludwig-rs.de\/web\/wp-content\/uploads\/2024\/07\/Roland-Aigner-Fachschaft-Physik-__1.mp4 type='video\/mp4' \/><\/video><\/div>\r\n                            <\/div>\r\n                          <\/div>\r\n                        <\/div>\r\n                      <\/div>\r\n                    <\/div>\r\n                  <\/div>\r\n                <\/div>\r\n                <div data-colibri-id=\"3967-c11\" class=\"h-row-container gutters-row-lg-0 gutters-row-md-0 gutters-row-2 gutters-row-v-lg-0 gutters-row-v-md-0 gutters-row-v-0 style-1157 style-local-3967-c11 position-relative\">\r\n                  <!---->\r\n                  <div class=\"h-row justify-content-lg-center justify-content-md-center justify-content-center align-items-lg-stretch align-items-md-stretch align-items-stretch gutters-col-lg-0 gutters-col-md-0 gutters-col-2 gutters-col-v-lg-0 gutters-col-v-md-0 gutters-col-v-0\">\r\n                    <!---->\r\n                    <div class=\"h-column h-column-container d-flex h-col-lg h-col-md h-col-auto style-1158-outer style-local-3967-c12-outer\">\r\n                      <div data-colibri-id=\"3967-c12\" class=\"d-flex h-flex-basis h-column__inner h-px-lg-1 h-px-md-1 h-px-1 v-inner-lg-1 v-inner-md-1 v-inner-1 style-1158 style-local-3967-c12 position-relative\">\r\n                        <!---->\r\n                        <!---->\r\n                        <div class=\"w-100 h-y-container h-column__content h-column__v-align flex-basis-100 align-self-lg-start align-self-md-start align-self-start\">\r\n                          <!---->\r\n                          <div data-colibri-id=\"3967-c13\" class=\"h-global-transition-all h-heading style-1159 style-local-3967-c13 position-relative h-element\">\r\n                            <!---->\r\n                            <div class=\"h-heading__outer style-1159 style-local-3967-c13\">\r\n                              <!---->\r\n                              <!---->\r\n                              <h4 class=\"\">Wahlpflichtf\u00e4chergruppe II<\/h4>\r\n                            <\/div>\r\n                          <\/div>\r\n                          <div data-colibri-id=\"3967-c14\" class=\"h-text h-text-component style-1160 style-local-3967-c14 position-relative h-element\">\r\n                            <!---->\r\n                            <!---->\r\n                            <div class=\"\">\r\n                              <p>ISie hat ihren Schwerpunkt im wirtschaftlichen Bereich. Es werden die F\u00e4cher Betriebswirtschaftslehre-Rechnungswesen sowie Wirtschaft und Recht unterrichtet. Diese Wahlpflichtf\u00e4chergruppe richtet sich vor allem an Sch\u00fclerinnen\r\n                                und Sch\u00fcler, die in der Wirtschaft oder der Verwaltung t\u00e4tig werden wollen.<\/p>\r\n                            <\/div>\r\n                          <\/div>\r\n                          <div data-colibri-component=\"video\" data-colibri-id=\"3967-c19\" class=\"d-block h-video d-block h-video style-1165 style-local-3967-c19 position-relative h-element\">\r\n                            <!---->\r\n                            <!---->\r\n                            <div class=\"video-container position-relative\">\r\n                              <div class=\"h-global-transition-all ratio-inner\"><video class='h-video-main' controls  ><source src=https:\/\/herzog-ludwig-rs.de\/web\/wp-content\/uploads\/2024\/07\/Stephan-Oellinger-Fachschaft-BWR_1.mp4 type='video\/mp4' \/><\/video><\/div>\r\n                            <\/div>\r\n                          <\/div>\r\n                        <\/div>\r\n                      <\/div>\r\n                    <\/div>\r\n                  <\/div>\r\n                <\/div>\r\n                <div data-colibri-id=\"3967-c21\" class=\"h-row-container gutters-row-lg-0 gutters-row-md-0 gutters-row-2 gutters-row-v-lg-0 gutters-row-v-md-0 gutters-row-v-0 style-1157 style-local-3967-c21 position-relative\">\r\n                  <!---->\r\n                  <div class=\"h-row justify-content-lg-center justify-content-md-center justify-content-center align-items-lg-stretch align-items-md-stretch align-items-stretch gutters-col-lg-0 gutters-col-md-0 gutters-col-2 gutters-col-v-lg-0 gutters-col-v-md-0 gutters-col-v-0\">\r\n                    <!---->\r\n                    <div class=\"h-column h-column-container d-flex h-col-lg h-col-md h-col-auto style-1158-outer style-local-3967-c22-outer\">\r\n                      <div data-colibri-id=\"3967-c22\" class=\"d-flex h-flex-basis h-column__inner h-px-lg-1 h-px-md-1 h-px-1 v-inner-lg-1 v-inner-md-1 v-inner-1 style-1158 style-local-3967-c22 position-relative\">\r\n                        <!---->\r\n                        <!---->\r\n                        <div class=\"w-100 h-y-container h-column__content h-column__v-align flex-basis-100 align-self-lg-start align-self-md-start align-self-start\">\r\n                          <!---->\r\n                          <div data-colibri-id=\"3967-c23\" class=\"h-global-transition-all h-heading style-1159 style-local-3967-c23 position-relative h-element\">\r\n                            <!---->\r\n                            <div class=\"h-heading__outer style-1159 style-local-3967-c23\">\r\n                              <!---->\r\n                              <!---->\r\n                              <h4 class=\"\">Wahlpflichtf\u00e4chergruppe III<\/h4>\r\n                            <\/div>\r\n                          <\/div>\r\n                          <div data-colibri-id=\"3967-c24\" class=\"h-text h-text-component style-1160 style-local-3967-c24 position-relative h-element\">\r\n                            <!---->\r\n                            <!---->\r\n                            <div class=\"\">\r\n                              <p>ISie umfasst die Gruppen IIIa und IIIb. In der Wahlpflichtf\u00e4chergruppe IIIa liegt der Schwerpunkt auf der zweiten Fremdsprache Franz\u00f6sisch.<\/p>\r\n                            <\/div>\r\n                          <\/div>\r\n                          <div data-colibri-component=\"video\" data-colibri-id=\"3967-c25\" class=\"d-block h-video d-block h-video style-1165 style-local-3967-c25 position-relative h-element\">\r\n                            <!---->\r\n                            <!---->\r\n                            <div class=\"video-container position-relative\">\r\n                              <div class=\"h-global-transition-all ratio-inner\"><video class='h-video-main' controls  ><source src=https:\/\/herzog-ludwig-rs.de\/web\/wp-content\/uploads\/2024\/07\/Marion-Rauschecker-Fachschaft-Franzoesisch_1.mp4 type='video\/mp4' \/><\/video><\/div>\r\n                            <\/div>\r\n                          <\/div>\r\n                        <\/div>\r\n                      <\/div>\r\n                    <\/div>\r\n                  <\/div>\r\n                <\/div>\r\n                <div data-colibri-id=\"3967-c27\" class=\"h-row-container gutters-row-lg-0 gutters-row-md-0 gutters-row-2 gutters-row-v-lg-0 gutters-row-v-md-0 gutters-row-v-0 style-1157 style-local-3967-c27 position-relative\">\r\n                  <!---->\r\n                  <div class=\"h-row justify-content-lg-center justify-content-md-center justify-content-center align-items-lg-stretch align-items-md-stretch align-items-stretch gutters-col-lg-0 gutters-col-md-0 gutters-col-2 gutters-col-v-lg-0 gutters-col-v-md-0 gutters-col-v-0\">\r\n                    <!---->\r\n                    <div class=\"h-column h-column-container d-flex h-col-lg h-col-md h-col-auto style-1158-outer style-local-3967-c28-outer\">\r\n                      <div data-colibri-id=\"3967-c28\" class=\"d-flex h-flex-basis h-column__inner h-px-lg-1 h-px-md-1 h-px-1 v-inner-lg-1 v-inner-md-1 v-inner-1 style-1158 style-local-3967-c28 position-relative\">\r\n                        <!---->\r\n                        <!---->\r\n                        <div class=\"w-100 h-y-container h-column__content h-column__v-align flex-basis-100 align-self-lg-start align-self-md-start align-self-start\">\r\n                          <!---->\r\n                          <div data-colibri-id=\"3967-c29\" class=\"h-global-transition-all h-heading style-1159 style-local-3967-c29 position-relative h-element\">\r\n                            <!---->\r\n                            <div class=\"h-heading__outer style-1159 style-local-3967-c29\">\r\n                              <!---->\r\n                              <!---->\r\n                              <h4 class=\"\">Wahlpflichtf\u00e4chergruppe IIIb<\/h4>\r\n                            <\/div>\r\n                          <\/div>\r\n                          <div data-colibri-id=\"3967-c30\" class=\"h-text h-text-component style-1160 style-local-3967-c30 position-relative h-element\">\r\n                            <!---->\r\n                            <!---->\r\n                            <div class=\"\">\r\n                              <p>IJe nach Angebot und M\u00f6glichkeit der einzelnen Realschule liegt der Schwerpunkt in der Wahlpflichf\u00e4chergruppe IIIb im gestaltenden, im hauswirtschaftlichen oder im sozialen Bereich.<\/p>\r\n                            <\/div>\r\n                          <\/div>\r\n                          <div data-colibri-component=\"video\" data-colibri-id=\"3967-c31\" class=\"d-block h-video d-block h-video style-1165 style-local-3967-c31 position-relative h-element\">\r\n                            <!---->\r\n                            <!---->\r\n                            <div class=\"video-container position-relative\">\r\n                              <div class=\"h-global-transition-all ratio-inner\"><video class='h-video-main' controls  ><source src=https:\/\/herzog-ludwig-rs.de\/web\/wp-content\/uploads\/2024\/07\/Werken-Clip-hochaufloesend-mit-Abspann_1.mp4 type='video\/mp4' \/><\/video><\/div>\r\n                            <\/div>\r\n                          <\/div>\r\n                        <\/div>\r\n                      <\/div>\r\n                    <\/div>\r\n                  <\/div>\r\n                <\/div>\r\n              <\/div>\r\n            <\/div>\r\n          <\/div>\r\n          <div class=\"h-column h-column-container d-flex h-col-lg-auto h-col-md-auto h-col-auto style-1161-outer style-local-3967-c15-outer\">\r\n            <div data-colibri-id=\"3967-c15\" class=\"d-flex h-flex-basis h-column__inner h-px-lg-0 h-px-md-2 h-px-0 v-inner-lg-0 v-inner-md-2 v-inner-0 style-1161 style-local-3967-c15 position-relative\">\r\n              <!---->\r\n              <!---->\r\n              <div class=\"w-100 h-y-container h-column__content h-column__v-align flex-basis-100 align-self-lg-start align-self-md-start align-self-start\">\r\n                <!---->\r\n                <div data-colibri-id=\"3967-c16\" class=\"d-block style-1162 style-local-3967-c16 position-relative h-element\">\r\n                  <!---->\r\n                  <div class=\"h-image__frame-container-outer\">\r\n                    <div class=\"h-image__frame-container\">\r\n                      <!---->\r\n                      <!---->\r\n                      <img loading=\"lazy\" decoding=\"async\" width=\"876\" height=\"876\" src=\"https:\/\/herzog-ludwig-rs.de\/web\/wp-content\/uploads\/2024\/02\/cropped-6ee086af-45fe-4785-bada-3a7047e1831d.jpeg\" class=\"wp-image-3982 style-1162-image style-local-3967-c16-image\" alt=\"\" srcset=\"https:\/\/herzog-ludwig-rs.de\/web\/wp-content\/uploads\/2024\/02\/cropped-6ee086af-45fe-4785-bada-3a7047e1831d.jpeg 876w, https:\/\/herzog-ludwig-rs.de\/web\/wp-content\/uploads\/2024\/02\/cropped-6ee086af-45fe-4785-bada-3a7047e1831d-300x300.jpeg 300w, https:\/\/herzog-ludwig-rs.de\/web\/wp-content\/uploads\/2024\/02\/cropped-6ee086af-45fe-4785-bada-3a7047e1831d-150x150.jpeg 150w, https:\/\/herzog-ludwig-rs.de\/web\/wp-content\/uploads\/2024\/02\/cropped-6ee086af-45fe-4785-bada-3a7047e1831d-768x768.jpeg 768w\" sizes=\"(max-width: 876px) 100vw, 876px\" \/>\r\n                      <div class=\"h-image__frame h-hide-sm style-1162-frameImage style-local-3967-c16-frameImage\"><\/div>\r\n                    <\/div>\r\n                  <\/div>\r\n                <\/div>\r\n              <\/div>\r\n            <\/div>\r\n          <\/div>\r\n        <\/div>\r\n      <\/div>\r\n    <\/div>\r\n  <\/div>\r\n<\/div>","protected":false},"excerpt":{"rendered":"<p>Wahlpflichtf\u00e4chergruppen an der Herzog-Ludwig Realschule Die Herzog-Ludwig Realschule Alt\u00f6tting bietet drei Ausbildungsrichtungen, die sog. Wahlpflichtf\u00e4chergruppen, an. Diese setzen ab der 7. Jahrgangsstufe verschiedene Bildungsschwerpunkte. Wahlpflichtf\u00e4chergruppe I Sie hat ihren Schwerpunkt im&nbsp;mathematisch-naturwissenschaftlich -technischen Bereich. Die F\u00e4cher Mathematik, Physik und Chemie werden in verst\u00e4rktem Umfang unterrichtet. Hinzu kommt entweder das Fach Technisches Zeichnen (CAD) oder das Fach [&hellip;]<\/p>\n","protected":false},"author":1,"featured_media":0,"parent":1628,"menu_order":0,"comment_status":"closed","ping_status":"closed","template":"page-templates\/full-width-page.php","meta":{"inline_featured_image":false,"footnotes":""},"_links":{"self":[{"href":"https:\/\/herzog-ludwig-rs.de\/web\/wp-json\/wp\/v2\/pages\/3967"}],"collection":[{"href":"https:\/\/herzog-ludwig-rs.de\/web\/wp-json\/wp\/v2\/pages"}],"about":[{"href":"https:\/\/herzog-ludwig-rs.de\/web\/wp-json\/wp\/v2\/types\/page"}],"author":[{"embeddable":true,"href":"https:\/\/herzog-ludwig-rs.de\/web\/wp-json\/wp\/v2\/users\/1"}],"replies":[{"embeddable":true,"href":"https:\/\/herzog-ludwig-rs.de\/web\/wp-json\/wp\/v2\/comments?post=3967"}],"version-history":[{"count":6,"href":"https:\/\/herzog-ludwig-rs.de\/web\/wp-json\/wp\/v2\/pages\/3967\/revisions"}],"predecessor-version":[{"id":4166,"href":"https:\/\/herzog-ludwig-rs.de\/web\/wp-json\/wp\/v2\/pages\/3967\/revisions\/4166"}],"up":[{"embeddable":true,"href":"https:\/\/herzog-ludwig-rs.de\/web\/wp-json\/wp\/v2\/pages\/1628"}],"wp:attachment":[{"href":"https:\/\/herzog-ludwig-rs.de\/web\/wp-json\/wp\/v2\/media?parent=3967"}],"curies":[{"name":"wp","href":"https:\/\/api.w.org\/{rel}","templated":true}]}}