{"id":3948,"date":"2024-06-01T17:50:10","date_gmt":"2024-06-01T15:50:10","guid":{"rendered":"https:\/\/herzog-ludwig-rs.de\/web\/?page_id=3948"},"modified":"2025-09-10T13:53:12","modified_gmt":"2025-09-10T11:53:12","slug":"schulentwicklung","status":"publish","type":"page","link":"https:\/\/herzog-ludwig-rs.de\/web\/schulfamilie\/schulentwicklung\/","title":{"rendered":"SCHULENTWICKLUNG"},"content":{"rendered":"<div data-colibri-id=\"3948-c1\" class=\"style-1132 style-local-3948-c1 position-relative\">\n  <!---->\n  <div data-colibri-component=\"section\" data-colibri-id=\"3948-c2\" id=\"content\" class=\"h-section h-section-global-spacing d-flex align-items-lg-center align-items-md-center align-items-center style-1133 style-local-3948-c2 position-relative\">\n    <!---->\n    <!---->\n    <div class=\"h-section-grid-container h-section-boxed-container\">\n      <!---->\n      <div data-colibri-id=\"3948-c3\" class=\"h-row-container gutters-row-lg-2 gutters-row-md-2 gutters-row-2 gutters-row-v-lg-2 gutters-row-v-md-2 gutters-row-v-2 style-1134 style-local-3948-c3 position-relative\">\n        <!---->\n        <div class=\"h-row justify-content-lg-center justify-content-md-center justify-content-center align-items-lg-stretch align-items-md-stretch align-items-stretch gutters-col-lg-2 gutters-col-md-2 gutters-col-2 gutters-col-v-lg-2 gutters-col-v-md-2 gutters-col-v-2\">\n          <!---->\n          <div class=\"h-column h-column-container d-flex h-col-lg-auto h-col-md-auto h-col-auto style-1135-outer style-local-3948-c4-outer\">\n            <div data-colibri-id=\"3948-c4\" class=\"d-flex h-flex-basis h-column__inner h-px-lg-0 h-px-md-0 h-px-2 v-inner-lg-0 v-inner-md-0 v-inner-2 style-1135 style-local-3948-c4 position-relative\">\n              <!---->\n              <!---->\n              <div class=\"w-100 h-y-container h-column__content h-column__v-align flex-basis-100 align-self-lg-start align-self-md-start align-self-start\">\n                <!---->\n                <div data-colibri-id=\"3948-c5\" class=\"h-global-transition-all h-heading style-1136 style-local-3948-c5 position-relative h-element\">\n                  <!---->\n                  <div class=\"h-heading__outer style-1136 style-local-3948-c5\">\n                    <!---->\n                    <!---->\n                    <h3 class=\"\">Schulentwicklungsteam der Herzog-Ludwig Realschule<\/h3>\n                  <\/div>\n                <\/div>\n                <div data-colibri-id=\"3948-c6\" class=\"h-text h-text-component style-1137 style-local-3948-c6 position-relative h-element\">\n                  <!---->\n                  <!---->\n                  <div class=\"\">\n                    <p>Ziel der Gruppe ist es, schulinterne Ver\u00e4nderungsprozesse anzusto\u00dfen, vorzubreiten und zu begleiten sowie die Schulfamilie in ihrer Arbeit zu unterst\u00fctzen<\/p>\n                  <\/div>\n                <\/div>\n              <\/div>\n            <\/div>\n          <\/div>\n          <div class=\"h-column h-column-container d-flex h-col-lg-auto h-col-md-auto h-col-auto style-1142-outer style-local-3948-c11-outer\">\n            <div data-colibri-id=\"3948-c11\" class=\"d-flex h-flex-basis h-column__inner h-px-lg-0 h-px-md-2 h-px-0 v-inner-lg-0 v-inner-md-2 v-inner-0 style-1142 style-local-3948-c11 position-relative\">\n              <!---->\n              <!---->\n              <div class=\"w-100 h-y-container h-column__content h-column__v-align flex-basis-100 align-self-lg-start align-self-md-start align-self-start\">\n                <!---->\n                <div data-colibri-id=\"3948-c12\" class=\"d-block style-1143 style-local-3948-c12 position-relative h-element\">\n                  <!---->\n                  <div class=\"h-image__frame-container-outer\">\n                    <div class=\"h-image__frame-container\">\n                      <!---->\n                      <!---->\n                      <img loading=\"lazy\" decoding=\"async\" width=\"1920\" height=\"1310\" src=\"https:\/\/herzog-ludwig-rs.de\/web\/wp-content\/uploads\/2024\/12\/Schulentwicklungsteam_HLRS_2024_25-2.jpg\" class=\"wp-image-6314 style-1143-image style-local-3948-c12-image\" alt=\"\" srcset=\"https:\/\/herzog-ludwig-rs.de\/web\/wp-content\/uploads\/2024\/12\/Schulentwicklungsteam_HLRS_2024_25-2.jpg 1920w, https:\/\/herzog-ludwig-rs.de\/web\/wp-content\/uploads\/2024\/12\/Schulentwicklungsteam_HLRS_2024_25-2-300x205.jpg 300w, https:\/\/herzog-ludwig-rs.de\/web\/wp-content\/uploads\/2024\/12\/Schulentwicklungsteam_HLRS_2024_25-2-1024x699.jpg 1024w, https:\/\/herzog-ludwig-rs.de\/web\/wp-content\/uploads\/2024\/12\/Schulentwicklungsteam_HLRS_2024_25-2-768x524.jpg 768w, https:\/\/herzog-ludwig-rs.de\/web\/wp-content\/uploads\/2024\/12\/Schulentwicklungsteam_HLRS_2024_25-2-1536x1048.jpg 1536w\" sizes=\"(max-width: 1920px) 100vw, 1920px\" \/>\n                      <div class=\"h-image__frame h-hide-sm style-1143-frameImage style-local-3948-c12-frameImage\"><\/div>\n                    <\/div>\n                  <\/div>\n                <\/div>\n              <\/div>\n            <\/div>\n          <\/div>\n        <\/div>\n      <\/div>\n    <\/div>\n  <\/div>\n<\/div>","protected":false},"excerpt":{"rendered":"<p>Schulentwicklungsteam der Herzog-Ludwig Realschule Ziel der Gruppe ist es, schulinterne Ver\u00e4nderungsprozesse anzusto\u00dfen, vorzubreiten und zu begleiten sowie die Schulfamilie in ihrer Arbeit zu unterst\u00fctzen<\/p>\n","protected":false},"author":1,"featured_media":0,"parent":1628,"menu_order":0,"comment_status":"closed","ping_status":"closed","template":"page-templates\/full-width-page.php","meta":{"inline_featured_image":false,"footnotes":""},"_links":{"self":[{"href":"https:\/\/herzog-ludwig-rs.de\/web\/wp-json\/wp\/v2\/pages\/3948"}],"collection":[{"href":"https:\/\/herzog-ludwig-rs.de\/web\/wp-json\/wp\/v2\/pages"}],"about":[{"href":"https:\/\/herzog-ludwig-rs.de\/web\/wp-json\/wp\/v2\/types\/page"}],"author":[{"embeddable":true,"href":"https:\/\/herzog-ludwig-rs.de\/web\/wp-json\/wp\/v2\/users\/1"}],"replies":[{"embeddable":true,"href":"https:\/\/herzog-ludwig-rs.de\/web\/wp-json\/wp\/v2\/comments?post=3948"}],"version-history":[{"count":5,"href":"https:\/\/herzog-ludwig-rs.de\/web\/wp-json\/wp\/v2\/pages\/3948\/revisions"}],"predecessor-version":[{"id":6769,"href":"https:\/\/herzog-ludwig-rs.de\/web\/wp-json\/wp\/v2\/pages\/3948\/revisions\/6769"}],"up":[{"embeddable":true,"href":"https:\/\/herzog-ludwig-rs.de\/web\/wp-json\/wp\/v2\/pages\/1628"}],"wp:attachment":[{"href":"https:\/\/herzog-ludwig-rs.de\/web\/wp-json\/wp\/v2\/media?parent=3948"}],"curies":[{"name":"wp","href":"https:\/\/api.w.org\/{rel}","templated":true}]}}