{"id":3930,"date":"2024-06-01T17:19:31","date_gmt":"2024-06-01T15:19:31","guid":{"rendered":"https:\/\/herzog-ludwig-rs.de\/web\/?page_id=3930"},"modified":"2025-09-10T13:39:56","modified_gmt":"2025-09-10T11:39:56","slug":"schuldaten","status":"publish","type":"page","link":"https:\/\/herzog-ludwig-rs.de\/web\/schulfamilie\/schuldaten\/","title":{"rendered":"SCHULDATEN"},"content":{"rendered":"<div data-colibri-id=\"3930-c1\" class=\"style-1109 style-local-3930-c1 position-relative\">\n  <!---->\n  <div data-colibri-component=\"section\" data-colibri-id=\"3930-c2\" id=\"content\" class=\"h-section h-section-global-spacing d-flex align-items-lg-center align-items-md-center align-items-center style-1110 style-local-3930-c2 position-relative\">\n    <!---->\n    <!---->\n    <div class=\"h-section-grid-container h-section-boxed-container\">\n      <!---->\n      <div data-colibri-id=\"3930-c3\" class=\"h-row-container gutters-row-lg-2 gutters-row-md-2 gutters-row-2 gutters-row-v-lg-2 gutters-row-v-md-2 gutters-row-v-2 style-1111 style-local-3930-c3 position-relative\">\n        <!---->\n        <div class=\"h-row justify-content-lg-center justify-content-md-center justify-content-center align-items-lg-stretch align-items-md-stretch align-items-stretch gutters-col-lg-2 gutters-col-md-2 gutters-col-2 gutters-col-v-lg-2 gutters-col-v-md-2 gutters-col-v-2\">\n          <!---->\n          <div class=\"h-column h-column-container d-flex h-col-lg-auto h-col-md-auto h-col-auto style-1112-outer style-local-3930-c4-outer\">\n            <div data-colibri-id=\"3930-c4\" class=\"d-flex h-flex-basis h-column__inner h-px-lg-0 h-px-md-0 h-px-2 v-inner-lg-0 v-inner-md-0 v-inner-2 style-1112 style-local-3930-c4 position-relative\">\n              <!---->\n              <!---->\n              <div class=\"w-100 h-y-container h-column__content h-column__v-align flex-basis-100 align-self-lg-center align-self-md-center align-self-center\">\n                <!---->\n                <div data-colibri-id=\"3930-c5\" class=\"h-global-transition-all h-heading style-1113 style-local-3930-c5 position-relative h-element\">\n                  <!---->\n                  <div class=\"h-heading__outer style-1113 style-local-3930-c5\">\n                    <!---->\n                    <!---->\n                    <h3 class=\"\">Herzog-Ludwig-Realschule Staatliche Realschule Alt\u00f6tting<\/h3>\n                  <\/div>\n                <\/div>\n                <div data-colibri-id=\"3930-c6\" class=\"h-text h-text-component style-1114 style-local-3930-c6 position-relative h-element\">\n                  <!---->\n                  <!---->\n                  <div class=\"\">\n                    <p>Zum Schuljahr 2025\/2026 begr\u00fc\u00dfen wir 193 neue \u201eF\u00fcnftklassler\u201c. An der Herzog-Ludwig-Realschule werden rund 930 Sch\u00fclerinnen und Sch\u00fcler in 35 Klassen von 73 Lehrkr\u00e4ften unterrichtet. <\/p>\n                    <p>Ab der 7. Jahrgangstufe werden die Wahlfpflichtf\u00e4cher Physik, BWR, Franz\u00f6sisch und Werken angeboten. <\/p>\n                  <\/div>\n                <\/div>\n                <div data-colibri-id=\"3930-c7\" class=\"h-row-container gutters-row-lg-0 gutters-row-md-0 gutters-row-2 gutters-row-v-lg-0 gutters-row-v-md-0 gutters-row-v-0 style-1115 style-local-3930-c7 position-relative\">\n                  <!---->\n                  <div class=\"h-row justify-content-lg-center justify-content-md-center justify-content-center align-items-lg-stretch align-items-md-stretch align-items-stretch gutters-col-lg-0 gutters-col-md-0 gutters-col-2 gutters-col-v-lg-0 gutters-col-v-md-0 gutters-col-v-0\">\n                    <!---->\n                    <div class=\"h-column h-column-container d-flex h-col-lg h-col-md h-col-auto style-1116-outer style-local-3930-c8-outer\">\n                      <div data-colibri-id=\"3930-c8\" class=\"d-flex h-flex-basis h-column__inner h-px-lg-1 h-px-md-1 h-px-1 v-inner-lg-1 v-inner-md-1 v-inner-1 style-1116 style-local-3930-c8 position-relative\">\n                        <!---->\n                        <!---->\n                        <div class=\"w-100 h-y-container h-column__content h-column__v-align flex-basis-100 align-self-lg-start align-self-md-start align-self-start\">\n                          <!---->\n                          <div data-colibri-id=\"3930-c9\" class=\"h-global-transition-all h-heading style-1117 style-local-3930-c9 position-relative h-element\">\n                            <!---->\n                            <div class=\"h-heading__outer style-1117 style-local-3930-c9\">\n                              <!---->\n                              <!---->\n                              <h4 class=\"\">Anzahl der Klassen pro Jahrgangsstufe<\/h4>\n                            <\/div>\n                          <\/div>\n                          <div data-colibri-id=\"3930-c10\" class=\"h-text h-text-component style-1118 style-local-3930-c10 position-relative h-element\">\n                            <!---->\n                            <!---->\n                            <div class=\"\">\n                              <ul>\n                                <li><span style=\"font-weight: 600;\">Jahrgangsstufe 5<\/span>: Acht Klassen\n                                  <br>\n                                <\/li>\n                                <li><span style=\"font-weight: 600;\">Jahrgangsstufe 6<\/span>: F\u00fcnf Klassen<\/li>\n                                <li><span style=\"font-weight: 600;\">Jahrgangsstufe 7<\/span>: F\u00fcnf Klassen<\/li>\n                                <li><span style=\"font-weight: 600;\">Jahrgangsstufe 8<\/span>: Sieben Klassen<\/li>\n                                <li><span style=\"font-weight: 600;\">Jahrgangsstufe 9<\/span>: F\u00fcnf Klassen<\/li>\n                                <li>J<span style=\"font-weight: 600;\">ahrgangsstufe 10<\/span>: F\u00fcnf Klassen<\/li>\n                              <\/ul>\n                            <\/div>\n                          <\/div>\n                        <\/div>\n                      <\/div>\n                    <\/div>\n                  <\/div>\n                <\/div>\n                <div data-colibri-id=\"3930-c11\" class=\"h-row-container gutters-row-lg-0 gutters-row-md-0 gutters-row-2 gutters-row-v-lg-0 gutters-row-v-md-0 gutters-row-v-0 style-1115 style-local-3930-c11 position-relative\">\n                  <!---->\n                  <div class=\"h-row justify-content-lg-center justify-content-md-center justify-content-center align-items-lg-stretch align-items-md-stretch align-items-stretch gutters-col-lg-0 gutters-col-md-0 gutters-col-2 gutters-col-v-lg-0 gutters-col-v-md-0 gutters-col-v-0\">\n                    <!---->\n                    <div class=\"h-column h-column-container d-flex h-col-lg h-col-md h-col-auto style-1116-outer style-local-3930-c12-outer\">\n                      <div data-colibri-id=\"3930-c12\" class=\"d-flex h-flex-basis h-column__inner h-px-lg-1 h-px-md-1 h-px-1 v-inner-lg-1 v-inner-md-1 v-inner-1 style-1116 style-local-3930-c12 position-relative\">\n                        <!---->\n                        <!---->\n                        <div class=\"w-100 h-y-container h-column__content h-column__v-align flex-basis-100 align-self-lg-start align-self-md-start align-self-start\">\n                          <!---->\n                          <div data-colibri-id=\"3930-c13\" class=\"h-global-transition-all h-heading style-1117 style-local-3930-c13 position-relative h-element\">\n                            <!---->\n                            <div class=\"h-heading__outer style-1117 style-local-3930-c13\">\n                              <!---->\n                              <!---->\n                              <h4 class=\"\">Sch\u00fclerzahlen<\/h4>\n                            <\/div>\n                          <\/div>\n                          <div data-colibri-id=\"3930-c14\" class=\"h-text h-text-component style-1118 style-local-3930-c14 position-relative h-element\">\n                            <!---->\n                            <!---->\n                            <div class=\"\">\n                              <p>Anzahl <span style=\"font-weight: 600;\">m\u00e4nnlich<\/span>: 578\n                                <br>Anzahl <span style=\"font-weight: 600;\">weiblich<\/span>: 345\n                                <br><span style=\"font-weight: 600;\">Gesamt<\/span>: 923<\/p>\n                            <\/div>\n                          <\/div>\n                          <div data-colibri-id=\"3930-c15\" class=\"h-global-transition-all h-heading style-1129 style-local-3930-c15 position-relative h-element\">\n                            <!---->\n                            <div class=\"h-heading__outer style-1129 style-local-3930-c15\">\n                              <!---->\n                              <!---->\n                              <h4 class=\"\">Wahlpflichtf\u00e4cherangebot<\/h4>\n                            <\/div>\n                          <\/div>\n                          <div data-colibri-id=\"3930-c16\" class=\"h-text h-text-component style-1114 style-local-3930-c16 position-relative h-element\">\n                            <!---->\n                            <!---->\n                            <div class=\"\">\n                              <p>Gruppe I Gruppe II Gruppe IIIa Franz\u00f6sisch) Gruppe IIIb (Werken)<\/p>\n                            <\/div>\n                          <\/div>\n                          <div data-colibri-id=\"3930-c17\" class=\"h-global-transition-all h-heading style-1131 style-local-3930-c17 position-relative h-element\">\n                            <!---->\n                            <div class=\"h-heading__outer style-1131 style-local-3930-c17\">\n                              <!---->\n                              <!---->\n                              <h4 class=\"\">Profilbereiche<\/h4>\n                            <\/div>\n                          <\/div>\n                          <div data-colibri-id=\"3930-c18\" class=\"h-text h-text-component style-1114 style-local-3930-c18 position-relative h-element\">\n                            <!---->\n                            <!---->\n                            <div class=\"\">\n                              <ul>\n                                <li>Bilingualer Sachfachunterricht &#8211; in dem Fach Geographie in den Jahrgangsstufen 7 und 8, in dem Fach Geschichte in der Jahrgangsstufe 9<\/li>\n                                <li>KOMPASS<\/li>\n                                <li>Kooperation FOS<\/li>\n                                <li>MINT21<\/li>\n                                <li>Mintfreundliche Schule<\/li>\n                                <li>St\u00fctzpunktschule Sport<\/li>\n                                <li>Talentklasse \/-gruppe &#8211; im Fach Werken<\/li>\n                              <\/ul>\n                            <\/div>\n                          <\/div>\n                        <\/div>\n                      <\/div>\n                    <\/div>\n                  <\/div>\n                <\/div>\n              <\/div>\n            <\/div>\n          <\/div>\n          <div class=\"h-column h-column-container d-flex h-col-lg-auto h-col-md-auto h-col-auto style-1119-outer style-local-3930-c19-outer\">\n            <div data-colibri-id=\"3930-c19\" class=\"d-flex h-flex-basis h-column__inner h-px-lg-0 h-px-md-2 h-px-0 v-inner-lg-0 v-inner-md-2 v-inner-0 style-1119 style-local-3930-c19 position-relative\">\n              <!---->\n              <!---->\n              <div class=\"w-100 h-y-container h-column__content h-column__v-align flex-basis-100 align-self-lg-start align-self-md-start align-self-start\">\n                <!---->\n                <div data-colibri-id=\"3930-c20\" class=\"d-block style-1120 style-local-3930-c20 position-relative h-element\">\n                  <!---->\n                  <div class=\"h-image__frame-container-outer\">\n                    <div class=\"h-image__frame-container\">\n                      <!---->\n                      <!---->\n                      <img loading=\"lazy\" decoding=\"async\" width=\"357\" height=\"243\" src=\"https:\/\/herzog-ludwig-rs.de\/web\/wp-content\/uploads\/2024\/02\/balls.png\" class=\"wp-image-2840 style-1120-image style-local-3930-c20-image\" alt=\"\" srcset=\"https:\/\/herzog-ludwig-rs.de\/web\/wp-content\/uploads\/2024\/02\/balls.png 357w, https:\/\/herzog-ludwig-rs.de\/web\/wp-content\/uploads\/2024\/02\/balls-300x204.png 300w\" sizes=\"(max-width: 357px) 100vw, 357px\" \/>\n                      <div class=\"h-image__frame h-hide-sm style-1120-frameImage style-local-3930-c20-frameImage\"><\/div>\n                    <\/div>\n                  <\/div>\n                <\/div>\n              <\/div>\n            <\/div>\n          <\/div>\n        <\/div>\n      <\/div>\n    <\/div>\n  <\/div>\n<\/div>","protected":false},"excerpt":{"rendered":"<p>Herzog-Ludwig-Realschule Staatliche Realschule Alt\u00f6tting Zum Schuljahr 2025\/2026 begr\u00fc\u00dfen wir 193 neue \u201eF\u00fcnftklassler\u201c. An der Herzog-Ludwig-Realschule werden rund 930 Sch\u00fclerinnen und Sch\u00fcler in 35 Klassen von 73 Lehrkr\u00e4ften unterrichtet. Ab der 7. Jahrgangstufe werden die Wahlfpflichtf\u00e4cher Physik, BWR, Franz\u00f6sisch und Werken angeboten. Anzahl der Klassen pro Jahrgangsstufe Jahrgangsstufe 5: Acht Klassen Jahrgangsstufe 6: F\u00fcnf Klassen Jahrgangsstufe [&hellip;]<\/p>\n","protected":false},"author":1,"featured_media":0,"parent":1628,"menu_order":0,"comment_status":"closed","ping_status":"closed","template":"page-templates\/full-width-page.php","meta":{"inline_featured_image":false,"footnotes":""},"_links":{"self":[{"href":"https:\/\/herzog-ludwig-rs.de\/web\/wp-json\/wp\/v2\/pages\/3930"}],"collection":[{"href":"https:\/\/herzog-ludwig-rs.de\/web\/wp-json\/wp\/v2\/pages"}],"about":[{"href":"https:\/\/herzog-ludwig-rs.de\/web\/wp-json\/wp\/v2\/types\/page"}],"author":[{"embeddable":true,"href":"https:\/\/herzog-ludwig-rs.de\/web\/wp-json\/wp\/v2\/users\/1"}],"replies":[{"embeddable":true,"href":"https:\/\/herzog-ludwig-rs.de\/web\/wp-json\/wp\/v2\/comments?post=3930"}],"version-history":[{"count":7,"href":"https:\/\/herzog-ludwig-rs.de\/web\/wp-json\/wp\/v2\/pages\/3930\/revisions"}],"predecessor-version":[{"id":6731,"href":"https:\/\/herzog-ludwig-rs.de\/web\/wp-json\/wp\/v2\/pages\/3930\/revisions\/6731"}],"up":[{"embeddable":true,"href":"https:\/\/herzog-ludwig-rs.de\/web\/wp-json\/wp\/v2\/pages\/1628"}],"wp:attachment":[{"href":"https:\/\/herzog-ludwig-rs.de\/web\/wp-json\/wp\/v2\/media?parent=3930"}],"curies":[{"name":"wp","href":"https:\/\/api.w.org\/{rel}","templated":true}]}}