{"id":3848,"date":"2024-05-06T18:28:53","date_gmt":"2024-05-06T16:28:53","guid":{"rendered":"https:\/\/herzog-ludwig-rs.de\/web\/?page_id=3848"},"modified":"2025-09-10T13:55:27","modified_gmt":"2025-09-10T11:55:27","slug":"bestenfoerderung","status":"publish","type":"page","link":"https:\/\/herzog-ludwig-rs.de\/web\/schulfamilie\/bestenfoerderung\/","title":{"rendered":"BESTENF\u00d6RDERUNG"},"content":{"rendered":"<div data-colibri-id=\"3848-c1\" class=\"style-1075 style-local-3848-c1 position-relative\">\n  <!---->\n  <div data-colibri-component=\"section\" data-colibri-id=\"3848-c2\" id=\"content\" class=\"h-section h-section-global-spacing d-flex align-items-lg-center align-items-md-center align-items-center style-1076 style-local-3848-c2 position-relative\">\n    <!---->\n    <!---->\n    <div class=\"h-section-grid-container h-section-boxed-container\">\n      <!---->\n      <div data-colibri-id=\"3848-c3\" class=\"h-row-container gutters-row-lg-2 gutters-row-md-2 gutters-row-2 gutters-row-v-lg-2 gutters-row-v-md-2 gutters-row-v-2 style-1077 style-local-3848-c3 position-relative\">\n        <!---->\n        <div class=\"h-row justify-content-lg-center justify-content-md-center justify-content-center align-items-lg-stretch align-items-md-stretch align-items-stretch gutters-col-lg-2 gutters-col-md-2 gutters-col-2 gutters-col-v-lg-2 gutters-col-v-md-2 gutters-col-v-2\">\n          <!---->\n          <div class=\"h-column h-column-container d-flex h-col-lg-auto h-col-md-auto h-col-auto style-1078-outer style-local-3848-c4-outer\">\n            <div data-colibri-id=\"3848-c4\" class=\"d-flex h-flex-basis h-column__inner h-px-lg-0 h-px-md-0 h-px-2 v-inner-lg-0 v-inner-md-0 v-inner-2 style-1078 style-local-3848-c4 position-relative\">\n              <!---->\n              <!---->\n              <div class=\"w-100 h-y-container h-column__content h-column__v-align flex-basis-100 align-self-lg-center align-self-md-center align-self-center\">\n                <!---->\n                <div data-colibri-id=\"3848-c5\" class=\"h-global-transition-all h-heading style-1079 style-local-3848-c5 position-relative h-element\">\n                  <!---->\n                  <div class=\"h-heading__outer style-1079 style-local-3848-c5\">\n                    <!---->\n                    <!---->\n                    <h3 class=\"\">Talentgruppe<\/h3>\n                  <\/div>\n                <\/div>\n                <div data-colibri-id=\"3848-c6\" class=\"h-text h-text-component style-1080 style-local-3848-c6 position-relative h-element\">\n                  <!---->\n                  <!---->\n                  <div class=\"\">\n                    <p>Sehr geehrte Eltern und Erziehungsberechtigte unserer Sch\u00fclerinnen und Sch\u00fcler der 6. Jahrgangsstufe,<\/p>\n                    <p>an unserer Schule erhalten besonders begabte Sch\u00fclerinnen und Sch\u00fcler ein breites Bildungsangebot, durch das sie in besonderem Ma\u00dfe gef\u00f6rdert und gefordert werden k\u00f6nnen. So wurde der Herzog-Ludwig-Realschule unter nur wenigen Schulen\n                      in Bayern vom Kultusministerium zugestanden, im Zuge der individuellen F\u00f6rderung besonders leistungsf\u00e4higer Sch\u00fclerinnen und Sch\u00fcler im kommenden Schuljahr f\u00fcr die zuk\u00fcnftigen 7. Klassen eine \u201eTalentgruppe\u201c zu bilden.<\/p>\n                    <p>Im Folgenden erhalten Sie hierzu einen kurzen informativen \u00dcberblick:<\/p>\n                    <p><span style=\"font-weight: 600;\">Ma\u00dfnahme<\/span><\/p>\n                    <p>Sch\u00fclerinnen und Sch\u00fcler entscheiden sich in der 6. Jahrgangsstufe f\u00fcr die Teilnahme an der Talentgruppe und w\u00e4hlen von der 7. \u2013 10. Jahrgangsstufe das Fach Werken als zus\u00e4tzliches (f\u00fcnftes) Abschlusspr\u00fcfungsfach.<\/p>\n                    <p><span style=\"font-weight: 600;\">Aufnahmekriterien<\/span><\/p>\n                    <ul>\n                      <li>Gesamtnotendurchschnitt von 2,5 im Jahreszeugnis der 6. Klasse<\/li>\n                      <li>Notendurchschnitt innerhalb der F\u00e4cher Deutsch, Englisch und Mathematik besser als 3,0<\/li>\n                    <\/ul>\n                    <p>Diese Kriterien werden von der Schule individuell beurteilt, so dass auch andere Konstellationen m\u00f6glich sind.<\/p>\n                    <p><span style=\"font-weight: 600;\">Vorteile<\/span><\/p>\n                    <ul>\n                      <li>Wettbewerbsvorteil bei Bewerbungen \/ Zertifikat des Staatsministeriums \/Zeugnisbemerkung mit Hinweis auf die Teilnahme an der Bestenf\u00f6rderung<\/li>\n                      <li>Berufspraktische technische Ausrichtung \/ Kooperation mit Betrieben<\/li>\n                      <li>Vertiefte schulische Weiterbildung in motivierten, leistungsbereiten und lernwilligen Gruppen<\/li>\n                    <\/ul>\n                  <\/div>\n                <\/div>\n              <\/div>\n            <\/div>\n          <\/div>\n          <div class=\"h-column h-column-container d-flex h-col-lg-auto h-col-md-auto h-col-auto style-1083-outer style-local-3848-c7-outer\">\n            <div data-colibri-id=\"3848-c7\" class=\"d-flex h-flex-basis h-column__inner h-px-lg-0 h-px-md-2 h-px-0 v-inner-lg-0 v-inner-md-2 v-inner-0 style-1083 style-local-3848-c7 position-relative\">\n              <!---->\n              <!---->\n              <div class=\"w-100 h-y-container h-column__content h-column__v-align flex-basis-100 align-self-lg-start align-self-md-start align-self-start\">\n                <!---->\n                <div data-colibri-id=\"3848-c8\" class=\"d-block style-1084 style-local-3848-c8 position-relative h-element\">\n                  <!---->\n                  <div class=\"h-image__frame-container-outer\">\n                    <div class=\"h-image__frame-container\">\n                      <!---->\n                      <!---->\n                      <img loading=\"lazy\" decoding=\"async\" width=\"684\" height=\"509\" src=\"https:\/\/herzog-ludwig-rs.de\/web\/wp-content\/uploads\/2024\/05\/wer.png\" class=\"wp-image-3888 style-1084-image style-local-3848-c8-image\" alt=\"\" srcset=\"https:\/\/herzog-ludwig-rs.de\/web\/wp-content\/uploads\/2024\/05\/wer.png 684w, https:\/\/herzog-ludwig-rs.de\/web\/wp-content\/uploads\/2024\/05\/wer-300x223.png 300w\" sizes=\"(max-width: 684px) 100vw, 684px\" \/>\n                      <div class=\"h-image__frame h-hide-sm style-1084-frameImage style-local-3848-c8-frameImage\"><\/div>\n                    <\/div>\n                  <\/div>\n                <\/div>\n              <\/div>\n            <\/div>\n          <\/div>\n        <\/div>\n      <\/div>\n    <\/div>\n  <\/div>\n<\/div>","protected":false},"excerpt":{"rendered":"<p>Talentgruppe Sehr geehrte Eltern und Erziehungsberechtigte unserer Sch\u00fclerinnen und Sch\u00fcler der 6. Jahrgangsstufe, an unserer Schule erhalten besonders begabte Sch\u00fclerinnen und Sch\u00fcler ein breites Bildungsangebot, durch das sie in besonderem Ma\u00dfe gef\u00f6rdert und gefordert werden k\u00f6nnen. So wurde der Herzog-Ludwig-Realschule unter nur wenigen Schulen in Bayern vom Kultusministerium zugestanden, im Zuge der individuellen F\u00f6rderung besonders [&hellip;]<\/p>\n","protected":false},"author":1,"featured_media":0,"parent":1628,"menu_order":0,"comment_status":"closed","ping_status":"closed","template":"page-templates\/full-width-page.php","meta":{"inline_featured_image":false,"footnotes":""},"_links":{"self":[{"href":"https:\/\/herzog-ludwig-rs.de\/web\/wp-json\/wp\/v2\/pages\/3848"}],"collection":[{"href":"https:\/\/herzog-ludwig-rs.de\/web\/wp-json\/wp\/v2\/pages"}],"about":[{"href":"https:\/\/herzog-ludwig-rs.de\/web\/wp-json\/wp\/v2\/types\/page"}],"author":[{"embeddable":true,"href":"https:\/\/herzog-ludwig-rs.de\/web\/wp-json\/wp\/v2\/users\/1"}],"replies":[{"embeddable":true,"href":"https:\/\/herzog-ludwig-rs.de\/web\/wp-json\/wp\/v2\/comments?post=3848"}],"version-history":[{"count":8,"href":"https:\/\/herzog-ludwig-rs.de\/web\/wp-json\/wp\/v2\/pages\/3848\/revisions"}],"predecessor-version":[{"id":6776,"href":"https:\/\/herzog-ludwig-rs.de\/web\/wp-json\/wp\/v2\/pages\/3848\/revisions\/6776"}],"up":[{"embeddable":true,"href":"https:\/\/herzog-ludwig-rs.de\/web\/wp-json\/wp\/v2\/pages\/1628"}],"wp:attachment":[{"href":"https:\/\/herzog-ludwig-rs.de\/web\/wp-json\/wp\/v2\/media?parent=3848"}],"curies":[{"name":"wp","href":"https:\/\/api.w.org\/{rel}","templated":true}]}}