{"id":3815,"date":"2024-05-06T18:18:37","date_gmt":"2024-05-06T16:18:37","guid":{"rendered":"https:\/\/herzog-ludwig-rs.de\/web\/?page_id=3815"},"modified":"2025-09-10T14:00:00","modified_gmt":"2025-09-10T12:00:00","slug":"digitale-kommunikation","status":"publish","type":"page","link":"https:\/\/herzog-ludwig-rs.de\/web\/schulfamilie\/digitale-kommunikation\/","title":{"rendered":"DIGITALE KOMMUNIKATION"},"content":{"rendered":"<div data-colibri-id=\"3815-c1\" class=\"style-1059 style-local-3815-c1 position-relative\">\n  <!---->\n  <div data-colibri-component=\"section\" data-colibri-id=\"3815-c2\" id=\"content\" class=\"h-section h-section-global-spacing d-flex align-items-lg-center align-items-md-center align-items-center style-1060 style-local-3815-c2 position-relative\">\n    <!---->\n    <!---->\n    <div class=\"h-section-grid-container h-section-boxed-container\">\n      <!---->\n      <div data-colibri-id=\"3815-c3\" class=\"h-row-container gutters-row-lg-2 gutters-row-md-2 gutters-row-2 gutters-row-v-lg-2 gutters-row-v-md-2 gutters-row-v-2 style-1061 style-local-3815-c3 position-relative\">\n        <!---->\n        <div class=\"h-row justify-content-lg-center justify-content-md-center justify-content-center align-items-lg-stretch align-items-md-stretch align-items-stretch gutters-col-lg-2 gutters-col-md-2 gutters-col-2 gutters-col-v-lg-2 gutters-col-v-md-2 gutters-col-v-2\">\n          <!---->\n          <div class=\"h-column h-column-container d-flex h-col-lg-auto h-col-md-auto h-col-auto style-1062-outer style-local-3815-c4-outer\">\n            <div data-colibri-id=\"3815-c4\" class=\"d-flex h-flex-basis h-column__inner h-px-lg-0 h-px-md-0 h-px-2 v-inner-lg-0 v-inner-md-0 v-inner-2 style-1062 style-local-3815-c4 position-relative\">\n              <!---->\n              <!---->\n              <div class=\"w-100 h-y-container h-column__content h-column__v-align flex-basis-100 align-self-lg-center align-self-md-center align-self-center\">\n                <!---->\n                <div data-colibri-id=\"3815-c5\" class=\"h-global-transition-all h-heading style-1063 style-local-3815-c5 position-relative h-element\">\n                  <!---->\n                  <div class=\"h-heading__outer style-1063 style-local-3815-c5\">\n                    <!---->\n                    <!---->\n                    <h3 class=\"\">Schulmanager-Online<\/h3>\n                  <\/div>\n                <\/div>\n                <div data-colibri-id=\"3815-c6\" class=\"h-text h-text-component style-1064 style-local-3815-c6 position-relative h-element\">\n                  <!---->\n                  <!---->\n                  <div class=\"\">\n                    <p>Durch den Einsatz der <span style=\"font-weight: 600;\">Schulmanager-Online Software<\/span> erhalten Sie die M\u00f6glichkeit wichtige Informationen jederzeit abfragen zu k\u00f6nnen. Mit einer Anwendung haben Sie z.B. Stunden-, Vertretungs- und\n                      Schulaufgabenplan Ihrer Kinder im Blick. Sprechstundentermine bei Lehrkr\u00e4ften sowie Sprechzeiten im Rahmen von Elternsprechtagen k\u00f6nnen online durch die entsprechende App bzw. im Browser gebucht werden. Nachrichten von Lehrkr\u00e4ften\n                      oder Schulleitung k\u00f6nnen \u00fcber die Messenger- und Elternbrieffunktion empfangen werden. Auch die Krankmeldung von Sch\u00fclern kann online \u00fcber die Schulmanager-App (Android) oder im Browser erledigt werden.<\/p>\n                  <\/div>\n                <\/div>\n                <div data-colibri-id=\"3815-c7\" class=\"d-block style-1073 style-local-3815-c7 position-relative h-element\">\n                  <!---->\n                  <div class=\"h-image__frame-container-outer\">\n                    <div class=\"h-image__frame-container\">\n                      <!---->\n                      <!---->\n                      <img loading=\"lazy\" decoding=\"async\" width=\"322\" height=\"500\" src=\"https:\/\/herzog-ludwig-rs.de\/web\/wp-content\/uploads\/2024\/05\/schulmanager-e1599387230258.png\" class=\"wp-image-3827 style-1073-image style-local-3815-c7-image\" alt=\"\" srcset=\"https:\/\/herzog-ludwig-rs.de\/web\/wp-content\/uploads\/2024\/05\/schulmanager-e1599387230258.png 322w, https:\/\/herzog-ludwig-rs.de\/web\/wp-content\/uploads\/2024\/05\/schulmanager-e1599387230258-193x300.png 193w\" sizes=\"(max-width: 322px) 100vw, 322px\" \/>\n                      <div class=\"h-image__frame h-hide-lg h-hide-md h-hide-sm style-1073-frameImage style-local-3815-c7-frameImage\"><\/div>\n                    <\/div>\n                  <\/div>\n                <\/div>\n                <div data-colibri-id=\"3815-c8\" class=\"h-text h-text-component style-1074 style-local-3815-c8 position-relative h-element\">\n                  <!---->\n                  <!---->\n                  <div class=\"\">\n                    <p>Von der Herzog-Ludwig Realschule erhalten Sie mehrere Anschreiben mit individuellen Anmeldecodes:<\/p>\n                    <ul>\n                      <li>Ein Schreiben mit einem Code f\u00fcr ein <span style=\"font-weight: 600;\">Elternkonto<\/span>.<\/li>\n                      <li>Ein Schreiben mit einem Code f\u00fcr ein <span style=\"font-weight: 600;\">Sch\u00fclerkonto<\/span>.<\/li>\n                      <li>Bei getrennt lebenden Eltern erh\u00e4lt <span style=\"font-weight: 600;\">jedes Elternteil<\/span> mit Sorgerecht einen eigenen Anmeldecode.<\/li>\n                    <\/ul>\n                    <p>Die Anmeldecodes sind mit den Daten Ihres Kindes verkn\u00fcpft. Wenn Sie auf www.schulmanager-online.de den Anmeldecode eingeben, k\u00f6nnen Sie jeweils f\u00fcr sich und f\u00fcr Ihr Kind eigene Benutzerkonten anlegen.<\/p>\n                    <p><em style=\"font-weight: 600;\">Hinweis: Online-Krankmeldungen k\u00f6nnen nur \u00fcber ein Eltern-Konto durchgef\u00fchrt werden!<\/em><\/p>\n                    <p>Die \u00dcbertragung der Daten zwischen Server und Endger\u00e4t ist durch eine SSL-Verschl\u00fcsselung gesch\u00fctzt. Um den Anforderungen des Datenschutzes nachzukommen wurde mit Schulmanager-Online ein Vertrag zur Auftragsverarbeitung geschlossen.\n                      Die Server auf denen Schulmanager-Online gehostet wird, laufen ausschlie\u00dflich in Deutschland (ISO 27001-zertifiziert).<\/p>\n                  <\/div>\n                <\/div>\n              <\/div>\n            <\/div>\n          <\/div>\n          <div class=\"h-column h-column-container d-flex h-col-lg-auto h-col-md-auto h-col-auto style-1065-outer style-local-3815-c9-outer\">\n            <div data-colibri-id=\"3815-c9\" class=\"d-flex h-flex-basis h-column__inner h-px-lg-0 h-px-md-2 h-px-0 v-inner-lg-0 v-inner-md-2 v-inner-0 style-1065 style-local-3815-c9 position-relative\">\n              <!---->\n              <!---->\n              <div class=\"w-100 h-y-container h-column__content h-column__v-align flex-basis-100 align-self-lg-start align-self-md-start align-self-start\">\n                <!---->\n                <div data-colibri-id=\"3815-c10\" class=\"d-block style-1066 style-local-3815-c10 position-relative h-element\">\n                  <!---->\n                  <div class=\"h-image__frame-container-outer\">\n                    <div class=\"h-image__frame-container\">\n                      <!---->\n                      <!---->\n                      <img loading=\"lazy\" decoding=\"async\" width=\"1920\" height=\"1279\" src=\"https:\/\/herzog-ludwig-rs.de\/web\/wp-content\/uploads\/2023\/06\/74A0529.jpg\" class=\"wp-image-277 style-1066-image style-local-3815-c10-image\" alt=\"\" srcset=\"https:\/\/herzog-ludwig-rs.de\/web\/wp-content\/uploads\/2023\/06\/74A0529.jpg 1920w, https:\/\/herzog-ludwig-rs.de\/web\/wp-content\/uploads\/2023\/06\/74A0529-300x200.jpg 300w, https:\/\/herzog-ludwig-rs.de\/web\/wp-content\/uploads\/2023\/06\/74A0529-1024x682.jpg 1024w, https:\/\/herzog-ludwig-rs.de\/web\/wp-content\/uploads\/2023\/06\/74A0529-768x512.jpg 768w, https:\/\/herzog-ludwig-rs.de\/web\/wp-content\/uploads\/2023\/06\/74A0529-1536x1023.jpg 1536w\" sizes=\"(max-width: 1920px) 100vw, 1920px\" \/>\n                      <div class=\"h-image__frame h-hide-sm style-1066-frameImage style-local-3815-c10-frameImage\"><\/div>\n                    <\/div>\n                  <\/div>\n                <\/div>\n              <\/div>\n            <\/div>\n          <\/div>\n        <\/div>\n      <\/div>\n      <div data-colibri-id=\"3815-c11\" class=\"h-row-container gutters-row-lg-2 gutters-row-md-2 gutters-row-0 gutters-row-v-lg-2 gutters-row-v-md-2 gutters-row-v-2 style-1067 style-local-3815-c11 position-relative\">\n        <!---->\n        <div class=\"h-row justify-content-lg-center justify-content-md-center justify-content-center align-items-lg-stretch align-items-md-stretch align-items-stretch gutters-col-lg-2 gutters-col-md-2 gutters-col-0 gutters-col-v-lg-2 gutters-col-v-md-2 gutters-col-v-2\">\n          <!---->\n          <div class=\"h-column h-column-container d-flex h-col-lg-auto h-col-md-auto h-col-auto style-1068-outer style-local-3815-c12-outer\">\n            <div data-colibri-id=\"3815-c12\" class=\"d-flex h-flex-basis h-column__inner h-px-lg-2 h-px-md-2 h-px-2 v-inner-lg-2 v-inner-md-2 v-inner-2 style-1068 style-local-3815-c12 position-relative\">\n              <!---->\n              <!---->\n              <div class=\"w-100 h-y-container h-column__content h-column__v-align flex-basis-100 align-self-lg-start align-self-md-start align-self-start\">\n                <!---->\n                <div data-colibri-id=\"3815-c13\" class=\"h-x-container style-1069 style-local-3815-c13 position-relative h-element\">\n                  <!---->\n                  <div class=\"h-x-container-inner style-dynamic-3815-c13-group style-1069-spacing style-local-3815-c13-spacing\"><span class=\"h-button__outer style-1070-outer style-local-3815-c14-outer d-inline-flex h-element\"><a h-use-smooth-scroll=\"true\" href=\"https:\/\/www.schulmanager-online.de\/\"  data-colibri-id=\"3815-c14\" class=\"d-flex w-100 align-items-center h-button justify-content-lg-center justify-content-md-center justify-content-center style-1070 style-local-3815-c14 position-relative\"><!----><!----> <span>ANMELDUNG SCHULMANAGER<\/span><\/a>\n                    <\/span>\n                  <\/div>\n                <\/div>\n                <div data-colibri-id=\"3815-c15\" class=\"h-x-container style-1071 style-local-3815-c15 position-relative h-element\">\n                  <!---->\n                  <div class=\"h-x-container-inner style-dynamic-3815-c15-group style-1071-spacing style-local-3815-c15-spacing\"><span class=\"h-button__outer style-1070-outer style-local-3815-c16-outer d-inline-flex h-element\"><a h-use-smooth-scroll=\"true\" href=\"https:\/\/schulmanager.zammad.com\/help\/de-de\"  data-colibri-id=\"3815-c16\" class=\"d-flex w-100 align-items-center h-button justify-content-lg-center justify-content-md-center justify-content-center style-1070 style-local-3815-c16 position-relative\"><!----><!----> <span>SCHULMANAGER_HILFE<\/span><\/a>\n                    <\/span>\n                  <\/div>\n                <\/div>\n                <div data-colibri-id=\"3815-c17\" class=\"h-x-container style-1072 style-local-3815-c17 position-relative h-element\">\n                  <!---->\n                  <div class=\"h-x-container-inner style-dynamic-3815-c17-group style-1072-spacing style-local-3815-c17-spacing\"><span class=\"h-button__outer style-1070-outer style-local-3815-c18-outer d-inline-flex h-element\"><a h-use-smooth-scroll=\"true\" href=\"https:\/\/www.youtube.com\/watch?v=nJ1NCmL2i04\"  data-colibri-id=\"3815-c18\" class=\"d-flex w-100 align-items-center h-button justify-content-lg-center justify-content-md-center justify-content-center style-1070 style-local-3815-c18 position-relative\"><!----><!----> <span>VIDEO ONLINE-ANMELDUNG<\/span><\/a>\n                    <\/span>\n                  <\/div>\n                <\/div>\n              <\/div>\n            <\/div>\n          <\/div>\n        <\/div>\n      <\/div>\n    <\/div>\n  <\/div>\n<\/div>","protected":false},"excerpt":{"rendered":"<p>Schulmanager-Online Durch den Einsatz der Schulmanager-Online Software erhalten Sie die M\u00f6glichkeit wichtige Informationen jederzeit abfragen zu k\u00f6nnen. Mit einer Anwendung haben Sie z.B. Stunden-, Vertretungs- und Schulaufgabenplan Ihrer Kinder im Blick. Sprechstundentermine bei Lehrkr\u00e4ften sowie Sprechzeiten im Rahmen von Elternsprechtagen k\u00f6nnen online durch die entsprechende App bzw. im Browser gebucht werden. Nachrichten von Lehrkr\u00e4ften oder [&hellip;]<\/p>\n","protected":false},"author":1,"featured_media":0,"parent":1628,"menu_order":0,"comment_status":"closed","ping_status":"closed","template":"page-templates\/full-width-page.php","meta":{"inline_featured_image":false,"footnotes":""},"_links":{"self":[{"href":"https:\/\/herzog-ludwig-rs.de\/web\/wp-json\/wp\/v2\/pages\/3815"}],"collection":[{"href":"https:\/\/herzog-ludwig-rs.de\/web\/wp-json\/wp\/v2\/pages"}],"about":[{"href":"https:\/\/herzog-ludwig-rs.de\/web\/wp-json\/wp\/v2\/types\/page"}],"author":[{"embeddable":true,"href":"https:\/\/herzog-ludwig-rs.de\/web\/wp-json\/wp\/v2\/users\/1"}],"replies":[{"embeddable":true,"href":"https:\/\/herzog-ludwig-rs.de\/web\/wp-json\/wp\/v2\/comments?post=3815"}],"version-history":[{"count":7,"href":"https:\/\/herzog-ludwig-rs.de\/web\/wp-json\/wp\/v2\/pages\/3815\/revisions"}],"predecessor-version":[{"id":6783,"href":"https:\/\/herzog-ludwig-rs.de\/web\/wp-json\/wp\/v2\/pages\/3815\/revisions\/6783"}],"up":[{"embeddable":true,"href":"https:\/\/herzog-ludwig-rs.de\/web\/wp-json\/wp\/v2\/pages\/1628"}],"wp:attachment":[{"href":"https:\/\/herzog-ludwig-rs.de\/web\/wp-json\/wp\/v2\/media?parent=3815"}],"curies":[{"name":"wp","href":"https:\/\/api.w.org\/{rel}","templated":true}]}}