{"id":3708,"date":"2024-05-04T19:53:17","date_gmt":"2024-05-04T17:53:17","guid":{"rendered":"https:\/\/herzog-ludwig-rs.de\/web\/?page_id=3708"},"modified":"2025-09-10T14:05:45","modified_gmt":"2025-09-10T12:05:45","slug":"elternbeirat","status":"publish","type":"page","link":"https:\/\/herzog-ludwig-rs.de\/web\/schulfamilie\/elternbeirat\/","title":{"rendered":"ELTERNBEIRAT"},"content":{"rendered":"<div data-colibri-id=\"3708-c1\" class=\"style-1025 style-local-3708-c1 position-relative\">\n  <!---->\n  <div data-colibri-component=\"section\" data-colibri-id=\"3708-c2\" id=\"content\" class=\"h-section h-section-global-spacing d-flex align-items-lg-center align-items-md-center align-items-center style-1026 style-local-3708-c2 position-relative\">\n    <!---->\n    <!---->\n    <div class=\"h-section-grid-container h-section-boxed-container\">\n      <!---->\n      <div data-colibri-id=\"3708-c3\" class=\"h-row-container gutters-row-lg-2 gutters-row-md-2 gutters-row-2 gutters-row-v-lg-2 gutters-row-v-md-2 gutters-row-v-2 style-1027 style-local-3708-c3 position-relative\">\n        <!---->\n        <div class=\"h-row justify-content-lg-center justify-content-md-center justify-content-center align-items-lg-stretch align-items-md-stretch align-items-stretch gutters-col-lg-2 gutters-col-md-2 gutters-col-2 gutters-col-v-lg-2 gutters-col-v-md-2 gutters-col-v-2\">\n          <!---->\n          <div class=\"h-column h-column-container d-flex h-col-lg-auto h-col-md-auto h-col-auto style-1028-outer style-local-3708-c4-outer\">\n            <div data-colibri-id=\"3708-c4\" class=\"d-flex h-flex-basis h-column__inner h-px-lg-0 h-px-md-0 h-px-2 v-inner-lg-0 v-inner-md-0 v-inner-2 style-1028 style-local-3708-c4 position-relative\">\n              <!---->\n              <!---->\n              <div class=\"w-100 h-y-container h-column__content h-column__v-align flex-basis-100 align-self-lg-center align-self-md-center align-self-center\">\n                <!---->\n                <div data-colibri-id=\"3708-c5\" class=\"h-global-transition-all h-heading style-1029 style-local-3708-c5 position-relative h-element\">\n                  <!---->\n                  <div class=\"h-heading__outer style-1029 style-local-3708-c5\">\n                    <!---->\n                    <!---->\n                    <h3 class=\"\">Elternvertretung an der Herzog-Ludwig Realschule<\/h3>\n                  <\/div>\n                <\/div>\n                <div data-colibri-id=\"3708-c6\" class=\"h-text h-text-component style-1030 style-local-3708-c6 position-relative h-element\">\n                  <!---->\n                  <!---->\n                  <div class=\"\">\n                    <p>Nach Art.65 BayEUG geh\u00f6rt zu den Aufgaben des Elternbeirats u.a.:<\/p>\n                    <ul>\n                      <li>das Vertrauensverh\u00e4ltnis zwischen den Eltern und den Lehrkr\u00e4ften, die gemeinsam f\u00fcr die Bildung und Erziehung der Sch\u00fcler verantwortlich sind, zu vertiefen,<\/li>\n                      <li>W\u00fcnsche, Anregungen und Vorschl\u00e4ge der Eltern zu beraten,<\/li>\n                      <li>bei der Entscheidung \u00fcber einen unterrichtsfreien Tag das Einvernehmen herbeizuf\u00fchren,<\/li>\n                      <li>bei der Bestimmung eines Namens f\u00fcr die Schule mitzuwirken.<\/li>\n                    <\/ul>\n                    <p>Der Elternbeirat der Herzog-Ludwig-Realschule Alt\u00f6tting setzt sich zusammen aus:<\/p>\n                    <ul>\n                      <li><span style=\"font-weight: 600;\">Wienzl Johanna&nbsp;<\/span><strong style=\"font-weight: 600;\">(1. Vorsitzende):<\/strong><strong>&nbsp;<\/strong>\n                        <a href=\"mailto:wienzls@gmx.de\" style=\"color: rgb(0, 102, 204); font-size: 1em; font-weight: 400; font-family: &quot;Open Sans&quot;;\">wienzls@gmx.de<\/a>&nbsp;T: 08671 886575 bzw. 0176 56706641<\/li>\n                      <li><span style=\"font-weight: 600;\">S\u00fc\u00dfenguth Anita&nbsp;<\/span><strong style=\"font-weight: 600;\">(2. Vorsitzende):<\/strong><strong>&nbsp;<\/strong>\n                        <a href=\"mailto:as@rechtsanwaelte-neuoetting.de\" style=\"font-family: &quot;Open Sans&quot;; font-weight: 400; font-size: 1em; color: rgb(0, 102, 204);\">as@rechtsanwaelte-neuoetting.de<\/a>\n                      <\/li>\n                      <li><span style=\"font-weight: 600;\">Kaiser Susanne<\/span>&nbsp;<span style=\"font-weight: 600;\">(Schriftf\u00fchrerin)<\/span>&nbsp;\n                        <a href=\"mailto:kaiser-tuessling@t-online.de\" style=\"color: rgb(0, 102, 204); font-size: 1em; font-weight: 400; font-family: &quot;Open Sans&quot;;\">kaiser-tuessling@t-online.de<\/a>&nbsp;T: 08633 507877 bzw. 0172 8589231<\/li>\n                      <li><strong style=\"font-weight: 600;\">Schlagmann Sabine (F\u00f6rderverein, Schulforum):<\/strong>\n                        <a href=\"mailto:s.schlagmann@web.de\">\n                          <br>s.schlagmann@web.de<\/a>&nbsp;01573 9287809<\/li>\n                      <li><span style=\"font-weight: 600;\">Maierhofer Marika (Schulforum)<\/span>&nbsp;\n                        <a href=\"mailto:marika.maierhofer@gmail.com\" style=\"font-family: &quot;Open Sans&quot;; font-weight: 400; font-size: 1em; color: rgb(0, 102, 204);\">marika.maierhofer@gmail.com<\/a>&nbsp;T: 08671 927646<\/li>\n                      <li><strong style=\"font-weight: 600;\">Empl Robert<\/strong><strong>:<\/strong>\n                        <a href=\"mailto:info@empl-dach.de\">info@empl-dach.de<\/a>&nbsp;0170 3439819<\/li>\n                      <li><strong style=\"font-weight: 600;\">Fleidl Bernadette:<\/strong>\n                        <a href=\"mailto:bernadette.fleidl@web.de\">bernadette.fleidl@web.de<\/a>&nbsp;0170 3584929<\/li>\n                      <li><strong style=\"font-weight: 600;\">Girschitzka Daniela:<\/strong>\n                        <a href=\"mailto:daniela.schmelz@gmx.de\">daniela.schmelz@gmx.de<\/a>&nbsp;0163 8276788<\/li>\n                      <li><span style=\"font-weight: 600;\">Sink Alexander<\/span> (Kassier) Peter-D\u00f6rfler-Str. 13 84579 Unterneukirchen T: 0151 \/ 50968587<\/li>\n                      <li><span style=\"font-weight: 600;\">Schwarzmaier Robert<\/span>&nbsp;<\/li>\n                    <\/ul>\n                  <\/div>\n                <\/div>\n              <\/div>\n            <\/div>\n          <\/div>\n          <div class=\"h-column h-column-container d-flex h-col-lg-auto h-col-md-auto h-col-auto style-1035-outer style-local-3708-c7-outer\">\n            <div data-colibri-id=\"3708-c7\" class=\"d-flex h-flex-basis h-column__inner h-px-lg-0 h-px-md-2 h-px-0 v-inner-lg-0 v-inner-md-2 v-inner-0 style-1035 style-local-3708-c7 position-relative\">\n              <!---->\n              <!---->\n              <div class=\"w-100 h-y-container h-column__content h-column__v-align flex-basis-100 align-self-lg-start align-self-md-start align-self-start\">\n                <!---->\n                <div data-colibri-id=\"3708-c8\" class=\"d-block style-1036 style-local-3708-c8 position-relative h-element\">\n                  <!---->\n                  <div class=\"h-image__frame-container-outer\">\n                    <div class=\"h-image__frame-container\">\n                      <!---->\n                      <!---->\n                      <img loading=\"lazy\" decoding=\"async\" width=\"932\" height=\"707\" src=\"https:\/\/herzog-ludwig-rs.de\/web\/wp-content\/uploads\/2024\/02\/schnitt.png\" class=\"wp-image-2841 style-1036-image style-local-3708-c8-image\" alt=\"\" srcset=\"https:\/\/herzog-ludwig-rs.de\/web\/wp-content\/uploads\/2024\/02\/schnitt.png 932w, https:\/\/herzog-ludwig-rs.de\/web\/wp-content\/uploads\/2024\/02\/schnitt-300x228.png 300w, https:\/\/herzog-ludwig-rs.de\/web\/wp-content\/uploads\/2024\/02\/schnitt-768x583.png 768w\" sizes=\"(max-width: 932px) 100vw, 932px\" \/>\n                      <div class=\"h-image__frame h-hide-sm style-1036-frameImage style-local-3708-c8-frameImage\"><\/div>\n                    <\/div>\n                  <\/div>\n                <\/div>\n              <\/div>\n            <\/div>\n          <\/div>\n        <\/div>\n      <\/div>\n      <div data-colibri-id=\"3708-c9\" class=\"h-row-container gutters-row-lg-2 gutters-row-md-2 gutters-row-0 gutters-row-v-lg-2 gutters-row-v-md-2 gutters-row-v-2 style-1037 style-local-3708-c9 position-relative\">\n        <!---->\n        <div class=\"h-row justify-content-lg-center justify-content-md-center justify-content-center align-items-lg-stretch align-items-md-stretch align-items-stretch gutters-col-lg-2 gutters-col-md-2 gutters-col-0 gutters-col-v-lg-2 gutters-col-v-md-2 gutters-col-v-2\">\n          <!---->\n          <div class=\"h-column h-column-container d-flex h-col-lg-auto h-col-md-auto h-col-auto style-1038-outer style-local-3708-c10-outer\">\n            <div data-colibri-id=\"3708-c10\" class=\"d-flex h-flex-basis h-column__inner h-px-lg-2 h-px-md-2 h-px-2 v-inner-lg-2 v-inner-md-2 v-inner-2 style-1038 style-local-3708-c10 position-relative\">\n              <!---->\n              <!---->\n              <div class=\"w-100 h-y-container h-column__content h-column__v-align flex-basis-100 align-self-lg-start align-self-md-start align-self-start\">\n                <!---->\n                <div data-colibri-id=\"3708-c11\" class=\"h-x-container style-1039 style-local-3708-c11 position-relative h-element\">\n                  <!---->\n                  <div class=\"h-x-container-inner style-dynamic-3708-c11-group style-1039-spacing style-local-3708-c11-spacing\"><span class=\"h-button__outer style-771-outer style-local-3708-c12-outer d-inline-flex h-element\"><a h-use-smooth-scroll=\"true\" href=\"\"  data-colibri-id=\"3708-c12\" class=\"d-flex w-100 align-items-center h-button justify-content-lg-center justify-content-md-center justify-content-center style-771 style-local-3708-c12 position-relative\"><!----><!----> <span>LEITBILD<\/span><\/a>\n                    <\/span>\n                  <\/div>\n                <\/div>\n              <\/div>\n            <\/div>\n          <\/div>\n        <\/div>\n      <\/div>\n    <\/div>\n  <\/div>\n<\/div>","protected":false},"excerpt":{"rendered":"<p>Elternvertretung an der Herzog-Ludwig Realschule Nach Art.65 BayEUG geh\u00f6rt zu den Aufgaben des Elternbeirats u.a.: das Vertrauensverh\u00e4ltnis zwischen den Eltern und den Lehrkr\u00e4ften, die gemeinsam f\u00fcr die Bildung und Erziehung der Sch\u00fcler verantwortlich sind, zu vertiefen, W\u00fcnsche, Anregungen und Vorschl\u00e4ge der Eltern zu beraten, bei der Entscheidung \u00fcber einen unterrichtsfreien Tag das Einvernehmen herbeizuf\u00fchren, bei [&hellip;]<\/p>\n","protected":false},"author":1,"featured_media":0,"parent":1628,"menu_order":0,"comment_status":"closed","ping_status":"closed","template":"page-templates\/full-width-page.php","meta":{"inline_featured_image":false,"footnotes":""},"_links":{"self":[{"href":"https:\/\/herzog-ludwig-rs.de\/web\/wp-json\/wp\/v2\/pages\/3708"}],"collection":[{"href":"https:\/\/herzog-ludwig-rs.de\/web\/wp-json\/wp\/v2\/pages"}],"about":[{"href":"https:\/\/herzog-ludwig-rs.de\/web\/wp-json\/wp\/v2\/types\/page"}],"author":[{"embeddable":true,"href":"https:\/\/herzog-ludwig-rs.de\/web\/wp-json\/wp\/v2\/users\/1"}],"replies":[{"embeddable":true,"href":"https:\/\/herzog-ludwig-rs.de\/web\/wp-json\/wp\/v2\/comments?post=3708"}],"version-history":[{"count":12,"href":"https:\/\/herzog-ludwig-rs.de\/web\/wp-json\/wp\/v2\/pages\/3708\/revisions"}],"predecessor-version":[{"id":6811,"href":"https:\/\/herzog-ludwig-rs.de\/web\/wp-json\/wp\/v2\/pages\/3708\/revisions\/6811"}],"up":[{"embeddable":true,"href":"https:\/\/herzog-ludwig-rs.de\/web\/wp-json\/wp\/v2\/pages\/1628"}],"wp:attachment":[{"href":"https:\/\/herzog-ludwig-rs.de\/web\/wp-json\/wp\/v2\/media?parent=3708"}],"curies":[{"name":"wp","href":"https:\/\/api.w.org\/{rel}","templated":true}]}}