{"id":1501,"date":"2024-01-22T18:29:34","date_gmt":"2024-01-22T17:29:34","guid":{"rendered":"https:\/\/herzog-ludwig-rs.de\/web\/?page_id=1501"},"modified":"2025-09-10T14:29:05","modified_gmt":"2025-09-10T12:29:05","slug":"impressum","status":"publish","type":"page","link":"https:\/\/herzog-ludwig-rs.de\/web\/impressum\/","title":{"rendered":"IMPRESSUM"},"content":{"rendered":"<div data-colibri-id=\"1501-c1\" class=\"style-599 style-local-1501-c1 position-relative\">\n  <!---->\n  <div data-colibri-component=\"section\" data-colibri-id=\"1501-c2\" id=\"content\" class=\"h-section h-section-global-spacing d-flex align-items-lg-center align-items-md-center align-items-center style-760 style-local-1501-c2 position-relative\">\n    <!---->\n    <!---->\n    <div class=\"h-section-grid-container h-section-boxed-container\">\n      <!---->\n      <div data-colibri-id=\"1501-c3\" class=\"h-row-container gutters-row-lg-2 gutters-row-md-2 gutters-row-2 gutters-row-v-lg-2 gutters-row-v-md-2 gutters-row-v-2 style-761 style-local-1501-c3 position-relative\">\n        <!---->\n        <div class=\"h-row justify-content-lg-center justify-content-md-center justify-content-center align-items-lg-stretch align-items-md-stretch align-items-stretch gutters-col-lg-2 gutters-col-md-2 gutters-col-2 gutters-col-v-lg-2 gutters-col-v-md-2 gutters-col-v-2\">\n          <!---->\n          <div class=\"h-column h-column-container d-flex h-col-lg-auto h-col-md-auto h-col-auto style-762-outer style-local-1501-c4-outer\">\n            <div data-colibri-id=\"1501-c4\" class=\"d-flex h-flex-basis h-column__inner h-px-lg-0 h-px-md-0 h-px-2 v-inner-lg-0 v-inner-md-0 v-inner-2 style-762 style-local-1501-c4 position-relative\">\n              <!---->\n              <!---->\n              <div class=\"w-100 h-y-container h-column__content h-column__v-align flex-basis-100 align-self-lg-center align-self-md-center align-self-center\">\n                <!---->\n                <div data-colibri-id=\"1501-c5\" class=\"h-global-transition-all h-heading style-763 style-local-1501-c5 position-relative h-element\">\n                  <!---->\n                  <div class=\"h-heading__outer style-763 style-local-1501-c5\">\n                    <!---->\n                    <!---->\n                    <h3 class=\"\">Herzog-Ludwig-Realschule Staatliche Realschule Alt\u00f6tting<\/h3>\n                  <\/div>\n                <\/div>\n                <div data-colibri-id=\"1501-c6\" class=\"h-row-container gutters-row-lg-0 gutters-row-md-0 gutters-row-2 gutters-row-v-lg-0 gutters-row-v-md-0 gutters-row-v-0 style-764 style-local-1501-c6 position-relative\">\n                  <!---->\n                  <div class=\"h-row justify-content-lg-center justify-content-md-center justify-content-center align-items-lg-stretch align-items-md-stretch align-items-stretch gutters-col-lg-0 gutters-col-md-0 gutters-col-2 gutters-col-v-lg-0 gutters-col-v-md-0 gutters-col-v-0\">\n                    <!---->\n                    <div class=\"h-column h-column-container d-flex h-col-lg h-col-md h-col-auto style-767-outer style-local-1501-c7-outer\">\n                      <div data-colibri-id=\"1501-c7\" class=\"d-flex h-flex-basis h-column__inner h-px-lg-1 h-px-md-1 h-px-1 v-inner-lg-1 v-inner-md-1 v-inner-1 style-767 style-local-1501-c7 position-relative\">\n                        <!---->\n                        <!---->\n                        <div class=\"w-100 h-y-container h-column__content h-column__v-align flex-basis-100 align-self-lg-start align-self-md-start align-self-start\">\n                          <!---->\n                          <div data-colibri-id=\"1501-c8\" class=\"h-global-transition-all h-heading style-768 style-local-1501-c8 position-relative h-element\">\n                            <!---->\n                            <div class=\"h-heading__outer style-768 style-local-1501-c8\">\n                              <!---->\n                              <!---->\n                              <h4 class=\"\">Schulleitung<\/h4>\n                            <\/div>\n                          <\/div>\n                          <div data-colibri-id=\"1501-c9\" class=\"h-text h-text-component style-769 style-local-1501-c9 position-relative h-element\">\n                            <!---->\n                            <!---->\n                            <div class=\"\">\n                              <p>RSD Martin Burger, Schulleiter, RSKin Barbara Losleben, ZwRSKin Susanne Stalitza<\/p>\n                            <\/div>\n                          <\/div>\n                        <\/div>\n                      <\/div>\n                    <\/div>\n                  <\/div>\n                <\/div>\n                <div data-colibri-id=\"1501-c10\" class=\"h-row-container gutters-row-lg-0 gutters-row-md-0 gutters-row-2 gutters-row-v-lg-0 gutters-row-v-md-0 gutters-row-v-0 style-764 style-local-1501-c10 position-relative\">\n                  <!---->\n                  <div class=\"h-row justify-content-lg-center justify-content-md-center justify-content-center align-items-lg-stretch align-items-md-stretch align-items-stretch gutters-col-lg-0 gutters-col-md-0 gutters-col-2 gutters-col-v-lg-0 gutters-col-v-md-0 gutters-col-v-0\">\n                    <!---->\n                    <div class=\"h-column h-column-container d-flex h-col-lg h-col-md h-col-auto style-767-outer style-local-1501-c11-outer\">\n                      <div data-colibri-id=\"1501-c11\" class=\"d-flex h-flex-basis h-column__inner h-px-lg-1 h-px-md-1 h-px-1 v-inner-lg-1 v-inner-md-1 v-inner-1 style-767 style-local-1501-c11 position-relative\">\n                        <!---->\n                        <!---->\n                        <div class=\"w-100 h-y-container h-column__content h-column__v-align flex-basis-100 align-self-lg-start align-self-md-start align-self-start\">\n                          <!---->\n                          <div data-colibri-id=\"1501-c12\" class=\"h-global-transition-all h-heading style-768 style-local-1501-c12 position-relative h-element\">\n                            <!---->\n                            <div class=\"h-heading__outer style-768 style-local-1501-c12\">\n                              <!---->\n                              <!---->\n                              <h4 class=\"\">Erweiterte Schulleitung<\/h4>\n                            <\/div>\n                          <\/div>\n                          <div data-colibri-id=\"1501-c13\" class=\"h-text h-text-component style-769 style-local-1501-c13 position-relative h-element\">\n                            <!---->\n                            <!---->\n                            <div class=\"\">\n                              <p>BerR Alois Aigner, BerR Martin Tuschl, BerRin Veronika Zellner<\/p>\n                            <\/div>\n                          <\/div>\n                        <\/div>\n                      <\/div>\n                    <\/div>\n                  <\/div>\n                <\/div>\n                <div data-colibri-id=\"1501-c14\" class=\"h-row-container gutters-row-lg-0 gutters-row-md-0 gutters-row-0 gutters-row-v-lg-0 gutters-row-v-md-0 gutters-row-v-0 style-787 style-local-1501-c14 position-relative\">\n                  <!---->\n                  <div class=\"h-row justify-content-lg-start justify-content-md-start justify-content-start align-items-lg-stretch align-items-md-stretch align-items-stretch gutters-col-lg-0 gutters-col-md-0 gutters-col-0 gutters-col-v-lg-0 gutters-col-v-md-0 gutters-col-v-0\">\n                    <!---->\n                    <div class=\"h-column h-column-container d-flex h-col-lg h-col-md h-col-auto style-767-outer style-local-1501-c15-outer\">\n                      <div data-colibri-id=\"1501-c15\" class=\"d-flex h-flex-basis h-column__inner h-px-lg-1 h-px-md-1 h-px-1 v-inner-lg-1 v-inner-md-1 v-inner-1 style-767 style-local-1501-c15 position-relative\">\n                        <!---->\n                        <!---->\n                        <div class=\"w-100 h-y-container h-column__content h-column__v-align flex-basis-100 align-self-lg-start align-self-md-start align-self-start\">\n                          <!---->\n                          <div data-colibri-id=\"1501-c16\" class=\"h-global-transition-all h-heading style-793 style-local-1501-c16 position-relative h-element\">\n                            <!---->\n                            <div class=\"h-heading__outer style-793 style-local-1501-c16\">\n                              <!---->\n                              <!---->\n                              <h4 class=\"\">Schulanschrift<\/h4>\n                            <\/div>\n                          <\/div>\n                          <div data-colibri-id=\"1501-c17\" class=\"h-text h-text-component style-790 style-local-1501-c17 position-relative h-element\">\n                            <!---->\n                            <!---->\n                            <div class=\"\">\n                              <p><span style=\"color: rgb(85, 85, 85); font-family: &quot;Open Sans&quot;; font-size: 101%; font-weight: 400;\">Justus-von-Liebig Str. 10 84503 Alt\u00f6tting<\/span><\/p>\n                            <\/div>\n                          <\/div>\n                        <\/div>\n                      <\/div>\n                    <\/div>\n                  <\/div>\n                <\/div>\n                <div data-colibri-id=\"1501-c18\" class=\"h-row-container gutters-row-lg-0 gutters-row-md-0 gutters-row-0 gutters-row-v-lg-0 gutters-row-v-md-0 gutters-row-v-0 style-794 style-local-1501-c18 position-relative\">\n                  <!---->\n                  <div class=\"h-row justify-content-lg-start justify-content-md-start justify-content-start align-items-lg-stretch align-items-md-stretch align-items-stretch gutters-col-lg-0 gutters-col-md-0 gutters-col-0 gutters-col-v-lg-0 gutters-col-v-md-0 gutters-col-v-0\">\n                    <!---->\n                    <div class=\"h-column h-column-container d-flex h-col-lg h-col-md h-col-auto style-796-outer style-local-1501-c19-outer\">\n                      <div data-colibri-id=\"1501-c19\" class=\"d-flex h-flex-basis h-column__inner h-px-lg-1 h-px-md-1 h-px-1 v-inner-lg-1 v-inner-md-1 v-inner-1 style-796 style-local-1501-c19 position-relative\">\n                        <!---->\n                        <!---->\n                        <div class=\"w-100 h-y-container h-column__content h-column__v-align flex-basis-100 align-self-lg-start align-self-md-start align-self-start\">\n                          <!---->\n                          <div data-colibri-id=\"1501-c20\" class=\"h-global-transition-all h-heading style-797 style-local-1501-c20 position-relative h-element\">\n                            <!---->\n                            <div class=\"h-heading__outer style-797 style-local-1501-c20\">\n                              <!---->\n                              <!---->\n                              <h4 class=\"\">Kontakt<\/h4>\n                            <\/div>\n                          <\/div>\n                          <div data-colibri-id=\"1501-c21\" class=\"h-text h-text-component style-798 style-local-1501-c21 position-relative h-element\">\n                            <!---->\n                            <!---->\n                            <div class=\"\">\n                              <p>Telefon +49 8671 9639-0 &#8211; Fax +49 8671 9639-96\n                                <br>E-Mail sekretariat@stars-altoetting.de<\/p>\n                            <\/div>\n                          <\/div>\n                        <\/div>\n                      <\/div>\n                    <\/div>\n                  <\/div>\n                <\/div>\n                <div data-colibri-id=\"1501-c22\" class=\"h-row-container gutters-row-lg-0 gutters-row-md-0 gutters-row-0 gutters-row-v-lg-0 gutters-row-v-md-0 gutters-row-v-0 style-799 style-local-1501-c22 position-relative\">\n                  <!---->\n                  <div class=\"h-row justify-content-lg-start justify-content-md-start justify-content-start align-items-lg-stretch align-items-md-stretch align-items-stretch gutters-col-lg-0 gutters-col-md-0 gutters-col-0 gutters-col-v-lg-0 gutters-col-v-md-0 gutters-col-v-0\">\n                    <!---->\n                    <div class=\"h-column h-column-container d-flex h-col-lg h-col-md h-col-auto style-796-outer style-local-1501-c23-outer\">\n                      <div data-colibri-id=\"1501-c23\" class=\"d-flex h-flex-basis h-column__inner h-px-lg-1 h-px-md-1 h-px-1 v-inner-lg-1 v-inner-md-1 v-inner-1 style-796 style-local-1501-c23 position-relative\">\n                        <!---->\n                        <!---->\n                        <div class=\"w-100 h-y-container h-column__content h-column__v-align flex-basis-100 align-self-lg-start align-self-md-start align-self-start\">\n                          <!---->\n                          <div data-colibri-id=\"1501-c24\" class=\"h-global-transition-all h-heading style-802 style-local-1501-c24 position-relative h-element\">\n                            <!---->\n                            <div class=\"h-heading__outer style-802 style-local-1501-c24\">\n                              <!---->\n                              <!---->\n                              <h4 class=\"\">Schultr\u00e4ger<\/h4>\n                            <\/div>\n                          <\/div>\n                          <div data-colibri-id=\"1501-c25\" class=\"h-text h-text-component style-798 style-local-1501-c25 position-relative h-element\">\n                            <!---->\n                            <!---->\n                            <div class=\"\">\n                              <p><span style=\"font-family: &quot;Open Sans&quot;; font-weight: 400; font-size: 101%; color: rgb(85, 85, 85);\">Diensteanbieter im Sinne des Telemediengesetzes (TMG)<\/span><span style=\"font-family: &quot;Open Sans&quot;;\"><br><br><\/span>\n                                <span\n                                  style=\"font-family: &quot;Open Sans&quot;; font-weight: 400; font-size: 101%; color: rgb(85, 85, 85);\">Landkreis Alt\u00f6tting<\/span><span style=\"font-family: &quot;Open Sans&quot;; font-weight: 400; font-size: 14px; color: rgb(85, 85, 85);\">, <\/span><span style=\"font-family: &quot;Open Sans&quot;; font-weight: 400; font-size: 101%; color: rgb(85, 85, 85);\">vertreten durch Herrn Landrat Erwin Schneider<\/span>\n                                  <span\n                                    style=\"font-family: &quot;Open Sans&quot;;\">\n                                    <br>\n                                    <\/span><span style=\"font-family: &quot;Open Sans&quot;; font-weight: 400; font-size: 101%; color: rgb(85, 85, 85);\">Landratsamt Alt\u00f6tting<\/span><span style=\"font-family: &quot;Open Sans&quot;;\"><br><\/span><span style=\"font-family: &quot;Open Sans&quot;; font-weight: 400; font-size: 101%; color: rgb(85, 85, 85);\">Bahnhofstr. 38&nbsp;84503 Alt\u00f6tting&nbsp;Telefon 0 86 71 \/ 502 &#8211; 0&nbsp;Telefax: 0 8671 \/ 502 &#8211; 250&nbsp;E-Mail: kanzlei@lra-aoe.de Internet: www.lra-aoe.de<\/span><\/p>\n                            <\/div>\n                          <\/div>\n                        <\/div>\n                      <\/div>\n                    <\/div>\n                  <\/div>\n                <\/div>\n                <div data-colibri-id=\"1501-c26\" class=\"h-x-container style-770 style-local-1501-c26 position-relative h-element\">\n                  <!---->\n                  <div class=\"h-x-container-inner style-dynamic-1501-c26-group style-770-spacing style-local-1501-c26-spacing\"><span class=\"h-button__outer style-771-outer style-local-1501-c27-outer d-inline-flex h-element\"><a h-use-smooth-scroll=\"true\" href=\"https:\/\/herzog-ludwig-rs.de\/web\/wp-content\/uploads\/2025\/09\/datenschutz.pdf\"  data-colibri-id=\"1501-c27\" class=\"d-flex w-100 align-items-center h-button justify-content-lg-center justify-content-md-center justify-content-center style-771 style-local-1501-c27 position-relative\"><!----><!----> <span>DATENSCHUTZHINWEISE<\/span><\/a>\n                    <\/span>\n                  <\/div>\n                <\/div>\n              <\/div>\n            <\/div>\n          <\/div>\n          <div class=\"h-column h-column-container d-flex h-col-lg-auto h-col-md-auto h-col-auto style-772-outer style-local-1501-c28-outer\">\n            <div data-colibri-id=\"1501-c28\" class=\"d-flex h-flex-basis h-column__inner h-px-lg-0 h-px-md-2 h-px-0 v-inner-lg-0 v-inner-md-2 v-inner-0 style-772 style-local-1501-c28 position-relative\">\n              <!---->\n              <!---->\n              <div class=\"w-100 h-y-container h-column__content h-column__v-align flex-basis-100 align-self-lg-center align-self-md-center align-self-center\">\n                <!---->\n                <div data-colibri-id=\"1501-c29\" class=\"d-block style-773 style-local-1501-c29 position-relative h-element\">\n                  <!---->\n                  <div class=\"h-image__frame-container-outer\">\n                    <div class=\"h-image__frame-container\">\n                      <!---->\n                      <!---->\n                      <img loading=\"lazy\" decoding=\"async\" width=\"1908\" height=\"1912\" src=\"https:\/\/herzog-ludwig-rs.de\/web\/wp-content\/uploads\/2024\/01\/cropped-20230511_092917-scaled-1.jpg\" class=\"wp-image-2237 style-773-image style-local-1501-c29-image\" alt=\"\" srcset=\"https:\/\/herzog-ludwig-rs.de\/web\/wp-content\/uploads\/2024\/01\/cropped-20230511_092917-scaled-1.jpg 1908w, https:\/\/herzog-ludwig-rs.de\/web\/wp-content\/uploads\/2024\/01\/cropped-20230511_092917-scaled-1-300x300.jpg 300w, https:\/\/herzog-ludwig-rs.de\/web\/wp-content\/uploads\/2024\/01\/cropped-20230511_092917-scaled-1-1022x1024.jpg 1022w, https:\/\/herzog-ludwig-rs.de\/web\/wp-content\/uploads\/2024\/01\/cropped-20230511_092917-scaled-1-150x150.jpg 150w, https:\/\/herzog-ludwig-rs.de\/web\/wp-content\/uploads\/2024\/01\/cropped-20230511_092917-scaled-1-768x770.jpg 768w, https:\/\/herzog-ludwig-rs.de\/web\/wp-content\/uploads\/2024\/01\/cropped-20230511_092917-scaled-1-1533x1536.jpg 1533w\" sizes=\"(max-width: 1908px) 100vw, 1908px\" \/>\n                      <div class=\"h-image__frame h-hide-sm style-773-frameImage style-local-1501-c29-frameImage\"><\/div>\n                    <\/div>\n                  <\/div>\n                <\/div>\n              <\/div>\n            <\/div>\n          <\/div>\n        <\/div>\n      <\/div>\n    <\/div>\n  <\/div>\n<\/div>","protected":false},"excerpt":{"rendered":"<p>Herzog-Ludwig-Realschule Staatliche Realschule Alt\u00f6tting Schulleitung RSD Martin Burger, Schulleiter, RSKin Barbara Losleben, ZwRSKin Susanne Stalitza Erweiterte Schulleitung BerR Alois Aigner, BerR Martin Tuschl, BerRin Veronika Zellner Schulanschrift Justus-von-Liebig Str. 10 84503 Alt\u00f6tting Kontakt Telefon +49 8671 9639-0 &#8211; Fax +49 8671 9639-96 E-Mail sekretariat@stars-altoetting.de Schultr\u00e4ger Diensteanbieter im Sinne des Telemediengesetzes (TMG) Landkreis Alt\u00f6tting, vertreten durch [&hellip;]<\/p>\n","protected":false},"author":1,"featured_media":0,"parent":0,"menu_order":0,"comment_status":"closed","ping_status":"closed","template":"page-templates\/full-width-page.php","meta":{"inline_featured_image":false,"footnotes":""},"_links":{"self":[{"href":"https:\/\/herzog-ludwig-rs.de\/web\/wp-json\/wp\/v2\/pages\/1501"}],"collection":[{"href":"https:\/\/herzog-ludwig-rs.de\/web\/wp-json\/wp\/v2\/pages"}],"about":[{"href":"https:\/\/herzog-ludwig-rs.de\/web\/wp-json\/wp\/v2\/types\/page"}],"author":[{"embeddable":true,"href":"https:\/\/herzog-ludwig-rs.de\/web\/wp-json\/wp\/v2\/users\/1"}],"replies":[{"embeddable":true,"href":"https:\/\/herzog-ludwig-rs.de\/web\/wp-json\/wp\/v2\/comments?post=1501"}],"version-history":[{"count":20,"href":"https:\/\/herzog-ludwig-rs.de\/web\/wp-json\/wp\/v2\/pages\/1501\/revisions"}],"predecessor-version":[{"id":6826,"href":"https:\/\/herzog-ludwig-rs.de\/web\/wp-json\/wp\/v2\/pages\/1501\/revisions\/6826"}],"wp:attachment":[{"href":"https:\/\/herzog-ludwig-rs.de\/web\/wp-json\/wp\/v2\/media?parent=1501"}],"curies":[{"name":"wp","href":"https:\/\/api.w.org\/{rel}","templated":true}]}}